{"id":388,"date":"2023-12-15T15:03:46","date_gmt":"2023-12-15T15:03:46","guid":{"rendered":"https:\/\/b2beeswax.com\/?page_id=388"},"modified":"2024-06-10T08:32:49","modified_gmt":"2024-06-10T08:32:49","slug":"industry","status":"publish","type":"page","link":"https:\/\/voksgrossisten.com\/da\/industry\/","title":{"rendered":"Industri"},"content":{"rendered":"<h3 class=\"wp-block-heading\">Bivoks til industriel brug<\/h3><figure class=\"wp-block-image size-full has-custom-border\"><img loading=\"lazy\" decoding=\"async\" width=\"862\" height=\"340\" src=\"https:\/\/b2beeswax.com\/wp-content\/uploads\/2024\/01\/lack-1-cut-1.jpg\" alt=\"\" class=\"wp-image-495\" style=\"border-radius:6px\" srcset=\"https:\/\/voksgrossisten.com\/wp-content\/uploads\/2024\/01\/lack-1-cut-1.jpg 862w, https:\/\/voksgrossisten.com\/wp-content\/uploads\/2024\/01\/lack-1-cut-1-300x118.jpg 300w, https:\/\/voksgrossisten.com\/wp-content\/uploads\/2024\/01\/lack-1-cut-1-768x303.jpg 768w\" sizes=\"auto, (max-width: 862px) 100vw, 862px\" \/><\/figure><p>Bivoks finder flere v\u00e6rdifulde anvendelser i industrielle omgivelser p\u00e5 grund af dets unikke egenskaber. Nogle almindelige anvendelser af bivoks i industrielle applikationer omfatter:<\/p><ol class=\"wp-block-list\"><li><b>Sm\u00f8remidler og fedtstoffer<\/b><br>Bivoks bruges i formuleringen af \u200b\u200bsm\u00f8remidler og fedtstoffer p\u00e5 grund af dets naturlige glatte og lave friktionsegenskaber. Det hj\u00e6lper med at reducere slitage p\u00e5 maskinkomponenter og giver et langtidsholdbart, beskyttende lag.<\/li>\n\n<li><strong>Polerings- og efterbehandlingsmidler<\/strong> <br>Den naturlige glans og glatte tekstur af bivoks g\u00f8r det til en fremragende ingrediens i polering og efterbehandling af materialer til forskellige materialer, herunder tr\u00e6, metal og l\u00e6der.<\/li>\n\n<li><strong>Fugemasser og vandt\u00e6tning<\/strong><br>Bienenwachs hat wasserabweisende Eigenschaften und ist daher ein wertvoller Bestandteil von Dichtungs- und Impr\u00e4gniermitteln. Es bildet eine Schutzbarriere auf Oberfl\u00e4chen, verhindert das Eindringen von Feuchtigkeit und erh\u00f6ht die Haltbarkeit.<\/li>\n\n<li><strong>Vokslys og bel\u00e6gninger<\/strong><br>Bivoks er almindeligt anvendt i produktionen af \u200b\u200bh\u00f8jkvalitets stearinlys, der tilbyder et rent og langsomt br\u00e6ndende alternativ. I industrielle applikationer kan bivoksbel\u00e6gninger ogs\u00e5 p\u00e5f\u00f8res overflader for at beskytte mod korrosion og milj\u00f8m\u00e6ssige elementer.<\/li>\n\n<li><strong>Elektronik og elektriske komponenter<\/strong><br>Bivoks tjener som et isolerende materiale i nogle elektriske applikationer. Det kan bruges til at bel\u00e6gge ledninger og komponenter for at beskytte dem mod fugt og milj\u00f8skader.<\/li>\n\n<li><strong>St\u00f8bning<\/strong><br>Bivoks bruges i industrielle st\u00f8beprocesser. Det kan bruges til at skabe indviklede forme til metalst\u00f8bning p\u00e5 grund af dets evne til at fange fine detaljer og modst\u00e5 h\u00f8je temperaturer.<\/li>\n\n<li><strong>Tekstilindustrien<\/strong><br>Bivoks kan p\u00e5f\u00f8res tekstiler til vandt\u00e6tning eller for at forbedre stoffets styrke. Dette er is\u00e6r nyttigt i industrielle applikationer, hvor tekstiler skal modst\u00e5 barske forhold.<\/li>\n\n<li><strong>Tr\u00e6bearbejdning<\/strong><br>Bivoks bruges i tr\u00e6bearbejdning til at skabe naturlige finish til tr\u00e6overflader. Det forbedrer tr\u00e6ets udseende og giver samtidig beskyttelse mod fugt og slid.<\/li><\/ol><p>Bivoksens alsidighed og naturlige kvaliteter g\u00f8r det til en efterspurgt ingrediens i forskellige industrielle processer, der tilbyder b\u00e6redygtige og milj\u00f8venlige alternativer til flere anvendelsesomr\u00e5der. Du kan finde industriel bivoks, hvis du f\u00f8lger dette <a href=\"https:\/\/voksgrossisten.com\/da\/produkt-kategorie\/ral-grade\/\">link<\/a> to our webshop.<\/p>","protected":false},"excerpt":{"rendered":"<p>Beeswax for industrial uses Beeswax finds several valuable applications in industrial settings due to its unique properties. Some common uses of beeswax in industrial applications include: The versatility and natural qualities of beeswax make it a sought-after ingredient in various industrial processes, offering sustainable and eco-friendly alternatives in several applications. You can find industrial beeswax [&hellip;]<\/p>","protected":false},"author":1,"featured_media":0,"parent":0,"menu_order":0,"comment_status":"closed","ping_status":"closed","template":"","meta":{"_themeisle_gutenberg_block_has_review":false,"_ti_tpc_template_sync":false,"_ti_tpc_template_id":"","footnotes":""},"class_list":["post-388","page","type-page","status-publish","hentry"],"_links":{"self":[{"href":"https:\/\/voksgrossisten.com\/da\/wp-json\/wp\/v2\/pages\/388","targetHints":{"allow":["GET"]}}],"collection":[{"href":"https:\/\/voksgrossisten.com\/da\/wp-json\/wp\/v2\/pages"}],"about":[{"href":"https:\/\/voksgrossisten.com\/da\/wp-json\/wp\/v2\/types\/page"}],"author":[{"embeddable":true,"href":"https:\/\/voksgrossisten.com\/da\/wp-json\/wp\/v2\/users\/1"}],"replies":[{"embeddable":true,"href":"https:\/\/voksgrossisten.com\/da\/wp-json\/wp\/v2\/comments?post=388"}],"version-history":[{"count":10,"href":"https:\/\/voksgrossisten.com\/da\/wp-json\/wp\/v2\/pages\/388\/revisions"}],"predecessor-version":[{"id":939,"href":"https:\/\/voksgrossisten.com\/da\/wp-json\/wp\/v2\/pages\/388\/revisions\/939"}],"wp:attachment":[{"href":"https:\/\/voksgrossisten.com\/da\/wp-json\/wp\/v2\/media?parent=388"}],"curies":[{"name":"wp","href":"https:\/\/api.w.org\/{rel}","templated":true}]}}