{"id":50,"date":"2023-11-16T14:20:22","date_gmt":"2023-11-16T14:20:22","guid":{"rendered":"http:\/\/voksgrossisten.com\/?page_id=50"},"modified":"2024-10-29T21:54:19","modified_gmt":"2024-10-29T21:54:19","slug":"products","status":"publish","type":"page","link":"https:\/\/voksgrossisten.com\/da\/products\/","title":{"rendered":"Anvendelser"},"content":{"rendered":"<div class=\"wp-block-columns alignwide is-layout-flex wp-container-core-columns-is-layout-28f84493 wp-block-columns-is-layout-flex\"><div class=\"wp-block-column is-layout-flow wp-block-column-is-layout-flow\" style=\"flex-basis:100%\"><h3 id=\"wp-block-themeisle-blocks-advanced-heading-92e08627\" class=\"wp-block-themeisle-blocks-advanced-heading wp-block-themeisle-blocks-advanced-heading-92e08627\">Anvendelser af bivoks<\/h3><\/div><\/div><figure class=\"wp-block-gallery alignwide has-nested-images columns-default is-cropped wp-block-gallery-1 is-layout-flex wp-block-gallery-is-layout-flex\"><figure class=\"wp-block-image size-full\"><img loading=\"lazy\" decoding=\"async\" width=\"1000\" height=\"692\" data-id=\"146\" src=\"http:\/\/voksgrossisten.com\/wp-content\/uploads\/2023\/11\/wax-polish-original.jpg\" alt=\"\" class=\"wp-image-146\" srcset=\"https:\/\/voksgrossisten.com\/wp-content\/uploads\/2023\/11\/wax-polish-original.jpg 1000w, https:\/\/voksgrossisten.com\/wp-content\/uploads\/2023\/11\/wax-polish-original-300x208.jpg 300w, https:\/\/voksgrossisten.com\/wp-content\/uploads\/2023\/11\/wax-polish-original-768x531.jpg 768w\" sizes=\"auto, (max-width: 1000px) 100vw, 1000px\" \/><\/figure>\n\n<figure class=\"wp-block-image size-full\"><img loading=\"lazy\" decoding=\"async\" width=\"1000\" height=\"668\" data-id=\"399\" src=\"http:\/\/voksgrossisten.com\/wp-content\/uploads\/2023\/12\/shutterstock_1566683218-1000x.jpg\" alt=\"\" class=\"wp-image-399\" srcset=\"https:\/\/voksgrossisten.com\/wp-content\/uploads\/2023\/12\/shutterstock_1566683218-1000x.jpg 1000w, https:\/\/voksgrossisten.com\/wp-content\/uploads\/2023\/12\/shutterstock_1566683218-1000x-300x200.jpg 300w, https:\/\/voksgrossisten.com\/wp-content\/uploads\/2023\/12\/shutterstock_1566683218-1000x-768x513.jpg 768w\" sizes=\"auto, (max-width: 1000px) 100vw, 1000px\" \/><\/figure>\n\n<figure class=\"wp-block-image size-full\"><img loading=\"lazy\" decoding=\"async\" width=\"1000\" height=\"667\" data-id=\"400\" src=\"http:\/\/voksgrossisten.com\/wp-content\/uploads\/2023\/12\/shutterstock_21250117221-1000x.jpg\" alt=\"\" class=\"wp-image-400\" srcset=\"https:\/\/voksgrossisten.com\/wp-content\/uploads\/2023\/12\/shutterstock_21250117221-1000x.jpg 1000w, https:\/\/voksgrossisten.com\/wp-content\/uploads\/2023\/12\/shutterstock_21250117221-1000x-300x200.jpg 300w, https:\/\/voksgrossisten.com\/wp-content\/uploads\/2023\/12\/shutterstock_21250117221-1000x-768x512.jpg 768w\" sizes=\"auto, (max-width: 1000px) 100vw, 1000px\" \/><\/figure><\/figure><div class=\"wp-block-columns alignwide is-layout-flex wp-container-core-columns-is-layout-28f84493 wp-block-columns-is-layout-flex\"><div class=\"wp-block-column is-layout-flow wp-block-column-is-layout-flow\" style=\"flex-basis:100%\"><p id=\"mntl-sc-block_1-0-11\">Bivoks er et sekret produceret af unge honningbier (<em>Apis mellifera<\/em>) og grundlaget for enhver bifamilie. N\u00e5r det er nyproduceret, er bivoks lysegul i farven, men med tiden bliver det m\u00f8rkere til en gyldengul. P\u00e5 grund af kontakt med propolis og yngel kan den ogs\u00e5 blive brun med tiden, hvorfor naturlig bivoks kommer i mange former og farver fra biavleren. Selvom det hovedsageligt best\u00e5r af estere af fedtsyrer, er dets sammens\u00e6tning ret kompleks med mere end 200 andre mindre komponenter, der er blevet identificeret og tilf\u00f8jet egenskaberne ved dette vidunderlige produkt. Takket v\u00e6re denne unikke naturlige blanding af komponenter, har bivoks mange anvendelsesmuligheder inden for forskellige omr\u00e5der og industrier:<\/p><\/div><\/div><div id=\"wp-block-themeisle-blocks-accordion-ce2f4e2b\" class=\"wp-block-themeisle-blocks-accordion exclusive\"><details class=\"wp-block-themeisle-blocks-accordion-item\"><summary class=\"wp-block-themeisle-blocks-accordion-item__title\"><div><a href=\"https:\/\/b2beeswax.com\/candles\/\" data-type=\"page\" data-id=\"63\">Vokslys<\/a><\/div><\/summary><div class=\"wp-block-themeisle-blocks-accordion-item__content\"><figure class=\"wp-block-image size-full\"><a href=\"https:\/\/b2beeswax.com\/candles\/\"><img loading=\"lazy\" decoding=\"async\" width=\"862\" height=\"340\" src=\"http:\/\/voksgrossisten.com\/wp-content\/uploads\/2023\/12\/kerzen1-cut.jpg\" alt=\"\" class=\"wp-image-378\" srcset=\"https:\/\/voksgrossisten.com\/wp-content\/uploads\/2023\/12\/kerzen1-cut.jpg 862w, https:\/\/voksgrossisten.com\/wp-content\/uploads\/2023\/12\/kerzen1-cut-300x118.jpg 300w, https:\/\/voksgrossisten.com\/wp-content\/uploads\/2023\/12\/kerzen1-cut-768x303.jpg 768w\" sizes=\"auto, (max-width: 862px) 100vw, 862px\" \/><\/a><\/figure>\n\n<p>Bivokslys er blevet produceret i tusinder af \u00e5r og tilbyder mange fordele i forhold til kunstige alternativer s\u00e5som paraffin eller stearin. Vores bivoks overholder normen RAL-GZ 041 og giver smukke lang- og velbr\u00e6ndende stearinlys med en s\u00f8d naturlig duft.  <\/p><\/div><\/details>\n\n<details class=\"wp-block-themeisle-blocks-accordion-item\"><summary class=\"wp-block-themeisle-blocks-accordion-item__title\"><div><a href=\"https:\/\/b2beeswax.com\/industry\/\" data-type=\"page\" data-id=\"388\">Industriel brug<\/a><\/div><\/summary><div class=\"wp-block-themeisle-blocks-accordion-item__content\"><figure class=\"wp-block-image size-full\"><a href=\"https:\/\/b2beeswax.com\/industry\/\"><img loading=\"lazy\" decoding=\"async\" width=\"862\" height=\"340\" src=\"https:\/\/b2beeswax.com\/wp-content\/uploads\/2024\/01\/lack-1-cut.jpg\" alt=\"\" class=\"wp-image-427\" srcset=\"https:\/\/voksgrossisten.com\/wp-content\/uploads\/2024\/01\/lack-1-cut.jpg 862w, https:\/\/voksgrossisten.com\/wp-content\/uploads\/2024\/01\/lack-1-cut-300x118.jpg 300w, https:\/\/voksgrossisten.com\/wp-content\/uploads\/2024\/01\/lack-1-cut-768x303.jpg 768w\" sizes=\"auto, (max-width: 862px) 100vw, 862px\" \/><\/a><\/figure>\n\n<p>P\u00e5 grund af bivoksens unikke egenskaber er der utallige anvendelsesmuligheder i industriel sammenh\u00e6ng, lige fra tr\u00e6- og skosv\u00e6rte til reng\u00f8rings- eller sm\u00f8remidler samt i mange typer af lakker. De vigtigste faktorer til industriel brug er god filtrering for at fjerne urenheder inden blanding med andre ingredienser og renheden som r\u00e5materiale, hvorfor vi leverer laboratorieanalyser for hver batch af bivoks, som vi s\u00e6lger. <\/p><\/div><\/details>\n\n<details class=\"wp-block-themeisle-blocks-accordion-item\"><summary class=\"wp-block-themeisle-blocks-accordion-item__title\"><div><a href=\"https:\/\/b2beeswax.com\/food\/\" data-type=\"page\" data-id=\"390\">F\u00f8devareproduktion<\/a><\/div><\/summary><div class=\"wp-block-themeisle-blocks-accordion-item__content\"><figure class=\"wp-block-image size-full\"><a href=\"https:\/\/b2beeswax.com\/food\/\"><img loading=\"lazy\" decoding=\"async\" width=\"862\" height=\"340\" src=\"https:\/\/b2beeswax.com\/wp-content\/uploads\/2024\/01\/fruit-cut-1.jpg\" alt=\"\" class=\"wp-image-430\" srcset=\"https:\/\/voksgrossisten.com\/wp-content\/uploads\/2024\/01\/fruit-cut-1.jpg 862w, https:\/\/voksgrossisten.com\/wp-content\/uploads\/2024\/01\/fruit-cut-1-300x118.jpg 300w, https:\/\/voksgrossisten.com\/wp-content\/uploads\/2024\/01\/fruit-cut-1-768x303.jpg 768w\" sizes=\"auto, (max-width: 862px) 100vw, 862px\" \/><\/a><\/figure>\n\n<p>Bivoks er spiseligt, og selvom det ikke giver reel n\u00e6ringsv\u00e6rdi, g\u00f8r dets egenskaber og antibakterielle karakter det til en perfekt bel\u00e6gning til mange typer frugter og gr\u00f8ntsager, hvilket forbedrer det overordnede udseende, friskhed og lang levetid. Det bruges ogs\u00e5 af anerkendte kokke verden over i madlavning som glasur til k\u00f8d eller slik. Vores bivoks er godkendt til konsum og overholder EU-standarden E901, hvilket garanterer sikker brug som f\u00f8devaretils\u00e6tningsstof.<\/p><\/div><\/details>\n\n<details class=\"wp-block-themeisle-blocks-accordion-item\"><summary class=\"wp-block-themeisle-blocks-accordion-item__title\"><div><a href=\"https:\/\/b2beeswax.com\/cosmetics\/\" data-type=\"page\" data-id=\"73\">Kosmetik<\/a><\/div><\/summary><div class=\"wp-block-themeisle-blocks-accordion-item__content\"><figure class=\"wp-block-image size-full\"><a href=\"https:\/\/b2beeswax.com\/cosmetics\/\"><img loading=\"lazy\" decoding=\"async\" width=\"862\" height=\"340\" src=\"https:\/\/b2beeswax.com\/wp-content\/uploads\/2024\/01\/lip-balm-cut-1.png\" alt=\"\" class=\"wp-image-480\" srcset=\"https:\/\/voksgrossisten.com\/wp-content\/uploads\/2024\/01\/lip-balm-cut-1.png 862w, https:\/\/voksgrossisten.com\/wp-content\/uploads\/2024\/01\/lip-balm-cut-1-300x118.png 300w, https:\/\/voksgrossisten.com\/wp-content\/uploads\/2024\/01\/lip-balm-cut-1-768x303.png 768w\" sizes=\"auto, (max-width: 862px) 100vw, 862px\" \/><\/a><\/figure>\n\n<p>Som en naturlig ingrediens bruges bivoks i mange kosmetiske produkter som blush, \u00f8jenskygge, lipgloss, l\u00e6bepomade og fugtighedscreme. Vi tilbyder h\u00f8jkvalitets bivokspastiller som en kosmetisk ingrediens b\u00e5de i naturlig gul (cera flava) og bleget i hvid farve (cera alba) b\u00e5de som almindelig og premium kvalitet med kontrol af pesticidrester for at undg\u00e5 migration til kosmetiske produkter. <\/p><\/div><\/details>\n\n<details class=\"wp-block-themeisle-blocks-accordion-item\"><summary class=\"wp-block-themeisle-blocks-accordion-item__title\"><div><a href=\"https:\/\/b2beeswax.com\/pharma\/\" data-type=\"page\" data-id=\"75\">Pharma<\/a><\/div><\/summary><div class=\"wp-block-themeisle-blocks-accordion-item__content\"><figure class=\"wp-block-image size-full\"><a href=\"https:\/\/b2beeswax.com\/pharma\/\"><img loading=\"lazy\" decoding=\"async\" width=\"862\" height=\"340\" src=\"https:\/\/b2beeswax.com\/wp-content\/uploads\/2024\/01\/pharma-cut-1.jpg\" alt=\"\" class=\"wp-image-448\" srcset=\"https:\/\/voksgrossisten.com\/wp-content\/uploads\/2024\/01\/pharma-cut-1.jpg 862w, https:\/\/voksgrossisten.com\/wp-content\/uploads\/2024\/01\/pharma-cut-1-300x118.jpg 300w, https:\/\/voksgrossisten.com\/wp-content\/uploads\/2024\/01\/pharma-cut-1-768x303.jpg 768w\" sizes=\"auto, (max-width: 862px) 100vw, 862px\" \/><\/a><\/figure>\n\n<p>Dets gavnlige antibakterielle og antioxidante egenskaber g\u00f8r bivoks til en v\u00e6rdifuld ingrediens i forskellige farmaceutiske produkter. Vi tilbyder Ph. Eur. kvalitet bivoks, der giver fremragende emulsioner og bruges i hj\u00e6lpestofbasen til farmaceutiske cremer og salver og som en komponent i medicinske formuleringer s\u00e5som hydrogeler, dressinger og pastaer. <\/p><\/div><\/details>\n\n<details class=\"wp-block-themeisle-blocks-accordion-item\"><summary class=\"wp-block-themeisle-blocks-accordion-item__title\"><div><a href=\"https:\/\/b2beeswax.com\/beekeeping\/\" data-type=\"page\" data-id=\"386\">Biavl<\/a><\/div><\/summary><div class=\"wp-block-themeisle-blocks-accordion-item__content\"><figure class=\"wp-block-image size-full\"><a href=\"https:\/\/b2beeswax.com\/beekeeping\/\"><img loading=\"lazy\" decoding=\"async\" width=\"862\" height=\"340\" src=\"https:\/\/b2beeswax.com\/wp-content\/uploads\/2024\/01\/foundation-cut-1.png\" alt=\"\" class=\"wp-image-477\" srcset=\"https:\/\/voksgrossisten.com\/wp-content\/uploads\/2024\/01\/foundation-cut-1.png 862w, https:\/\/voksgrossisten.com\/wp-content\/uploads\/2024\/01\/foundation-cut-1-300x118.png 300w, https:\/\/voksgrossisten.com\/wp-content\/uploads\/2024\/01\/foundation-cut-1-768x303.png 768w\" sizes=\"auto, (max-width: 862px) 100vw, 862px\" \/><\/a><\/figure>\n\n<p>At kun bruge gode og kvalitetsgodkendte bivoksfundamenter ved stigende koloniantal er af st\u00f8rste vigtighed i moderne biavl for at holde den indre bivokscyklus ren. Mens mange leverand\u00f8rer tilbyder og promoverer bivoks af industriel kvalitet til biavl, s\u00e6lger vi kun partier, der er 100 % ren bivoks med kontrollerede pesticidniveauer og analytiske rapporter fra akkrediterede laboratorier.   <\/p><\/div><\/details><\/div><div class=\"wp-block-columns alignwide is-layout-flex wp-container-core-columns-is-layout-28f84493 wp-block-columns-is-layout-flex\"><div class=\"wp-block-column is-layout-flow wp-block-column-is-layout-flow\" style=\"flex-basis:100%\"><p>Ren bivoks er et sj\u00e6ldent produkt og udg\u00f8r kun mellem 2 \u2013 8 % af den honning, der produceres i en bikube, afh\u00e6ngig af de anvendte biavlsteknikker. Men ikke al bivoks er af samme kvalitet: De behandlinger, som en biavler bruger for at holde bierne sunde, har en vigtig indflydelse p\u00e5 de rester, der kan vandre ind i voksen, og landbrugets omfattende brug af pesticider, insekticider og fungicider g\u00f8r det sv\u00e6rt at finde bivoks. som ikke indeholder spor af nogle af disse midler. <br>P\u00e5 grund af disse forskelle og manglende kvalitetsstandarder for bivoks i mange industrier, er det vigtigt at vide, hvilken vokstype og oprindelse, der bedst bruges til et specifikt form\u00e5l. <br><br>Kontakt os gerne, vi har den n\u00f8dvendige erfaring og ekspertise til at besvare dine sp\u00f8rgsm\u00e5l og ser frem til at h\u00f8re fra dig. <\/p><\/div><\/div><div class=\"wp-block-columns is-layout-flex wp-container-core-columns-is-layout-28f84493 wp-block-columns-is-layout-flex\"><div class=\"wp-block-column is-layout-flow wp-block-column-is-layout-flow\" style=\"flex-basis:100%\"><\/div><\/div>","protected":false},"excerpt":{"rendered":"<p>Beeswax is a secretion produced by young honey bees (Apis mellifera) and the foundation of every beehive. When newly produced, beeswax is light yellow in color but over time it darkens to a golden yellow. Due to contact with propolis and brood it can also turn brown with time which is why natural beeswax comes [&hellip;]<\/p>","protected":false},"author":1,"featured_media":0,"parent":0,"menu_order":0,"comment_status":"closed","ping_status":"closed","template":"","meta":{"_themeisle_gutenberg_block_has_review":false,"_ti_tpc_template_sync":false,"_ti_tpc_template_id":"","footnotes":""},"class_list":["post-50","page","type-page","status-publish","hentry"],"_links":{"self":[{"href":"https:\/\/voksgrossisten.com\/da\/wp-json\/wp\/v2\/pages\/50","targetHints":{"allow":["GET"]}}],"collection":[{"href":"https:\/\/voksgrossisten.com\/da\/wp-json\/wp\/v2\/pages"}],"about":[{"href":"https:\/\/voksgrossisten.com\/da\/wp-json\/wp\/v2\/types\/page"}],"author":[{"embeddable":true,"href":"https:\/\/voksgrossisten.com\/da\/wp-json\/wp\/v2\/users\/1"}],"replies":[{"embeddable":true,"href":"https:\/\/voksgrossisten.com\/da\/wp-json\/wp\/v2\/comments?post=50"}],"version-history":[{"count":39,"href":"https:\/\/voksgrossisten.com\/da\/wp-json\/wp\/v2\/pages\/50\/revisions"}],"predecessor-version":[{"id":1030,"href":"https:\/\/voksgrossisten.com\/da\/wp-json\/wp\/v2\/pages\/50\/revisions\/1030"}],"wp:attachment":[{"href":"https:\/\/voksgrossisten.com\/da\/wp-json\/wp\/v2\/media?parent=50"}],"curies":[{"name":"wp","href":"https:\/\/api.w.org\/{rel}","templated":true}]}}