{"id":71,"date":"2023-11-16T14:20:42","date_gmt":"2023-11-16T14:20:42","guid":{"rendered":"http:\/\/voksgrossisten.com\/?page_id=71"},"modified":"2024-01-12T09:35:13","modified_gmt":"2024-01-12T09:35:13","slug":"background","status":"publish","type":"page","link":"https:\/\/voksgrossisten.com\/da\/background\/","title":{"rendered":"Background"},"content":{"rendered":"<h3 class=\"wp-block-heading alignwide\">En skandinavisk biavlshistorie...<\/h3><div id=\"wp-block-themeisle-blocks-slider-92416561\" class=\"wp-block-themeisle-blocks-slider alignwide glide\" data-per-view=\"1\" data-gap=\"0\" data-peek=\"0\" data-autoplay=\"true\" data-height=\"300px\" data-hide-arrows=\"false\"><div class=\"glide__track\" data-glide-el=\"track\"><div class=\"glide__slides\"><div class=\"wp-block-themeisle-blocks-slider-item-wrapper glide__slide\" tabindex=\"0\"><figure><img decoding=\"async\" class=\"wp-block-themeisle-blocks-slider-item\" src=\"http:\/\/voksgrossisten.com\/wp-content\/uploads\/2023\/12\/SwientyBygning.png\" alt=\"\" title=\"\" data-id=\"353\"\/><\/figure><\/div><div class=\"wp-block-themeisle-blocks-slider-item-wrapper glide__slide\" tabindex=\"0\"><figure><img decoding=\"async\" class=\"wp-block-themeisle-blocks-slider-item\" src=\"http:\/\/voksgrossisten.com\/wp-content\/uploads\/2023\/12\/biting_topbanner.jpg\" alt=\"\" title=\"\" data-id=\"346\"\/><\/figure><\/div><div class=\"wp-block-themeisle-blocks-slider-item-wrapper glide__slide\" tabindex=\"0\"><figure><img decoding=\"async\" class=\"wp-block-themeisle-blocks-slider-item\" src=\"http:\/\/voksgrossisten.com\/wp-content\/uploads\/2023\/12\/Honningforarbejdning_topbanner.jpg\" alt=\"\" title=\"\" data-id=\"347\"\/><\/figure><\/div><div class=\"wp-block-themeisle-blocks-slider-item-wrapper glide__slide\" tabindex=\"0\"><figure><img decoding=\"async\" class=\"wp-block-themeisle-blocks-slider-item\" src=\"http:\/\/voksgrossisten.com\/wp-content\/uploads\/2023\/12\/Honninghost-topbanner.jpg\" alt=\"\" title=\"\" data-id=\"348\"\/><\/figure><\/div><div class=\"wp-block-themeisle-blocks-slider-item-wrapper glide__slide\" tabindex=\"0\"><figure><img decoding=\"async\" class=\"wp-block-themeisle-blocks-slider-item\" src=\"http:\/\/voksgrossisten.com\/wp-content\/uploads\/2023\/12\/slider-image-2.jpg\" alt=\"\" title=\"\" data-id=\"349\"\/><\/figure><\/div><div class=\"wp-block-themeisle-blocks-slider-item-wrapper glide__slide\" tabindex=\"0\"><figure><img decoding=\"async\" class=\"wp-block-themeisle-blocks-slider-item\" src=\"http:\/\/voksgrossisten.com\/wp-content\/uploads\/2023\/12\/slider-image-3.jpg\" alt=\"\" title=\"\" data-id=\"350\"\/><\/figure><\/div><div class=\"wp-block-themeisle-blocks-slider-item-wrapper glide__slide\" tabindex=\"0\"><figure><img decoding=\"async\" class=\"wp-block-themeisle-blocks-slider-item\" src=\"http:\/\/voksgrossisten.com\/wp-content\/uploads\/2023\/12\/slider-image-4.jpg\" alt=\"\" title=\"\" data-id=\"351\"\/><\/figure><\/div><div class=\"wp-block-themeisle-blocks-slider-item-wrapper glide__slide\" tabindex=\"0\"><figure><img decoding=\"async\" class=\"wp-block-themeisle-blocks-slider-item\" src=\"http:\/\/voksgrossisten.com\/wp-content\/uploads\/2023\/12\/slider-image-5.jpg\" alt=\"\" title=\"\" data-id=\"352\"\/><\/figure><\/div><\/div><div class=\"glide__bullets\" data-glide-el=\"controls[nav]\"><button class=\"glide__bullet\" data-glide-dir=\"=0\"><\/button><button class=\"glide__bullet\" data-glide-dir=\"=1\"><\/button><button class=\"glide__bullet\" data-glide-dir=\"=2\"><\/button><button class=\"glide__bullet\" data-glide-dir=\"=3\"><\/button><button class=\"glide__bullet\" data-glide-dir=\"=4\"><\/button><button class=\"glide__bullet\" data-glide-dir=\"=5\"><\/button><button class=\"glide__bullet\" data-glide-dir=\"=6\"><\/button><button class=\"glide__bullet\" data-glide-dir=\"=7\"><\/button><\/div><\/div><\/div><div class=\"wp-block-columns alignwide is-layout-flex wp-container-core-columns-is-layout-28f84493 wp-block-columns-is-layout-flex\"><div class=\"wp-block-column is-layout-flow wp-block-column-is-layout-flow\" style=\"flex-basis:100%\"><p>Rygraden i Voksgrossisten er netv\u00e6rket, erfaringen og ekspertisen fra Swienty A\/S og Swienty Commodities ApS, to internationalt kendte akt\u00f8rer i biavlsbranchen, der har leveret premiumprodukter til biavlere og relaterede virksomheder i \u00e5rtier. Swienty A\/S, grundlagt i 1981 som en lille hobbyvirksomhed af ingeni\u00f8ren Bernhard Swienty, har siden udviklet sig til at levere sm\u00e5 og store p\u00e5fyldningslinjer og maskiner over hele kloden. <\/p><\/div><\/div><div class=\"wp-block-columns alignfull is-layout-flex wp-container-core-columns-is-layout-28f84493 wp-block-columns-is-layout-flex\"><div class=\"wp-block-column is-layout-flow wp-block-column-is-layout-flow\"><p class=\"has-text-align-center has-ti-bg-color has-ti-bg-inv-background-color has-text-color has-background has-link-color has-medium-font-size wp-elements-6c1af3488ebd55354347242e72adf2aa\" style=\"padding-top:var(--wp--preset--spacing--30);padding-bottom:var(--wp--preset--spacing--30)\">Swienty A\/S blev grundlagt i 1981 i Danmark<\/p><\/div><\/div><div class=\"wp-block-media-text alignwide is-stacked-on-mobile\" style=\"grid-template-columns:19% auto\"><figure class=\"wp-block-media-text__media\"><img loading=\"lazy\" decoding=\"async\" width=\"600\" height=\"600\" src=\"http:\/\/voksgrossisten.com\/wp-content\/uploads\/2023\/11\/DAM1000-nobg.png\" alt=\"\" class=\"wp-image-178 size-full\" srcset=\"https:\/\/voksgrossisten.com\/wp-content\/uploads\/2023\/11\/DAM1000-nobg.png 600w, https:\/\/voksgrossisten.com\/wp-content\/uploads\/2023\/11\/DAM1000-nobg-300x300.png 300w, https:\/\/voksgrossisten.com\/wp-content\/uploads\/2023\/11\/DAM1000-nobg-150x150.png 150w\" sizes=\"auto, (max-width: 600px) 100vw, 600px\" \/><\/figure><div class=\"wp-block-media-text__content\"><p>Med fokus p\u00e5 varme- og p\u00e5fyldningsteknologi producerer og udvikler Swienty i S\u00f8nderborg, som er en dynamisk by t\u00e6t p\u00e5 den dansk-tyske gr\u00e6nse. Virksomhedens succes er baseret p\u00e5 de n\u00f8gleelementer, der definerer Swienty-produkter: Innovation, kvalitet, alsidighed og anvendelighed.<\/p><\/div><\/div><div class=\"wp-block-media-text alignwide has-media-on-the-right is-stacked-on-mobile\" style=\"grid-template-columns:auto 22%\"><div class=\"wp-block-media-text__content\"><p class=\"has-text-align-left\">Som fast udstiller af handels- og biavlsudstillinger har Swienty bl.a. vundet adskillige guldmedaljer hos Apimondia og er kendt i biavlssektoren i dag, ikke kun for kvaliteten og levetiden af \u200b\u200bdets produkter, men ogs\u00e5 for den professionelle service, der g\u00f8r det muligt for kunder over hele verden at planl\u00e6gge og holde deres produktion k\u00f8rende.<\/p><\/div><figure class=\"wp-block-media-text__media\"><img loading=\"lazy\" decoding=\"async\" width=\"600\" height=\"600\" src=\"http:\/\/voksgrossisten.com\/wp-content\/uploads\/2023\/11\/ImageHandler-nobg.png\" alt=\"\" class=\"wp-image-180 size-full\" srcset=\"https:\/\/voksgrossisten.com\/wp-content\/uploads\/2023\/11\/ImageHandler-nobg.png 600w, https:\/\/voksgrossisten.com\/wp-content\/uploads\/2023\/11\/ImageHandler-nobg-300x300.png 300w, https:\/\/voksgrossisten.com\/wp-content\/uploads\/2023\/11\/ImageHandler-nobg-150x150.png 150w\" sizes=\"auto, (max-width: 600px) 100vw, 600px\" \/><\/figure><\/div><div class=\"wp-block-columns alignfull is-layout-flex wp-container-core-columns-is-layout-28f84493 wp-block-columns-is-layout-flex\"><div class=\"wp-block-column is-layout-flow wp-block-column-is-layout-flow\" style=\"flex-basis:100%\"><p class=\"has-text-align-center has-ti-bg-color has-ti-bg-inv-background-color has-text-color has-background has-link-color has-medium-font-size wp-elements-9b9db0215e57c18a057274ac992dbe1e\" style=\"padding-top:var(--wp--preset--spacing--30);padding-bottom:var(--wp--preset--spacing--30)\">Swienty Commodities ApS blev etableret i 2013 for at stabilisere det danske honningmarked<\/p><\/div><\/div><div class=\"wp-block-media-text alignwide is-stacked-on-mobile\" style=\"grid-template-columns:43% auto\"><figure class=\"wp-block-media-text__media\"><img loading=\"lazy\" decoding=\"async\" width=\"676\" height=\"441\" src=\"https:\/\/b2beeswax.com\/wp-content\/uploads\/2024\/01\/DRUMS-CUT-2.png\" alt=\"\" class=\"wp-image-437 size-full\" srcset=\"https:\/\/voksgrossisten.com\/wp-content\/uploads\/2024\/01\/DRUMS-CUT-2.png 676w, https:\/\/voksgrossisten.com\/wp-content\/uploads\/2024\/01\/DRUMS-CUT-2-300x196.png 300w\" sizes=\"auto, (max-width: 676px) 100vw, 676px\" \/><\/figure><div class=\"wp-block-media-text__content\"><p>Swienty Commodities ApS blev grundlagt i 2013 som et datterselskab af Swienty A\/S med det form\u00e5l at eksportere dansk honning for at stabilisere honningpriserne i Danmark. Baseret p\u00e5 dette m\u00e5l udvidede omfanget sig hurtigt til andre biavlsrelaterede produkter, og i dag tilbyder Swienty Commodities ikke kun dansk honning, men ogs\u00e5 poly- og monofloral honning i l\u00f8s v\u00e6gt fra hele Europa. I \u00e5renes l\u00f8b blev indk\u00f8b af h\u00f8jkvalitets bivoks i stigende grad en passion og flyttede virksomhedens fokus i en ny retning. <\/p><\/div><\/div><div class=\"wp-block-media-text alignwide has-media-on-the-right is-stacked-on-mobile\" style=\"grid-template-columns:auto 25%\"><div class=\"wp-block-media-text__content\"><p>Det omfattende netv\u00e6rk af biavlere, distribut\u00f8rer og projektpartnere gjorde det muligt for Swienty Commodities at k\u00f8be virkelig pesticidfri og organisk bivoks i meget fjerntliggende og beskyttede omr\u00e5der, en knap og meget efterspurgt ressource i en verden, der i stigende grad er afh\u00e6ngig af insekticider, fungicider og herbicider for at producere f\u00f8devarer . Takket v\u00e6re den unikke forsyningsk\u00e6de kunne Swienty hurtigt etablere sig som en stor import\u00f8r og leverand\u00f8r af h\u00f8jkvalitets bivoks i l\u00f8s v\u00e6gt p\u00e5 og til det europ\u00e6iske marked og fungerer i dag som r\u00e5vareleverand\u00f8r af Voksgrossisten, der tilbyder forarbejdet bivoks til forskellige industrier og anvendelser.  <\/p><\/div><figure class=\"wp-block-media-text__media\"><img loading=\"lazy\" decoding=\"async\" width=\"300\" height=\"453\" src=\"https:\/\/b2beeswax.com\/wp-content\/uploads\/2024\/01\/bienenwachs-cut-copy.jpg\" alt=\"\" class=\"wp-image-471 size-full\" srcset=\"https:\/\/voksgrossisten.com\/wp-content\/uploads\/2024\/01\/bienenwachs-cut-copy.jpg 300w, https:\/\/voksgrossisten.com\/wp-content\/uploads\/2024\/01\/bienenwachs-cut-copy-199x300.jpg 199w\" sizes=\"auto, (max-width: 300px) 100vw, 300px\" \/><\/figure><\/div>","protected":false},"excerpt":{"rendered":"<p>A scandinavian beekeeping story&#8230; The backbone of Voksgrossisten is the network, experience and expertise of Swienty A\/S and Swienty Commodities ApS, two internationally well-known actors in the beekeeping industry that have supplied premium products to beekeepers and related businesses for decades. Swienty A\/S, founded in 1981 as a small hobby business by the engineer Bernhard [&hellip;]<\/p>","protected":false},"author":1,"featured_media":0,"parent":0,"menu_order":0,"comment_status":"closed","ping_status":"closed","template":"","meta":{"_themeisle_gutenberg_block_has_review":false,"_ti_tpc_template_sync":false,"_ti_tpc_template_id":"","footnotes":""},"class_list":["post-71","page","type-page","status-publish","hentry"],"_links":{"self":[{"href":"https:\/\/voksgrossisten.com\/da\/wp-json\/wp\/v2\/pages\/71","targetHints":{"allow":["GET"]}}],"collection":[{"href":"https:\/\/voksgrossisten.com\/da\/wp-json\/wp\/v2\/pages"}],"about":[{"href":"https:\/\/voksgrossisten.com\/da\/wp-json\/wp\/v2\/types\/page"}],"author":[{"embeddable":true,"href":"https:\/\/voksgrossisten.com\/da\/wp-json\/wp\/v2\/users\/1"}],"replies":[{"embeddable":true,"href":"https:\/\/voksgrossisten.com\/da\/wp-json\/wp\/v2\/comments?post=71"}],"version-history":[{"count":41,"href":"https:\/\/voksgrossisten.com\/da\/wp-json\/wp\/v2\/pages\/71\/revisions"}],"predecessor-version":[{"id":475,"href":"https:\/\/voksgrossisten.com\/da\/wp-json\/wp\/v2\/pages\/71\/revisions\/475"}],"wp:attachment":[{"href":"https:\/\/voksgrossisten.com\/da\/wp-json\/wp\/v2\/media?parent=71"}],"curies":[{"name":"wp","href":"https:\/\/api.w.org\/{rel}","templated":true}]}}