{"id":73,"date":"2023-11-16T14:21:07","date_gmt":"2023-11-16T14:21:07","guid":{"rendered":"http:\/\/voksgrossisten.com\/?page_id=73"},"modified":"2024-11-20T09:52:34","modified_gmt":"2024-11-20T09:52:34","slug":"cosmetics","status":"publish","type":"page","link":"https:\/\/voksgrossisten.com\/da\/cosmetics\/","title":{"rendered":"Kosmetik"},"content":{"rendered":"<h3 class=\"wp-block-heading\">Bivoks i kosmetik<\/h3><figure class=\"wp-block-image size-full has-custom-border\"><img loading=\"lazy\" decoding=\"async\" width=\"862\" height=\"340\" src=\"https:\/\/b2beeswax.com\/wp-content\/uploads\/2024\/01\/lip-balm-cut-1-1.png\" alt=\"\" class=\"wp-image-490\" style=\"border-radius:6px\" srcset=\"https:\/\/voksgrossisten.com\/wp-content\/uploads\/2024\/01\/lip-balm-cut-1-1.png 862w, https:\/\/voksgrossisten.com\/wp-content\/uploads\/2024\/01\/lip-balm-cut-1-1-300x118.png 300w, https:\/\/voksgrossisten.com\/wp-content\/uploads\/2024\/01\/lip-balm-cut-1-1-768x303.png 768w\" sizes=\"auto, (max-width: 862px) 100vw, 862px\" \/><\/figure><p>Bivoks er en alsidig og v\u00e6rdifuld ingrediens i kosmetik, der bidrager til formuleringen af \u200b\u200bforskellige hudpleje- og sk\u00f8nhedsprodukter. Nogle almindelige anvendelser af bivoks i kosmetik omfatter:<\/p><ul class=\"wp-block-list\"><li><strong>Fugtighedscreme og lotion<\/strong><br>Bivoks har bl\u00f8dg\u00f8rende egenskaber, der hj\u00e6lper med at l\u00e5se fugt, hvilket g\u00f8r det til en n\u00f8gleingrediens i cremer og lotions. Det skaber en beskyttende barriere p\u00e5 huden, forhindrer dehydrering og fremmer en glattere, bl\u00f8dere hud.<\/li>\n\n<li><strong>L\u00e6bepomader og l\u00e6bestifter<\/strong><br>Bivoks er et popul\u00e6r komponent i l\u00e6bepomader og l\u00e6bestifter p\u00e5 grund af dens evne til at give en glat, fugtgivende tekstur. Det hj\u00e6lper med at holde p\u00e5 fugten p\u00e5 l\u00e6berne og giver en naturlig glans.<\/li>\n\n<li><strong>Kropsbalsamer og salver<\/strong><br>Bivoks bruges ofte til at skabe kropsbalsam og salver til m\u00e5lrettet hudpleje, s\u00e5som beroligende t\u00f8rre pletter eller afhj\u00e6lpning af ru albuer og h\u00e6le.<\/li>\n\n<li><strong>H\u00e5ndcremer og negleb\u00e5ndsprodukter<\/strong><br>Dens fugtgivende og beskyttende egenskaber g\u00f8r bivoks gavnligt i h\u00e5ndcremer og negleb\u00e5ndsprodukter. Det hj\u00e6lper med at bl\u00f8dg\u00f8re huden og n\u00e6rer negleb\u00e5ndene og fremmer sundere h\u00e6nder.<\/li>\n\n<li><strong>Ansigtsrens og makeupfjernere<\/strong><br>Bivoks kan findes i visse ansigtsrens og makeupfjernere. Dens naturlige emulgerende egenskaber hj\u00e6lper med at fjerne makeup og urenheder, mens den efterlader huden smidig.<\/li>\n\n<li><strong>Mascaraer og \u00f8jenbrynsprodukter<\/strong><br>Bivoks bruges i mascara-formuleringer for at give tykkelse og struktur til produktet. Det bidrager ogs\u00e5 til \u00f8jenbrynsprodukternes levetid, og hj\u00e6lper med at s\u00e6tte og definere brynene.<\/li>\n\n<li><strong>Solcreme og solcreme<\/strong><br>Bivoks er inkluderet i nogle solcremeformuleringer p\u00e5 grund af dets vandafvisende egenskaber. Det hj\u00e6lper med at skabe et beskyttende lag p\u00e5 huden, hvilket \u00f8ger effektiviteten af \u200b\u200bsolcremen.<\/li>\n\n<li><strong>Naturlige parfumer og dufte<\/strong> <br>Bivoks fungerer som en base for naturlige parfumer og solide dufte. Det hj\u00e6lper med at fastholde og frigive duften gradvist, hvilket giver en l\u00e6ngerevarende duft.<\/li>\n\n<li><strong>H\u00e5rplejeprodukter<\/strong><br>I h\u00e5rpleje bruges bivoks i stylingprodukter som h\u00e5rpomade og voks. Den tilf\u00f8jer struktur og hold til frisurer, samtidig med at den giver en naturlig glans.<\/li>\n\n<li><strong>Massagest\u00e6nger<\/strong><br>Bivoks er inkorporeret i massagest\u00e6nger for dets evne til at give et j\u00e6vnt glid under massage. Det bidrager til den faste tekstur af barerne, som smelter ved kontakt med huden.<\/li><\/ul><p>Brugen af \u200b\u200bbivoks i kosmetik str\u00e6kker sig ud over dets funktionelle egenskaber - det bringer ogs\u00e5 en dejlig honningduft og et strejf af luksus til sk\u00f8nhedsprodukter. Dens naturlige oprindelse g\u00f8r den til et tiltalende valg for dem, der s\u00f8ger rene og milj\u00f8venlige sk\u00f8nhedsmidler.<\/p><p>Vi kan tilbyde b\u00e5de konventionelle og (COSMOS) \u00f8kologiske bivokspastiller til kosmetik i gul og hvid farve med al relevant analyse og dokumentation. Kontakt os venligst for at dr\u00f8fte dine krav og\/eller f\u00f8lge dette <a href=\"https:\/\/voksgrossisten.com\/da\/produkt-kategorie\/cosmetic-grade\/\" data-type=\"link\" data-id=\"https:\/\/www.swienty.com\/pl\/New-Products_437014.aspx\">link<\/a> til vores online butik for at se vores tilbud.<\/p>","protected":false},"excerpt":{"rendered":"<p>Beeswax in cosmetics Beeswax is a versatile and valuable ingredient in cosmetics, contributing to the formulation of various skincare and beauty products. Some common uses of beeswax in cosmetics include: The use of beeswax in cosmetics extends beyond its functional properties \u2013 it also brings a delightful honey scent and a touch of luxury to [&hellip;]<\/p>","protected":false},"author":1,"featured_media":0,"parent":0,"menu_order":0,"comment_status":"closed","ping_status":"closed","template":"","meta":{"_themeisle_gutenberg_block_has_review":false,"_ti_tpc_template_sync":false,"_ti_tpc_template_id":"","footnotes":""},"class_list":["post-73","page","type-page","status-publish","hentry"],"_links":{"self":[{"href":"https:\/\/voksgrossisten.com\/da\/wp-json\/wp\/v2\/pages\/73","targetHints":{"allow":["GET"]}}],"collection":[{"href":"https:\/\/voksgrossisten.com\/da\/wp-json\/wp\/v2\/pages"}],"about":[{"href":"https:\/\/voksgrossisten.com\/da\/wp-json\/wp\/v2\/types\/page"}],"author":[{"embeddable":true,"href":"https:\/\/voksgrossisten.com\/da\/wp-json\/wp\/v2\/users\/1"}],"replies":[{"embeddable":true,"href":"https:\/\/voksgrossisten.com\/da\/wp-json\/wp\/v2\/comments?post=73"}],"version-history":[{"count":9,"href":"https:\/\/voksgrossisten.com\/da\/wp-json\/wp\/v2\/pages\/73\/revisions"}],"predecessor-version":[{"id":1050,"href":"https:\/\/voksgrossisten.com\/da\/wp-json\/wp\/v2\/pages\/73\/revisions\/1050"}],"wp:attachment":[{"href":"https:\/\/voksgrossisten.com\/da\/wp-json\/wp\/v2\/media?parent=73"}],"curies":[{"name":"wp","href":"https:\/\/api.w.org\/{rel}","templated":true}]}}