{"id":654,"date":"2024-05-08T09:23:31","date_gmt":"2024-05-08T09:23:31","guid":{"rendered":"https:\/\/b2beeswax.com\/?post_type=product&#038;p=654"},"modified":"2025-12-01T10:18:14","modified_gmt":"2025-12-01T10:18:14","slug":"yellow-beeswax-slabs","status":"publish","type":"product","link":"https:\/\/voksgrossisten.com\/da\/produkt\/yellow-beeswax-slabs\/","title":{"rendered":"Gul bivoks i blokke, 20 kg"},"content":{"rendered":"<p><span class=\"fontstyle0\">Vores gule bivoks 10A1030 er et rent produkt, som er opn\u00e5et fra honningkamme af Apis Mellifera. Den er omhyggeligt raffineret, ubleget og uden tils\u00e6tningsstoffer. Kompatibiliteten med andre vokstyper er fremragende, og den kan bruges i kosmetiske produkter eller industrielle applikationer. Det er specielt velegnet til stearinlysfremstilling og overholder fuldt ud normen RAL-GZ 041. Det er fri for suspenderede stoffer og br\u00e6nder som et stearinlys af en varm og behagelig flamme.<\/span><\/p>\n<p>&nbsp;<\/p>\n<p><b>Anvendelser<\/b><\/p>\n<p><span class=\"fontstyle1\">\u2022 konsistenskontrol og basiskomponent i industrielle formuleringer<br \/>\n\u2022 fremstilling af kirkelys og forbrugslys<br \/>\n\u2022 komponent i husholdningsplejeprodukter (m\u00f8belpleje, skosv\u00e6rte, tr\u00e6voks, l\u00e6derpleje osv.)<\/span><\/p>\n<p>&nbsp;<\/p>\n<p><strong>Form og emballage<\/strong><\/p>\n<p>Et element i 10A1030 refererer til 5 kg blok\/plade af bivoks med dimensionerne 45 cm x 28 cm x 5 cm.<\/p>\n<p>Der kan v\u00e6re 4 blokke i en papforsendelseskasse med en nettov\u00e6gt p\u00e5 20 kg. En palle med dimensionerne 110 cm x 110 cm holder og en nettov\u00e6gt p\u00e5 1.000 kg og 200 blokke.<\/p>\n<p><span class=\"fontstyle0\"><strong>Dokumentation<\/strong><\/span><\/p>\n<ul>\n<li><a href=\"http:\/\/voksgrossisten.com\/wp-content\/uploads\/2024\/05\/PDS-10A2030-Yellow-beeswax.pdf\">PDS 10A2030 Yellow beeswax<\/a><\/li>\n<li><a href=\"http:\/\/voksgrossisten.com\/wp-content\/uploads\/2024\/03\/3692-01-Swienty.pdf\" target=\"new\" rel=\"noopener\">3692-01-Swienty<\/a><\/li>\n<li><a href=\"http:\/\/voksgrossisten.com\/wp-content\/uploads\/2024\/03\/3692-02-Swienty.pdf\" target=\"new\" rel=\"noopener\">3692-02-Swienty<\/a><\/li>\n<li><a href=\"http:\/\/voksgrossisten.com\/wp-content\/uploads\/2024\/03\/P-3692-01-Swienty-Heavy-Metals.pdf\" target=\"new\" rel=\"noopener\">P-3692-01-Swienty-Heavy-Metals<\/a><\/li>\n<\/ul>","protected":false},"excerpt":{"rendered":"<p>Papkasse med 20 kg (4x5 kg plade) gul bivoks i henhold til norm RAL-GZ 041. Anbefalet til kosmetik, industrielle anvendelser og vokslysfremstilling<\/p>","protected":false},"featured_media":809,"template":"","meta":{"_themeisle_gutenberg_block_has_review":false,"_ti_tpc_template_sync":false,"_ti_tpc_template_id":""},"product_cat":[55,51],"product_tag":[],"class_list":{"0":"post-654","1":"product","2":"type-product","3":"status-publish","4":"has-post-thumbnail","6":"product_cat-cosmetic-grade","7":"product_cat-ral-grade","8":"product_shipping_class-pellet-kartons","10":"first","11":"instock","12":"featured","13":"taxable","14":"shipping-taxable","15":"purchasable","16":"product-type-simple"},"_links":{"self":[{"href":"https:\/\/voksgrossisten.com\/da\/wp-json\/wp\/v2\/product\/654","targetHints":{"allow":["GET"]}}],"collection":[{"href":"https:\/\/voksgrossisten.com\/da\/wp-json\/wp\/v2\/product"}],"about":[{"href":"https:\/\/voksgrossisten.com\/da\/wp-json\/wp\/v2\/types\/product"}],"wp:featuredmedia":[{"embeddable":true,"href":"https:\/\/voksgrossisten.com\/da\/wp-json\/wp\/v2\/media\/809"}],"wp:attachment":[{"href":"https:\/\/voksgrossisten.com\/da\/wp-json\/wp\/v2\/media?parent=654"}],"wp:term":[{"taxonomy":"product_cat","embeddable":true,"href":"https:\/\/voksgrossisten.com\/da\/wp-json\/wp\/v2\/product_cat?post=654"},{"taxonomy":"product_tag","embeddable":true,"href":"https:\/\/voksgrossisten.com\/da\/wp-json\/wp\/v2\/product_tag?post=654"}],"curies":[{"name":"wp","href":"https:\/\/api.w.org\/{rel}","templated":true}]}}