{"id":691,"date":"2024-05-08T13:44:53","date_gmt":"2024-05-08T13:44:53","guid":{"rendered":"https:\/\/b2beeswax.com\/?post_type=product&#038;p=691"},"modified":"2026-02-20T10:20:40","modified_gmt":"2026-02-20T10:20:40","slug":"white-beeswax-pellets-ph-eur","status":"publish","type":"product","link":"https:\/\/voksgrossisten.com\/da\/produkt\/white-beeswax-pellets-ph-eur\/","title":{"rendered":"Hvide pharma bivokspastiller, 20kg"},"content":{"rendered":"<p>Vores Ph. Eur-bivoks er en kompleks blanding af ca. 70% ikke-glyceridestere (C38-&gt;C62), ca. C21-C35). Det kan bruges i farmaceutiske applikationer s\u00e5vel som i hele sortimentet af kosmetiske produkter, for eksempel i W\/O og O\/W formuleringer, sticks, salver, make-up, h\u00e5rplejeprodukter mv.<br \/>\nAdvantages of beeswax are high binding strength, pronounced plasticity, excellent emulsifiability, relatively low melting point, highly occlusive character. In sticks, beeswax improves structure, oil retention, firmness,<br \/>\nadhesion, pay-off and mold release. In emulsions, beeswax functions as a consistency regulator and as a (co)emulsifier and contributes to skin feeling, emollience, barrier function and appearance.<\/p>\n<p>30B2030 overholder alle regulativer og standarder fastsat af European Pharmacopoeia (Ph. Eur. \u2013 11. udgave).<\/p>\n<p><b>Anvendelser<\/b><\/p>\n<p><span class=\"fontstyle1\">\u2022 Cremer, lotions, sticks, solpleje, make-up, h\u00e5rpleje<br \/>\n\u2022 Tabletter (l\u00e6gemidler), salver, cremer, stikpiller med kontrolleret frigivelse<\/span><\/p>\n<p><strong>Form og emballage<\/strong><\/p>\n<p>En vare i 30B2030 refererer til 20 kg bivokspastiller pakket i en papkasse med dimensionerne 50cm x 35cm x 25cm. Inde i \u00e6sken er en inliner-pose lavet af f\u00f8devaregodkendt plast for at undg\u00e5 spild af pillerne.<\/p>\n<p>Der er 24 papkasser med bivokspiller p\u00e5 \u00e9n palle med m\u00e5lene 110cm x 110cm og en egenv\u00e6gt p\u00e5 480kg.<\/p>\n<p><strong>Dokumentation<\/strong><\/p>\n<ul>\n<li><a href=\"http:\/\/voksgrossisten.com\/wp-content\/uploads\/2024\/05\/PDS-30B2030-White-Pharma-beeswax-EP.pdf\" target=\"new\" rel=\"noopener\">PDS 30B2030 White Pharma beeswax EP<\/a><\/li>\n<\/ul>","protected":false},"excerpt":{"rendered":"<p>20kg pap\u00e6ske med hvide pharma bivokspiller i henhold til Ph. Eur. norm. Denne h\u00f8jkvalitets bivoks kan bruges i farmaceutiske applikationer s\u00e5vel som i hele udvalget af kosmetiske produkter.<\/p>","protected":false},"featured_media":807,"template":"","meta":{"_themeisle_gutenberg_block_has_review":false,"_ti_tpc_template_sync":false,"_ti_tpc_template_id":""},"product_cat":[55,52],"product_tag":[],"class_list":{"0":"post-691","1":"product","2":"type-product","3":"status-publish","4":"has-post-thumbnail","6":"product_cat-cosmetic-grade","7":"product_cat-ph-eur","8":"product_shipping_class-pellet-kartons","10":"first","11":"outofstock","12":"taxable","13":"shipping-taxable","14":"purchasable","15":"product-type-simple"},"_links":{"self":[{"href":"https:\/\/voksgrossisten.com\/da\/wp-json\/wp\/v2\/product\/691","targetHints":{"allow":["GET"]}}],"collection":[{"href":"https:\/\/voksgrossisten.com\/da\/wp-json\/wp\/v2\/product"}],"about":[{"href":"https:\/\/voksgrossisten.com\/da\/wp-json\/wp\/v2\/types\/product"}],"wp:featuredmedia":[{"embeddable":true,"href":"https:\/\/voksgrossisten.com\/da\/wp-json\/wp\/v2\/media\/807"}],"wp:attachment":[{"href":"https:\/\/voksgrossisten.com\/da\/wp-json\/wp\/v2\/media?parent=691"}],"wp:term":[{"taxonomy":"product_cat","embeddable":true,"href":"https:\/\/voksgrossisten.com\/da\/wp-json\/wp\/v2\/product_cat?post=691"},{"taxonomy":"product_tag","embeddable":true,"href":"https:\/\/voksgrossisten.com\/da\/wp-json\/wp\/v2\/product_tag?post=691"}],"curies":[{"name":"wp","href":"https:\/\/api.w.org\/{rel}","templated":true}]}}