{"id":734,"date":"2024-05-16T10:10:55","date_gmt":"2024-05-16T10:10:55","guid":{"rendered":"https:\/\/b2beeswax.com\/?post_type=product&#038;p=734"},"modified":"2025-12-04T09:21:33","modified_gmt":"2025-12-04T09:21:33","slug":"white-food-beeswax-pellets-20kg","status":"publish","type":"product","link":"https:\/\/voksgrossisten.com\/da\/produkt\/white-food-beeswax-pellets-20kg\/","title":{"rendered":"Hvide f\u00f8devaregodkendte bivokspiller, 20kg"},"content":{"rendered":"<p>Vores hvide f\u00f8devaregodkendte bivoks 60B2030 er ren bivoks i farmaceutisk kvalitet, som er opn\u00e5et fra honningkamme af Apis Mellifera. Den er omhyggeligt raffineret, ubleget og indeholder ikke ceresin, fedt eller Japanvoks.\nKompatibiliteten med andre vokstyper er fremragende, og den kan bruges i hele udvalget af kosmetiske produkter og som f\u00f8devaretils\u00e6tning.<br \/>\nThe compatibility with other waxes is excellent and it can be used in the entire range of cosmetic products and as a food additive..<\/p>\n<p>60B2030 overholder forordning (EU) nr. 231\/2012 og kan bruges som f\u00f8devareingrediens i henhold til norm E901<\/p>\n<p><strong>Anvendelser<\/strong><\/p>\n<ul>\n<li>Fungerer som et glaseringsmiddel for at forhindre vandtab og giver overfladebeskyttelse til frugter<\/li>\n<li>Anvendes som overtr\u00e6k til ost og til fremstilling af konfekture<\/li>\n<li>Anvendes til fremstilling af bivoksklude for at holde maden frisk<\/li>\n<li>Kan bruges som afs\u00e6tningsmiddel i f\u00f8devareforarbejdning for at forhindre mad i at kl\u00e6be til skimmelsvampe<\/li>\n<\/ul>\n<p><strong>Dokumentation<\/strong><\/p>\n<ul>\n<li><a href=\"http:\/\/voksgrossisten.com\/wp-content\/uploads\/2024\/05\/PDS-60B2030-White-Food-beeswax-1.pdf\" target=\"new\" rel=\"noopener\">PDS 60B2030 White Food beeswax<\/a><\/li>\n<\/ul>","protected":false},"excerpt":{"rendered":"<p>Polstyrenpose med 20 kg f\u00f8devaregodkendte hvide bivokspiller i henhold til norm E901. Pellets kan bruges i hele sortimentet af kosmetiske produkter og i f\u00f8devareproduktion og f\u00f8devareforarbejdning som tils\u00e6tningsstof.<\/p>","protected":false},"featured_media":718,"template":"","meta":{"_themeisle_gutenberg_block_has_review":false,"_ti_tpc_template_sync":false,"_ti_tpc_template_id":""},"product_cat":[55,53,52],"product_tag":[],"class_list":{"0":"post-734","1":"product","2":"type-product","3":"status-publish","4":"has-post-thumbnail","6":"product_cat-cosmetic-grade","7":"product_cat-e901-food","8":"product_cat-ph-eur","9":"product_shipping_class-pellet-kartons","11":"first","12":"onbackorder","13":"taxable","14":"shipping-taxable","15":"purchasable","16":"product-type-simple"},"_links":{"self":[{"href":"https:\/\/voksgrossisten.com\/da\/wp-json\/wp\/v2\/product\/734","targetHints":{"allow":["GET"]}}],"collection":[{"href":"https:\/\/voksgrossisten.com\/da\/wp-json\/wp\/v2\/product"}],"about":[{"href":"https:\/\/voksgrossisten.com\/da\/wp-json\/wp\/v2\/types\/product"}],"wp:featuredmedia":[{"embeddable":true,"href":"https:\/\/voksgrossisten.com\/da\/wp-json\/wp\/v2\/media\/718"}],"wp:attachment":[{"href":"https:\/\/voksgrossisten.com\/da\/wp-json\/wp\/v2\/media?parent=734"}],"wp:term":[{"taxonomy":"product_cat","embeddable":true,"href":"https:\/\/voksgrossisten.com\/da\/wp-json\/wp\/v2\/product_cat?post=734"},{"taxonomy":"product_tag","embeddable":true,"href":"https:\/\/voksgrossisten.com\/da\/wp-json\/wp\/v2\/product_tag?post=734"}],"curies":[{"name":"wp","href":"https:\/\/api.w.org\/{rel}","templated":true}]}}