{"id":919,"date":"2024-06-05T12:30:32","date_gmt":"2024-06-05T12:30:32","guid":{"rendered":"https:\/\/voksgrossisten.com\/?post_type=product&#038;p=919"},"modified":"2024-06-24T08:42:09","modified_gmt":"2024-06-24T08:42:09","slug":"yellow-beeswax-slabs-1-000kg","status":"publish","type":"product","link":"https:\/\/voksgrossisten.com\/da\/produkt\/yellow-beeswax-slabs-1-000kg\/","title":{"rendered":"Gul bivoks i blokke, 1.000kg"},"content":{"rendered":"<p><span class=\"fontstyle0\">Vores gule bivoks 10A1030 er et rent produkt, som er opn\u00e5et fra honningkamme af Apis Mellifera. Den er omhyggeligt raffineret, ubleget og uden tils\u00e6tningsstoffer. Kompatibiliteten med andre vokstyper er fremragende, og den kan bruges i kosmetiske produkter eller industrielle applikationer. Det er specielt velegnet til stearinlysfremstilling og overholder fuldt ud normen RAL-GZ 041. Det er fri for suspenderede stoffer og br\u00e6nder som et stearinlys af en varm og behagelig flamme.<\/span><\/p>\n<p>&nbsp;<\/p>\n<p><b>Anvendelser<\/b><\/p>\n<p><span class=\"fontstyle1\">\u2022 konsistenskontrol og basiskomponent i industrielle formuleringer<br \/>\n\u2022 fremstilling af kirkelys og forbrugslys<br \/>\n\u2022 komponent i husholdningsplejeprodukter (m\u00f8belpleje, skosv\u00e6rte, tr\u00e6voks, l\u00e6derpleje osv.)<\/span><\/p>\n<p>&nbsp;<\/p>\n<p><strong>Form og emballage<\/strong><\/p>\n<p>One item of 10A1030 refers to 5kg block\/slab of beeswax with the dimensions of 45cm x 28cm x 5cm. One pallet with the dimensions of 110cm x 110cm holds 200 blocks with a net weight of 1.000kg.<\/p>\n<p><span class=\"fontstyle0\"><strong>Dokumentation<\/strong><\/span><\/p>\n<ul>\n<li><a href=\"http:\/\/voksgrossisten.com\/wp-content\/uploads\/2024\/05\/PDS-10A2030-Yellow-beeswax.pdf\">PDS 10A2030 Yellow beeswax<\/a><\/li>\n<li><a href=\"http:\/\/voksgrossisten.com\/wp-content\/uploads\/2024\/03\/3692-01-Swienty.pdf\" target=\"new\" rel=\"noopener\">3692-01-Swienty<\/a><\/li>\n<li><a href=\"http:\/\/voksgrossisten.com\/wp-content\/uploads\/2024\/03\/3692-02-Swienty.pdf\" target=\"new\" rel=\"noopener\">3692-02-Swienty<\/a><\/li>\n<li><a href=\"http:\/\/voksgrossisten.com\/wp-content\/uploads\/2024\/03\/P-3692-01-Swienty-Heavy-Metals.pdf\" target=\"new\" rel=\"noopener\">P-3692-01-Swienty-Heavy-Metals<\/a><\/li>\n<\/ul>","protected":false},"excerpt":{"rendered":"<p>\u00c9n palle med 1000kg som 5kg gule bivoksplader i henhold til norm RAL-GZ 041. Anbefales til kosmetik, industrielle anvendelser og stearinlysfremstilling<\/p>","protected":false},"featured_media":968,"template":"","meta":{"_themeisle_gutenberg_block_has_review":false,"_ti_tpc_template_sync":false,"_ti_tpc_template_id":""},"product_cat":[55,51],"product_tag":[],"class_list":{"0":"post-919","1":"product","2":"type-product","3":"status-publish","4":"has-post-thumbnail","6":"product_cat-cosmetic-grade","7":"product_cat-ral-grade","8":"product_shipping_class-palette","10":"first","11":"instock","12":"taxable","13":"shipping-taxable","14":"product-type-simple"},"_links":{"self":[{"href":"https:\/\/voksgrossisten.com\/da\/wp-json\/wp\/v2\/product\/919","targetHints":{"allow":["GET"]}}],"collection":[{"href":"https:\/\/voksgrossisten.com\/da\/wp-json\/wp\/v2\/product"}],"about":[{"href":"https:\/\/voksgrossisten.com\/da\/wp-json\/wp\/v2\/types\/product"}],"wp:featuredmedia":[{"embeddable":true,"href":"https:\/\/voksgrossisten.com\/da\/wp-json\/wp\/v2\/media\/968"}],"wp:attachment":[{"href":"https:\/\/voksgrossisten.com\/da\/wp-json\/wp\/v2\/media?parent=919"}],"wp:term":[{"taxonomy":"product_cat","embeddable":true,"href":"https:\/\/voksgrossisten.com\/da\/wp-json\/wp\/v2\/product_cat?post=919"},{"taxonomy":"product_tag","embeddable":true,"href":"https:\/\/voksgrossisten.com\/da\/wp-json\/wp\/v2\/product_tag?post=919"}],"curies":[{"name":"wp","href":"https:\/\/api.w.org\/{rel}","templated":true}]}}