{"id":943,"date":"2024-06-10T13:26:48","date_gmt":"2024-06-10T13:26:48","guid":{"rendered":"https:\/\/voksgrossisten.com\/?post_type=product&#038;p=943"},"modified":"2026-02-04T08:41:32","modified_gmt":"2026-02-04T08:41:32","slug":"yellow-beeswax-pellets-480kg","status":"publish","type":"product","link":"https:\/\/voksgrossisten.com\/da\/produkt\/yellow-beeswax-pellets-480kg\/","title":{"rendered":"Gule bivokspastiller, 480kg"},"content":{"rendered":"<p><span class=\"fontstyle0\">Vores gule bivoks 10A2030 er et rent produkt, som er opn\u00e5et fra honningkamme af Apis Mellifera. Den er omhyggeligt raffineret, ubleget og uden tils\u00e6tningsstoffer. Kompatibiliteten med andre vokstyper er fremragende, og den kan bruges i kosmetiske produkter eller industrielle applikationer. Det er specielt velegnet til stearinlysfremstilling og overholder fuldt ud normen RAL-GZ 041. Det er fri for suspenderede stoffer og br\u00e6nder som et stearinlys af en varm og behagelig flamme.<\/span><\/p>\n<p><b>Anvendelser<\/b><\/p>\n<p><span class=\"fontstyle1\">\u2022 konsistenskontrol og basiskomponent i industrielle formuleringer<br \/>\n\u2022 fremstilling af kirkelys og forbrugslys<br \/>\n\u2022 komponent i husholdningsplejeprodukter (m\u00f8belpleje, skosv\u00e6rte, tr\u00e6voks, l\u00e6derpleje osv.)<\/span><\/p>\n<p>&nbsp;<\/p>\n<p><strong>Form og emballage<\/strong><\/p>\n<p>10A2030 kommer i 20kg papkasser med m\u00e5lene 50cm x 35cm x 25cm. Inde i \u00e6sken er en inliner-pose lavet af f\u00f8devaregodkendt plast for at undg\u00e5 spild af pillerne.<\/p>\n<p>Der er 24 papkasser med bivokspiller p\u00e5 \u00e9n palle med m\u00e5lene 110cm x 110cm og en egenv\u00e6gt p\u00e5 480kg.<\/p>\n<p>&nbsp;<\/p>\n<p><strong>Dokumentation<\/strong><\/p>\n<ul>\n<li><a href=\"http:\/\/voksgrossisten.com\/wp-content\/uploads\/2024\/05\/PDS-10A2030-Yellow-beeswax.pdf\">PDS 10A2030 Yellow beeswax<\/a><\/li>\n<li><a href=\"http:\/\/voksgrossisten.com\/wp-content\/uploads\/2024\/03\/3692-01-Swienty.pdf\" target=\"new\" rel=\"noopener\">3692-01-Swienty<\/a><\/li>\n<li><a href=\"http:\/\/voksgrossisten.com\/wp-content\/uploads\/2024\/03\/3692-02-Swienty.pdf\" target=\"new\" rel=\"noopener\">3692-02-Swienty<\/a><\/li>\n<li><a href=\"http:\/\/voksgrossisten.com\/wp-content\/uploads\/2024\/03\/P-3692-01-Swienty-Heavy-Metals.pdf\" target=\"new\" rel=\"noopener\">P-3692-01-Swienty-Heavy-Metals<\/a><\/li>\n<\/ul>","protected":false},"excerpt":{"rendered":"<p>\u00c9n palle med 480kg gule bivokspiller i henhold til norm RAL-GZ 041 i 20kg papkasser Anbefalet til kosmetik, industrielle anvendelser og vokslysfremstilling<\/p>","protected":false},"featured_media":949,"template":"","meta":{"_themeisle_gutenberg_block_has_review":false,"_ti_tpc_template_sync":false,"_ti_tpc_template_id":""},"product_cat":[55,51],"product_tag":[],"class_list":{"0":"post-943","1":"product","2":"type-product","3":"status-publish","4":"has-post-thumbnail","6":"product_cat-cosmetic-grade","7":"product_cat-ral-grade","8":"product_shipping_class-palette","10":"first","11":"instock","12":"taxable","13":"shipping-taxable","14":"product-type-simple"},"_links":{"self":[{"href":"https:\/\/voksgrossisten.com\/da\/wp-json\/wp\/v2\/product\/943","targetHints":{"allow":["GET"]}}],"collection":[{"href":"https:\/\/voksgrossisten.com\/da\/wp-json\/wp\/v2\/product"}],"about":[{"href":"https:\/\/voksgrossisten.com\/da\/wp-json\/wp\/v2\/types\/product"}],"wp:featuredmedia":[{"embeddable":true,"href":"https:\/\/voksgrossisten.com\/da\/wp-json\/wp\/v2\/media\/949"}],"wp:attachment":[{"href":"https:\/\/voksgrossisten.com\/da\/wp-json\/wp\/v2\/media?parent=943"}],"wp:term":[{"taxonomy":"product_cat","embeddable":true,"href":"https:\/\/voksgrossisten.com\/da\/wp-json\/wp\/v2\/product_cat?post=943"},{"taxonomy":"product_tag","embeddable":true,"href":"https:\/\/voksgrossisten.com\/da\/wp-json\/wp\/v2\/product_tag?post=943"}],"curies":[{"name":"wp","href":"https:\/\/api.w.org\/{rel}","templated":true}]}}