{"id":965,"date":"2024-06-14T12:44:23","date_gmt":"2024-06-14T12:44:23","guid":{"rendered":"https:\/\/voksgrossisten.com\/?post_type=product&#038;p=965"},"modified":"2024-11-26T12:30:18","modified_gmt":"2024-11-26T12:30:18","slug":"cosmos-organic-yellow-beeswax-pellets-900kg","status":"publish","type":"product","link":"https:\/\/voksgrossisten.com\/da\/produkt\/cosmos-organic-yellow-beeswax-pellets-900kg\/","title":{"rendered":"COSMOS \u00d8kologiske gule bivokspiller, 900kg"},"content":{"rendered":"<p>Vores gule COSMOS \u00f8kologiske bivoks 50A2020 er en ren bivoks af fremragende kvalitet, som er opn\u00e5et fra honningkamme af Apis Mellifera. Det er omhyggeligt raffineret, ubleget og indeholder ingen form for forfalskning eller unaturlige rester. Det er helt fri for alle pesticider samt varroacider og certificeret som 100% \u00f8kologisk af Ecocert Greenlife i henhold til COSMOS-standarden tilg\u00e6ngelig p\u00e5 http:\/\/COSMOS.ecocert.com.<\/p>\n<p>Den \u00f8kologiske bivoks, der bruges til at producere disse pellets, er fra et naturreservat i det sydlige Afrika og indsamlet fra mere end 7.000 biavlere, der bor i traditionelle landsbyer i skoven. Vores lokale partner er forpligtet til at forbedre biavlernes indkomst p\u00e5 en b\u00e6redygtig m\u00e5de, forbedre livskvaliteten og hj\u00e6lpe folk med at vokse deres indkomstkilder p\u00e5 landet.<\/p>\n<p>Barkstader holdes i tr\u00e6er og spredes ud over store afstande s\u00e5 langt som 50 kilometer. Disse stader kan vare op til 20 \u00e5r og bliver ikke \u00f8delagt eller dr\u00e6bt under h\u00f8sten, men opbevares af biavlere som et vigtigt og v\u00e6rdifuldt liv. Der bruges ingen antibiotika p\u00e5 noget tidspunkt i biavl og honningh\u00f8st, og fordi bierne fouragerer dybt inde i miomboskovene \u2013 et omr\u00e5de langt fra kommercielt landbrug \u2013 er det resulterende produkt uber\u00f8rt af eventuelle pesticider.<\/p>\n<p><b>Anvendelser<br \/>\n<\/b><br \/>\n\u2022 \u00d8kologiske cremer, lotions, sticks, solpleje, make-up, h\u00e5rpleje<br \/>\n\u2022 Tabletter (l\u00e6gemidler), salver, cremer, stikpiller med kontrolleret frigivelse<br \/>\n\u2022 Enhver anden anvendelse, der kr\u00e6ver bivoks af h\u00f8jeste kvalitet<\/p>\n<p><strong>Form og emballage<\/strong><\/p>\n<p>En vare i 50A2020 refererer til 25 kg organiske bivokspastiller pakket i en papkasse med dimensionerne 47,5 cm x 36 cm x 30 cm. Inde i kassen er en inliner-pose lavet af f\u00f8devaregodkendt plast for at undg\u00e5 spild af pillerne. Der er 36 papkasser med bivokspiller p\u00e5 \u00e9n palle med m\u00e5lene 115cm x 115cm og en egenv\u00e6gt p\u00e5 900kg.<\/p>\n<p><strong>Dokumentation<\/strong><\/p>\n<ul>\n<li><a href=\"http:\/\/voksgrossisten.com\/wp-content\/uploads\/2024\/06\/PDS-50A2020-COSMOS-Organic-beeswax-pellets.pdf\">PDS 50A2020 COSMOS Organic beeswax pellets<\/a><\/li>\n<\/ul>","protected":false},"excerpt":{"rendered":"<p>\u00c9n palle COSMOS \u00f8kologiske gule bivokspiller i 25 kg papkasser. Denne bivoks er af den h\u00f8jest tilg\u00e6ngelige kvalitet p\u00e5 markedet og kan ikke kun bruges til kosmetik, men ogs\u00e5 andre premium applikationer med h\u00f8je kvalitetskrav.<\/p>","protected":false},"featured_media":932,"template":"","meta":{"_themeisle_gutenberg_block_has_review":false,"_ti_tpc_template_sync":false,"_ti_tpc_template_id":""},"product_cat":[55,73,52],"product_tag":[],"class_list":{"0":"post-965","1":"product","2":"type-product","3":"status-publish","4":"has-post-thumbnail","6":"product_cat-cosmetic-grade","7":"product_cat-cosmos-organic","8":"product_cat-ph-eur","9":"product_shipping_class-palette","11":"first","12":"instock","13":"taxable","14":"shipping-taxable","15":"product-type-simple"},"_links":{"self":[{"href":"https:\/\/voksgrossisten.com\/da\/wp-json\/wp\/v2\/product\/965","targetHints":{"allow":["GET"]}}],"collection":[{"href":"https:\/\/voksgrossisten.com\/da\/wp-json\/wp\/v2\/product"}],"about":[{"href":"https:\/\/voksgrossisten.com\/da\/wp-json\/wp\/v2\/types\/product"}],"wp:featuredmedia":[{"embeddable":true,"href":"https:\/\/voksgrossisten.com\/da\/wp-json\/wp\/v2\/media\/932"}],"wp:attachment":[{"href":"https:\/\/voksgrossisten.com\/da\/wp-json\/wp\/v2\/media?parent=965"}],"wp:term":[{"taxonomy":"product_cat","embeddable":true,"href":"https:\/\/voksgrossisten.com\/da\/wp-json\/wp\/v2\/product_cat?post=965"},{"taxonomy":"product_tag","embeddable":true,"href":"https:\/\/voksgrossisten.com\/da\/wp-json\/wp\/v2\/product_tag?post=965"}],"curies":[{"name":"wp","href":"https:\/\/api.w.org\/{rel}","templated":true}]}}