{"id":388,"date":"2023-12-15T15:03:46","date_gmt":"2023-12-15T15:03:46","guid":{"rendered":"https:\/\/b2beeswax.com\/?page_id=388"},"modified":"2024-06-10T08:32:49","modified_gmt":"2024-06-10T08:32:49","slug":"industry","status":"publish","type":"page","link":"https:\/\/voksgrossisten.com\/de\/industry\/","title":{"rendered":"Industrie"},"content":{"rendered":"<h3 class=\"wp-block-heading\">Bienenwachs f\u00fcr industrielle Zwecke<\/h3><figure class=\"wp-block-image size-full has-custom-border\"><img loading=\"lazy\" decoding=\"async\" width=\"862\" height=\"340\" src=\"https:\/\/b2beeswax.com\/wp-content\/uploads\/2024\/01\/lack-1-cut-1.jpg\" alt=\"\" class=\"wp-image-495\" style=\"border-radius:6px\" srcset=\"https:\/\/voksgrossisten.com\/wp-content\/uploads\/2024\/01\/lack-1-cut-1.jpg 862w, https:\/\/voksgrossisten.com\/wp-content\/uploads\/2024\/01\/lack-1-cut-1-300x118.jpg 300w, https:\/\/voksgrossisten.com\/wp-content\/uploads\/2024\/01\/lack-1-cut-1-768x303.jpg 768w\" sizes=\"auto, (max-width: 862px) 100vw, 862px\" \/><\/figure><p>Bienenwachs findet aufgrund seiner einzigartigen Eigenschaften mehrere wertvolle Anwendungen im industriellen Umfeld. Einige h\u00e4ufige Verwendungszwecke von Bienenwachs in industriellen Anwendungen sind:<\/p><ol class=\"wp-block-list\"><li><b>Schmierstoffe und Fette<\/b><br>Bienenwachs wird aufgrund seiner nat\u00fcrlichen Gleitf\u00e4higkeit und geringen Reibungseigenschaften bei der Formulierung von Schmiermitteln und Fetten verwendet. Es tr\u00e4gt dazu bei, den Verschlei\u00df von Maschinenkomponenten zu reduzieren und sorgt f\u00fcr eine langanhaltende Schutzschicht.<\/li>\n\n<li><strong>Polier- und Finishing-Compounds<\/strong> <br>Der nat\u00fcrliche Glanz und die glatte Textur von Bienenwachs machen es zu einer hervorragenden Zutat in Polier- und Finishmitteln f\u00fcr verschiedene Materialien, darunter Holz, Metall und Leder.<\/li>\n\n<li><strong>Dichtungsmittel und Abdichtung<\/strong><br>Bienenwachs hat wasserabweisende Eigenschaften und ist daher ein wertvoller Bestandteil von Dichtungs- und Impr\u00e4gniermitteln. Es bildet eine Schutzbarriere auf Oberfl\u00e4chen, verhindert das Eindringen von Feuchtigkeit und erh\u00f6ht die Haltbarkeit.<\/li>\n\n<li><strong>Kerzen und Beschichtungen<\/strong><br>Bienenwachs wird h\u00e4ufig bei der Herstellung hochwertiger Kerzen verwendet und stellt eine saubere und langsam brennende Alternative dar. In industriellen Anwendungen k\u00f6nnen Bienenwachsbeschichtungen auch auf Oberfl\u00e4chen aufgetragen werden, um diese vor Korrosion und Umwelteinfl\u00fcssen zu sch\u00fctzen.<\/li>\n\n<li><strong>Elektronik und elektrische Komponenten<\/strong><br>Bienenwachs dient in einigen elektrischen Anwendungen als Isoliermaterial. Es kann zum Beschichten von Dr\u00e4hten und Komponenten verwendet werden, um sie vor Feuchtigkeit und Umweltsch\u00e4den zu sch\u00fctzen.<\/li>\n\n<li><strong>Formen und Gie\u00dfen<\/strong><br>Bienenwachs wird in industriellen Gussverfahren verwendet. Es kann zur Herstellung komplexer Formen f\u00fcr den Metallguss verwendet werden, da es feine Details wiedergibt und hohen Temperaturen standh\u00e4lt.<\/li>\n\n<li><strong>Textilindustrie<\/strong><br>Bienenwachs kann auf Textilien aufgetragen werden, um sie wasserdicht zu machen oder ihre Festigkeit zu erh\u00f6hen. Dies ist besonders in industriellen Anwendungen n\u00fctzlich, wo Textilien rauen Bedingungen standhalten m\u00fcssen.<\/li>\n\n<li><strong>Holzbearbeitung<\/strong><br>Bienenwachs wird in der Holzverarbeitung verwendet, um Holzoberfl\u00e4chen eine nat\u00fcrliche Oberfl\u00e4che zu verleihen. Es verbessert das Aussehen des Holzes und bietet gleichzeitig Schutz vor Feuchtigkeit und Abnutzung.<\/li><\/ol><p>Die Vielseitigkeit und die nat\u00fcrlichen Eigenschaften von Bienenwachs machen es zu einem gefragten Bestandteil in verschiedenen industriellen Prozessen und bieten nachhaltige und umweltfreundliche Alternativen f\u00fcr verschiedene Anwendungen. Wenn Sie mehr Informationen \u00fcber industrielles Bienenwachs  ben\u00f6tigen folgen Sie bitte diesem <a href=\"https:\/\/voksgrossisten.com\/da\/produkt-kategorie\/ral-grade\/\">link<\/a> to our webshop.<\/p>","protected":false},"excerpt":{"rendered":"<p>Beeswax for industrial uses Beeswax finds several valuable applications in industrial settings due to its unique properties. Some common uses of beeswax in industrial applications include: The versatility and natural qualities of beeswax make it a sought-after ingredient in various industrial processes, offering sustainable and eco-friendly alternatives in several applications. You can find industrial beeswax [&hellip;]<\/p>","protected":false},"author":1,"featured_media":0,"parent":0,"menu_order":0,"comment_status":"closed","ping_status":"closed","template":"","meta":{"_themeisle_gutenberg_block_has_review":false,"_ti_tpc_template_sync":false,"_ti_tpc_template_id":"","footnotes":""},"class_list":["post-388","page","type-page","status-publish","hentry"],"_links":{"self":[{"href":"https:\/\/voksgrossisten.com\/de\/wp-json\/wp\/v2\/pages\/388","targetHints":{"allow":["GET"]}}],"collection":[{"href":"https:\/\/voksgrossisten.com\/de\/wp-json\/wp\/v2\/pages"}],"about":[{"href":"https:\/\/voksgrossisten.com\/de\/wp-json\/wp\/v2\/types\/page"}],"author":[{"embeddable":true,"href":"https:\/\/voksgrossisten.com\/de\/wp-json\/wp\/v2\/users\/1"}],"replies":[{"embeddable":true,"href":"https:\/\/voksgrossisten.com\/de\/wp-json\/wp\/v2\/comments?post=388"}],"version-history":[{"count":10,"href":"https:\/\/voksgrossisten.com\/de\/wp-json\/wp\/v2\/pages\/388\/revisions"}],"predecessor-version":[{"id":939,"href":"https:\/\/voksgrossisten.com\/de\/wp-json\/wp\/v2\/pages\/388\/revisions\/939"}],"wp:attachment":[{"href":"https:\/\/voksgrossisten.com\/de\/wp-json\/wp\/v2\/media?parent=388"}],"curies":[{"name":"wp","href":"https:\/\/api.w.org\/{rel}","templated":true}]}}