{"id":50,"date":"2023-11-16T14:20:22","date_gmt":"2023-11-16T14:20:22","guid":{"rendered":"http:\/\/voksgrossisten.com\/?page_id=50"},"modified":"2024-10-29T21:54:19","modified_gmt":"2024-10-29T21:54:19","slug":"products","status":"publish","type":"page","link":"https:\/\/voksgrossisten.com\/de\/products\/","title":{"rendered":"Anwendungen"},"content":{"rendered":"<div class=\"wp-block-columns alignwide is-layout-flex wp-container-core-columns-is-layout-28f84493 wp-block-columns-is-layout-flex\"><div class=\"wp-block-column is-layout-flow wp-block-column-is-layout-flow\" style=\"flex-basis:100%\"><h3 id=\"wp-block-themeisle-blocks-advanced-heading-92e08627\" class=\"wp-block-themeisle-blocks-advanced-heading wp-block-themeisle-blocks-advanced-heading-92e08627\">Anwendungen von Bienenwachs<\/h3><\/div><\/div><figure class=\"wp-block-gallery alignwide has-nested-images columns-default is-cropped wp-block-gallery-1 is-layout-flex wp-block-gallery-is-layout-flex\"><figure class=\"wp-block-image size-full\"><img loading=\"lazy\" decoding=\"async\" width=\"1000\" height=\"692\" data-id=\"146\" src=\"http:\/\/voksgrossisten.com\/wp-content\/uploads\/2023\/11\/wax-polish-original.jpg\" alt=\"\" class=\"wp-image-146\" srcset=\"https:\/\/voksgrossisten.com\/wp-content\/uploads\/2023\/11\/wax-polish-original.jpg 1000w, https:\/\/voksgrossisten.com\/wp-content\/uploads\/2023\/11\/wax-polish-original-300x208.jpg 300w, https:\/\/voksgrossisten.com\/wp-content\/uploads\/2023\/11\/wax-polish-original-768x531.jpg 768w\" sizes=\"auto, (max-width: 1000px) 100vw, 1000px\" \/><\/figure>\n\n<figure class=\"wp-block-image size-full\"><img loading=\"lazy\" decoding=\"async\" width=\"1000\" height=\"668\" data-id=\"399\" src=\"http:\/\/voksgrossisten.com\/wp-content\/uploads\/2023\/12\/shutterstock_1566683218-1000x.jpg\" alt=\"\" class=\"wp-image-399\" srcset=\"https:\/\/voksgrossisten.com\/wp-content\/uploads\/2023\/12\/shutterstock_1566683218-1000x.jpg 1000w, https:\/\/voksgrossisten.com\/wp-content\/uploads\/2023\/12\/shutterstock_1566683218-1000x-300x200.jpg 300w, https:\/\/voksgrossisten.com\/wp-content\/uploads\/2023\/12\/shutterstock_1566683218-1000x-768x513.jpg 768w\" sizes=\"auto, (max-width: 1000px) 100vw, 1000px\" \/><\/figure>\n\n<figure class=\"wp-block-image size-full\"><img loading=\"lazy\" decoding=\"async\" width=\"1000\" height=\"667\" data-id=\"400\" src=\"http:\/\/voksgrossisten.com\/wp-content\/uploads\/2023\/12\/shutterstock_21250117221-1000x.jpg\" alt=\"\" class=\"wp-image-400\" srcset=\"https:\/\/voksgrossisten.com\/wp-content\/uploads\/2023\/12\/shutterstock_21250117221-1000x.jpg 1000w, https:\/\/voksgrossisten.com\/wp-content\/uploads\/2023\/12\/shutterstock_21250117221-1000x-300x200.jpg 300w, https:\/\/voksgrossisten.com\/wp-content\/uploads\/2023\/12\/shutterstock_21250117221-1000x-768x512.jpg 768w\" sizes=\"auto, (max-width: 1000px) 100vw, 1000px\" \/><\/figure><\/figure><div class=\"wp-block-columns alignwide is-layout-flex wp-container-core-columns-is-layout-28f84493 wp-block-columns-is-layout-flex\"><div class=\"wp-block-column is-layout-flow wp-block-column-is-layout-flow\" style=\"flex-basis:100%\"><p id=\"mntl-sc-block_1-0-11\">Bienenwachs ist ein von jungen Honigbienen (<em>Apis mellifera<\/em>) produziertes Sekret und die Grundlage jedes Bienenstocks. Neu hergestelltes Bienenwachs hat eine hellgelbe Farbe, die mit der Zeit jedoch zu einem Goldgelb nachdunkelt. Durch den Kontakt mit Propolis und Brut kann es mit der Zeit auch braun werden, weshalb nat\u00fcrliches Bienenwachs vom Imker in vielen Formen und Farben angeboten wird. Obwohl es haupts\u00e4chlich aus Estern von Fetts\u00e4uren besteht, ist seine Zusammensetzung recht komplex mit mehr als 200 weiteren Nebenbestandteilen, die identifiziert wurden und zu den Eigenschaften dieses wunderbaren Produkts beitragen. Dank dieser einzigartigen nat\u00fcrlichen Mischung von Komponenten findet Bienenwachs vielf\u00e4ltige Anwendungsm\u00f6glichkeiten in verschiedenen Bereichen und Branchen:<\/p><\/div><\/div><div id=\"wp-block-themeisle-blocks-accordion-ce2f4e2b\" class=\"wp-block-themeisle-blocks-accordion exclusive\"><details class=\"wp-block-themeisle-blocks-accordion-item\"><summary class=\"wp-block-themeisle-blocks-accordion-item__title\"><div><a href=\"https:\/\/b2beeswax.com\/candles\/\" data-type=\"page\" data-id=\"63\">Bienenwachskerzen<\/a><\/div><\/summary><div class=\"wp-block-themeisle-blocks-accordion-item__content\"><figure class=\"wp-block-image size-full\"><a href=\"https:\/\/b2beeswax.com\/candles\/\"><img loading=\"lazy\" decoding=\"async\" width=\"862\" height=\"340\" src=\"http:\/\/voksgrossisten.com\/wp-content\/uploads\/2023\/12\/kerzen1-cut.jpg\" alt=\"\" class=\"wp-image-378\" srcset=\"https:\/\/voksgrossisten.com\/wp-content\/uploads\/2023\/12\/kerzen1-cut.jpg 862w, https:\/\/voksgrossisten.com\/wp-content\/uploads\/2023\/12\/kerzen1-cut-300x118.jpg 300w, https:\/\/voksgrossisten.com\/wp-content\/uploads\/2023\/12\/kerzen1-cut-768x303.jpg 768w\" sizes=\"auto, (max-width: 862px) 100vw, 862px\" \/><\/a><\/figure>\n\n<p>Bienenwachskerzen werden seit Jahrtausenden hergestellt und bieten viele Vorteile gegen\u00fcber k\u00fcnstlichen Alternativen wie Paraffin oder Stearin. Unser Bienenwachs entspricht der Norm RAL-GZ 041 und ergibt wundersch\u00f6ne, langbrennende und gut brennende Kerzen mit einem s\u00fc\u00dfen, nat\u00fcrlichen Duft.  <\/p><\/div><\/details>\n\n<details class=\"wp-block-themeisle-blocks-accordion-item\"><summary class=\"wp-block-themeisle-blocks-accordion-item__title\"><div><a href=\"https:\/\/b2beeswax.com\/industry\/\" data-type=\"page\" data-id=\"388\">Industrielle Nutzung<\/a><\/div><\/summary><div class=\"wp-block-themeisle-blocks-accordion-item__content\"><figure class=\"wp-block-image size-full\"><a href=\"https:\/\/b2beeswax.com\/industry\/\"><img loading=\"lazy\" decoding=\"async\" width=\"862\" height=\"340\" src=\"https:\/\/b2beeswax.com\/wp-content\/uploads\/2024\/01\/lack-1-cut.jpg\" alt=\"\" class=\"wp-image-427\" srcset=\"https:\/\/voksgrossisten.com\/wp-content\/uploads\/2024\/01\/lack-1-cut.jpg 862w, https:\/\/voksgrossisten.com\/wp-content\/uploads\/2024\/01\/lack-1-cut-300x118.jpg 300w, https:\/\/voksgrossisten.com\/wp-content\/uploads\/2024\/01\/lack-1-cut-768x303.jpg 768w\" sizes=\"auto, (max-width: 862px) 100vw, 862px\" \/><\/a><\/figure>\n\n<p>Aufgrund der einzigartigen Eigenschaften von Bienenwachs gibt es unz\u00e4hlige Anwendungsm\u00f6glichkeiten im industriellen Kontext, von Holz- und Schuhcremes \u00fcber Reinigungsmittel oder Schmiermittel bis hin zu vielen Arten von Lacken. Die wichtigsten Faktoren f\u00fcr den industriellen Einsatz sind eine gute Filterung zur Entfernung von Verunreinigungen vor dem Mischen mit anderen Zutaten und die Reinheit des Rohmaterials. Deshalb bieten wir f\u00fcr jede von uns verkaufte Charge Bienenwachs eine Laboranalyse an. <\/p><\/div><\/details>\n\n<details class=\"wp-block-themeisle-blocks-accordion-item\"><summary class=\"wp-block-themeisle-blocks-accordion-item__title\"><div><a href=\"https:\/\/b2beeswax.com\/food\/\" data-type=\"page\" data-id=\"390\">Lebensmittel<\/a><\/div><\/summary><div class=\"wp-block-themeisle-blocks-accordion-item__content\"><figure class=\"wp-block-image size-full\"><a href=\"https:\/\/b2beeswax.com\/food\/\"><img loading=\"lazy\" decoding=\"async\" width=\"862\" height=\"340\" src=\"https:\/\/b2beeswax.com\/wp-content\/uploads\/2024\/01\/fruit-cut-1.jpg\" alt=\"\" class=\"wp-image-430\" srcset=\"https:\/\/voksgrossisten.com\/wp-content\/uploads\/2024\/01\/fruit-cut-1.jpg 862w, https:\/\/voksgrossisten.com\/wp-content\/uploads\/2024\/01\/fruit-cut-1-300x118.jpg 300w, https:\/\/voksgrossisten.com\/wp-content\/uploads\/2024\/01\/fruit-cut-1-768x303.jpg 768w\" sizes=\"auto, (max-width: 862px) 100vw, 862px\" \/><\/a><\/figure>\n\n<p>Bienenwachs ist essbar und bietet zwar keinen wirklichen N\u00e4hrwert, seine Eigenschaften und seine antibakterielle Natur machen es jedoch zu einer perfekten Beschichtung f\u00fcr viele Obst- und Gem\u00fcsesorten und verbessern das Gesamtbild, die Frische und die Langlebigkeit. Es wird auch von renommierten K\u00f6chen weltweit beim Kochen als Glasur f\u00fcr Fleisch oder S\u00fc\u00dfigkeiten verwendet. Unser Bienenwachs ist f\u00fcr den menschlichen Verzehr zugelassen und entspricht der EU-Norm E901, was die sichere Verwendung als Lebensmittelzusatzstoff garantiert.<\/p><\/div><\/details>\n\n<details class=\"wp-block-themeisle-blocks-accordion-item\"><summary class=\"wp-block-themeisle-blocks-accordion-item__title\"><div><a href=\"https:\/\/b2beeswax.com\/cosmetics\/\" data-type=\"page\" data-id=\"73\">Kosmetik<\/a><\/div><\/summary><div class=\"wp-block-themeisle-blocks-accordion-item__content\"><figure class=\"wp-block-image size-full\"><a href=\"https:\/\/b2beeswax.com\/cosmetics\/\"><img loading=\"lazy\" decoding=\"async\" width=\"862\" height=\"340\" src=\"https:\/\/b2beeswax.com\/wp-content\/uploads\/2024\/01\/lip-balm-cut-1.png\" alt=\"\" class=\"wp-image-480\" srcset=\"https:\/\/voksgrossisten.com\/wp-content\/uploads\/2024\/01\/lip-balm-cut-1.png 862w, https:\/\/voksgrossisten.com\/wp-content\/uploads\/2024\/01\/lip-balm-cut-1-300x118.png 300w, https:\/\/voksgrossisten.com\/wp-content\/uploads\/2024\/01\/lip-balm-cut-1-768x303.png 768w\" sizes=\"auto, (max-width: 862px) 100vw, 862px\" \/><\/a><\/figure>\n\n<p>Als nat\u00fcrlicher Inhaltsstoff wird Bienenwachs in vielen Kosmetikprodukten wie Rouge, Lidschatten, Lipgloss, Lippenbalsam und Feuchtigkeitscremes verwendet. Wir bieten hochwertige Bienenwachspastillen als kosmetischen Inhaltsstoff sowohl in nat\u00fcrlichem Gelb (Cera Flava) als auch in gebleichtem Wei\u00df (Cera Alba) sowohl in normaler als auch in Premiumqualit\u00e4t mit kontrollierten Pestizidr\u00fcckst\u00e4nden an, um eine Migration in kosmetische Produkte zu vermeiden. <\/p><\/div><\/details>\n\n<details class=\"wp-block-themeisle-blocks-accordion-item\"><summary class=\"wp-block-themeisle-blocks-accordion-item__title\"><div><a href=\"https:\/\/b2beeswax.com\/pharma\/\" data-type=\"page\" data-id=\"75\">Pharma<\/a><\/div><\/summary><div class=\"wp-block-themeisle-blocks-accordion-item__content\"><figure class=\"wp-block-image size-full\"><a href=\"https:\/\/b2beeswax.com\/pharma\/\"><img loading=\"lazy\" decoding=\"async\" width=\"862\" height=\"340\" src=\"https:\/\/b2beeswax.com\/wp-content\/uploads\/2024\/01\/pharma-cut-1.jpg\" alt=\"\" class=\"wp-image-448\" srcset=\"https:\/\/voksgrossisten.com\/wp-content\/uploads\/2024\/01\/pharma-cut-1.jpg 862w, https:\/\/voksgrossisten.com\/wp-content\/uploads\/2024\/01\/pharma-cut-1-300x118.jpg 300w, https:\/\/voksgrossisten.com\/wp-content\/uploads\/2024\/01\/pharma-cut-1-768x303.jpg 768w\" sizes=\"auto, (max-width: 862px) 100vw, 862px\" \/><\/a><\/figure>\n\n<p>Seine wohltuenden antibakteriellen und antioxidativen Eigenschaften machen Bienenwachs zu einem wertvollen Bestandteil verschiedener pharmazeutischer Produkte. Wir bieten Ph. Eur. an. Hochwertiges Bienenwachs, das hervorragende Emulsionen herstellt und als Hilfsstoffbasis f\u00fcr pharmazeutische Cremes und Salben sowie als Bestandteil in medizinischen Formulierungen wie Hydrogelen, Verb\u00e4nden und Pasten verwendet wird. <\/p><\/div><\/details>\n\n<details class=\"wp-block-themeisle-blocks-accordion-item\"><summary class=\"wp-block-themeisle-blocks-accordion-item__title\"><div><a href=\"https:\/\/b2beeswax.com\/beekeeping\/\" data-type=\"page\" data-id=\"386\">Imkerei<\/a><\/div><\/summary><div class=\"wp-block-themeisle-blocks-accordion-item__content\"><figure class=\"wp-block-image size-full\"><a href=\"https:\/\/b2beeswax.com\/beekeeping\/\"><img loading=\"lazy\" decoding=\"async\" width=\"862\" height=\"340\" src=\"https:\/\/b2beeswax.com\/wp-content\/uploads\/2024\/01\/foundation-cut-1.png\" alt=\"\" class=\"wp-image-477\" srcset=\"https:\/\/voksgrossisten.com\/wp-content\/uploads\/2024\/01\/foundation-cut-1.png 862w, https:\/\/voksgrossisten.com\/wp-content\/uploads\/2024\/01\/foundation-cut-1-300x118.png 300w, https:\/\/voksgrossisten.com\/wp-content\/uploads\/2024\/01\/foundation-cut-1-768x303.png 768w\" sizes=\"auto, (max-width: 862px) 100vw, 862px\" \/><\/a><\/figure>\n\n<p>In der modernen Imkerei ist es von gr\u00f6\u00dfter Bedeutung, bei zunehmender Bienenv\u00f6lkerzahl nur gute und qualit\u00e4tsgepr\u00fcfte Bienenwachsgrundlagen zu verwenden, um den internen Bienenwachskreislauf sauber zu halten. W\u00e4hrend viele Lieferanten Bienenwachs in Industriequalit\u00e4t f\u00fcr die Imkerei anbieten und bewerben, verkaufen wir nur Chargen, die zu 100 % aus reinem Bienenwachs mit kontrolliertem Pestizidgehalt und Analyseberichten akkreditierter Labore bestehen.   <\/p><\/div><\/details><\/div><div class=\"wp-block-columns alignwide is-layout-flex wp-container-core-columns-is-layout-28f84493 wp-block-columns-is-layout-flex\"><div class=\"wp-block-column is-layout-flow wp-block-column-is-layout-flow\" style=\"flex-basis:100%\"><p>Reines Bienenwachs ist ein seltenes Produkt und macht je nach Imkereitechnik nur 2 bis 8 % des Honigs aus, der in einem Bienenstock produziert wird. Aber nicht jedes Bienenwachs ist von gleicher Qualit\u00e4t: Die Behandlungen, die ein Imker anwendet, um die Bienen gesund zu halten, haben einen gro\u00dfen Einfluss auf die R\u00fcckst\u00e4nde, die in das Wachs wandern k\u00f6nnen, und der umfangreiche Einsatz von Pestiziden, Insektiziden und Fungiziden macht es schwierig, Bienenwachs zu finden das keine Spuren einiger dieser Wirkstoffe enth\u00e4lt. <br>Aufgrund dieser Unterschiede und fehlender Qualit\u00e4tsstandards f\u00fcr Bienenwachs in vielen Branchen ist es wichtig zu wissen, welche Wachsart und Herkunft f\u00fcr einen bestimmten Zweck am besten geeignet ist. <br><br>Nehmen Sie gerne Kontakt mit uns auf, wir verf\u00fcgen \u00fcber die n\u00f6tige Erfahrung und Expertise, um Ihre Fragen zu beantworten und freuen uns auf Ihre Kontaktaufnahme. <\/p><\/div><\/div><div class=\"wp-block-columns is-layout-flex wp-container-core-columns-is-layout-28f84493 wp-block-columns-is-layout-flex\"><div class=\"wp-block-column is-layout-flow wp-block-column-is-layout-flow\" style=\"flex-basis:100%\"><\/div><\/div>","protected":false},"excerpt":{"rendered":"<p>Beeswax is a secretion produced by young honey bees (Apis mellifera) and the foundation of every beehive. When newly produced, beeswax is light yellow in color but over time it darkens to a golden yellow. Due to contact with propolis and brood it can also turn brown with time which is why natural beeswax comes [&hellip;]<\/p>","protected":false},"author":1,"featured_media":0,"parent":0,"menu_order":0,"comment_status":"closed","ping_status":"closed","template":"","meta":{"_themeisle_gutenberg_block_has_review":false,"_ti_tpc_template_sync":false,"_ti_tpc_template_id":"","footnotes":""},"class_list":["post-50","page","type-page","status-publish","hentry"],"_links":{"self":[{"href":"https:\/\/voksgrossisten.com\/de\/wp-json\/wp\/v2\/pages\/50","targetHints":{"allow":["GET"]}}],"collection":[{"href":"https:\/\/voksgrossisten.com\/de\/wp-json\/wp\/v2\/pages"}],"about":[{"href":"https:\/\/voksgrossisten.com\/de\/wp-json\/wp\/v2\/types\/page"}],"author":[{"embeddable":true,"href":"https:\/\/voksgrossisten.com\/de\/wp-json\/wp\/v2\/users\/1"}],"replies":[{"embeddable":true,"href":"https:\/\/voksgrossisten.com\/de\/wp-json\/wp\/v2\/comments?post=50"}],"version-history":[{"count":39,"href":"https:\/\/voksgrossisten.com\/de\/wp-json\/wp\/v2\/pages\/50\/revisions"}],"predecessor-version":[{"id":1030,"href":"https:\/\/voksgrossisten.com\/de\/wp-json\/wp\/v2\/pages\/50\/revisions\/1030"}],"wp:attachment":[{"href":"https:\/\/voksgrossisten.com\/de\/wp-json\/wp\/v2\/media?parent=50"}],"curies":[{"name":"wp","href":"https:\/\/api.w.org\/{rel}","templated":true}]}}