{"id":63,"date":"2023-11-16T14:15:25","date_gmt":"2023-11-16T14:15:25","guid":{"rendered":"http:\/\/voksgrossisten.com\/?page_id=63"},"modified":"2024-06-10T08:30:39","modified_gmt":"2024-06-10T08:30:39","slug":"candles","status":"publish","type":"page","link":"https:\/\/voksgrossisten.com\/de\/candles\/","title":{"rendered":"Bienenwachskerzen"},"content":{"rendered":"<h3 class=\"wp-block-heading\">Bienenwachskerzen<\/h3><figure class=\"wp-block-image size-full has-custom-border\"><img loading=\"lazy\" decoding=\"async\" width=\"862\" height=\"340\" src=\"https:\/\/b2beeswax.com\/wp-content\/uploads\/2023\/12\/kerzen1-cut.jpg\" alt=\"\" class=\"wp-image-378\" style=\"border-radius:6px\" srcset=\"https:\/\/voksgrossisten.com\/wp-content\/uploads\/2023\/12\/kerzen1-cut.jpg 862w, https:\/\/voksgrossisten.com\/wp-content\/uploads\/2023\/12\/kerzen1-cut-300x118.jpg 300w, https:\/\/voksgrossisten.com\/wp-content\/uploads\/2023\/12\/kerzen1-cut-768x303.jpg 768w\" sizes=\"auto, (max-width: 862px) 100vw, 862px\" \/><\/figure><p>Bienenwachskerzen sind v\u00f6llig nat\u00fcrlich und produzieren keine giftigen Nebenprodukte. Im Gegenteil, schmelzendes Bienenwachs erzeugt negative Ionen, die Schadstoffe wie Schimmel, Ger\u00fcche, Staub, Bakterien und Viren anziehen und so zur Verbesserung der Luftqualit\u00e4t beitragen. Unser RAL-Bienenwachs entspricht nicht nur zu 100 % der geforderten Qualit\u00e4tsnorm RAL-GZ 041 f\u00fcr Kerzen, wir achten auch darauf, nur Chargen auszuw\u00e4hlen, die einen noch geringeren Gesamtkohlenwasserstoffgehalt unter 16,5 % sowie ein sehr gutes nat\u00fcrliches Aroma aufweisen um reine und gut brennende Bienenwachskerzen zu gew\u00e4hrleisten. Es ist die perfekte Grundlage f\u00fcr alle Arten von Bienenwachskerzen und alle Arten von Produktionstechniken. <br>  <\/p><h4 class=\"wp-block-heading\">Anwendungen<\/h4><p>Kerzen: gerollt, gegossen, gezogen, Teelicht, Weihnachtskerzen usw. <\/p><p>Industrie: Holz- und Schuhcremes, Reinigungsmittel, Schmierstoffe, Lacke usw.<\/p><p><\/p><figure class=\"wp-block-table\"><table cellspacing=\"2\"><tbody><tr bgcolor=\"#232D49\"; style=\"color:#FFFFFF\"><td width=\"200\"><strong>Test Criteria<\/strong><\/td><td width=\"300\"><strong>Test methods<\/strong><\/td><td width=\"200\"><strong>Reference values<\/strong><\/td><\/tr><tr><td>Dripping point<\/td><td>according to DAB 10<\/td><td>61-65 \u00b0C<\/td><\/tr><tr><td>Acid number<\/td><td>according to DAB 10<\/td><td>17-24<\/td><\/tr><tr><td>Saponification number<\/td><td>according to DAB 10<\/td><td>87-104<\/td><\/tr><tr><td>Ester number<\/td><td>according to DAB 10<\/td><td>70-80<\/td><\/tr><tr><td>Ratio number<\/td><td>according to DAB 10<\/td><td>3.3-4.3<\/td><\/tr><tr><td>Total hydrocarbons<\/td><td>according to DAB 10<\/td><td>max. 18 %<\/td><\/tr><\/tbody><\/table><\/figure><p>Bitte folgen Sie diesem <a href=\"https:\/\/voksgrossisten.com\/da\/produkt-kategorie\/ral-grade\/\">link<\/a> zu unserem Shop, um unsere aktuellen Angebote f\u00fcr Bienenwachs in der RAL-Qualit\u00e4t zu finden.<\/p>","protected":false},"excerpt":{"rendered":"<p>Beeswax candles Beeswax candles are all-natural and don\u2019t produce any toxic byproducts. On the contrary, melting beeswax produces negative ions which attracts pollutants such as moulds, odor, dust, bacteria and viruses and helps thereby to improve the air quality. Our RAL grade beeswax is not only 100% conform to the required quality standard RAL-GZ 041 [&hellip;]<\/p>","protected":false},"author":1,"featured_media":0,"parent":0,"menu_order":0,"comment_status":"closed","ping_status":"closed","template":"","meta":{"_themeisle_gutenberg_block_has_review":false,"_ti_tpc_template_sync":false,"_ti_tpc_template_id":"","footnotes":""},"class_list":["post-63","page","type-page","status-publish","hentry"],"_links":{"self":[{"href":"https:\/\/voksgrossisten.com\/de\/wp-json\/wp\/v2\/pages\/63","targetHints":{"allow":["GET"]}}],"collection":[{"href":"https:\/\/voksgrossisten.com\/de\/wp-json\/wp\/v2\/pages"}],"about":[{"href":"https:\/\/voksgrossisten.com\/de\/wp-json\/wp\/v2\/types\/page"}],"author":[{"embeddable":true,"href":"https:\/\/voksgrossisten.com\/de\/wp-json\/wp\/v2\/users\/1"}],"replies":[{"embeddable":true,"href":"https:\/\/voksgrossisten.com\/de\/wp-json\/wp\/v2\/comments?post=63"}],"version-history":[{"count":33,"href":"https:\/\/voksgrossisten.com\/de\/wp-json\/wp\/v2\/pages\/63\/revisions"}],"predecessor-version":[{"id":937,"href":"https:\/\/voksgrossisten.com\/de\/wp-json\/wp\/v2\/pages\/63\/revisions\/937"}],"wp:attachment":[{"href":"https:\/\/voksgrossisten.com\/de\/wp-json\/wp\/v2\/media?parent=63"}],"curies":[{"name":"wp","href":"https:\/\/api.w.org\/{rel}","templated":true}]}}