{"id":670,"date":"2024-05-08T10:13:02","date_gmt":"2024-05-08T10:13:02","guid":{"rendered":"https:\/\/b2beeswax.com\/impressum\/"},"modified":"2024-11-22T09:42:51","modified_gmt":"2024-11-22T09:42:51","slug":"impressum","status":"publish","type":"page","link":"https:\/\/voksgrossisten.com\/de\/impressum\/","title":{"rendered":"Impressum"},"content":{"rendered":"<h3>Impressum<\/h3>\n<p class=\"has-system-sans-serif-font-family\">Swienty Commodities ApS<br \/>\nH\u00f8rtoftvej 16<br \/>\nDK-6400 S\u00f8nderborg<\/p>\n<p class=\"has-system-sans-serif-font-family\">VAT: DK34728771<\/p>\n<p class=\"has-system-sans-serif-font-family\">Verantwortlich: David R\u00f6skamp<br \/>\nMail: dr@swienty.com<br \/>\nPhone: +45 28560460<\/p>","protected":false},"excerpt":{"rendered":"<p>Legal Notice Swienty Commodities ApS H\u00f8rtoftvej 16 DK-6400 S\u00f8nderborg VAT: DK34728771 Responsible: David R\u00f6skamp Mail: dr@swienty.com Phone: +45 28560460<\/p>","protected":false},"author":1,"featured_media":0,"parent":0,"menu_order":0,"comment_status":"closed","ping_status":"closed","template":"","meta":{"_themeisle_gutenberg_block_has_review":false,"_ti_tpc_template_sync":false,"_ti_tpc_template_id":"","footnotes":""},"class_list":["post-670","page","type-page","status-publish","hentry"],"_links":{"self":[{"href":"https:\/\/voksgrossisten.com\/de\/wp-json\/wp\/v2\/pages\/670","targetHints":{"allow":["GET"]}}],"collection":[{"href":"https:\/\/voksgrossisten.com\/de\/wp-json\/wp\/v2\/pages"}],"about":[{"href":"https:\/\/voksgrossisten.com\/de\/wp-json\/wp\/v2\/types\/page"}],"author":[{"embeddable":true,"href":"https:\/\/voksgrossisten.com\/de\/wp-json\/wp\/v2\/users\/1"}],"replies":[{"embeddable":true,"href":"https:\/\/voksgrossisten.com\/de\/wp-json\/wp\/v2\/comments?post=670"}],"version-history":[{"count":4,"href":"https:\/\/voksgrossisten.com\/de\/wp-json\/wp\/v2\/pages\/670\/revisions"}],"predecessor-version":[{"id":1071,"href":"https:\/\/voksgrossisten.com\/de\/wp-json\/wp\/v2\/pages\/670\/revisions\/1071"}],"wp:attachment":[{"href":"https:\/\/voksgrossisten.com\/de\/wp-json\/wp\/v2\/media?parent=670"}],"curies":[{"name":"wp","href":"https:\/\/api.w.org\/{rel}","templated":true}]}}