{"id":71,"date":"2023-11-16T14:20:42","date_gmt":"2023-11-16T14:20:42","guid":{"rendered":"http:\/\/voksgrossisten.com\/?page_id=71"},"modified":"2024-01-12T09:35:13","modified_gmt":"2024-01-12T09:35:13","slug":"background","status":"publish","type":"page","link":"https:\/\/voksgrossisten.com\/de\/background\/","title":{"rendered":"Background"},"content":{"rendered":"<h3 class=\"wp-block-heading alignwide\">Eine skandinavische Imkereigeschichte...<\/h3><div id=\"wp-block-themeisle-blocks-slider-92416561\" class=\"wp-block-themeisle-blocks-slider alignwide glide\" data-per-view=\"1\" data-gap=\"0\" data-peek=\"0\" data-autoplay=\"true\" data-height=\"300px\" data-hide-arrows=\"false\"><div class=\"glide__track\" data-glide-el=\"track\"><div class=\"glide__slides\"><div class=\"wp-block-themeisle-blocks-slider-item-wrapper glide__slide\" tabindex=\"0\"><figure><img decoding=\"async\" class=\"wp-block-themeisle-blocks-slider-item\" src=\"http:\/\/voksgrossisten.com\/wp-content\/uploads\/2023\/12\/SwientyBygning.png\" alt=\"\" title=\"\" data-id=\"353\"\/><\/figure><\/div><div class=\"wp-block-themeisle-blocks-slider-item-wrapper glide__slide\" tabindex=\"0\"><figure><img decoding=\"async\" class=\"wp-block-themeisle-blocks-slider-item\" src=\"http:\/\/voksgrossisten.com\/wp-content\/uploads\/2023\/12\/biting_topbanner.jpg\" alt=\"\" title=\"\" data-id=\"346\"\/><\/figure><\/div><div class=\"wp-block-themeisle-blocks-slider-item-wrapper glide__slide\" tabindex=\"0\"><figure><img decoding=\"async\" class=\"wp-block-themeisle-blocks-slider-item\" src=\"http:\/\/voksgrossisten.com\/wp-content\/uploads\/2023\/12\/Honningforarbejdning_topbanner.jpg\" alt=\"\" title=\"\" data-id=\"347\"\/><\/figure><\/div><div class=\"wp-block-themeisle-blocks-slider-item-wrapper glide__slide\" tabindex=\"0\"><figure><img decoding=\"async\" class=\"wp-block-themeisle-blocks-slider-item\" src=\"http:\/\/voksgrossisten.com\/wp-content\/uploads\/2023\/12\/Honninghost-topbanner.jpg\" alt=\"\" title=\"\" data-id=\"348\"\/><\/figure><\/div><div class=\"wp-block-themeisle-blocks-slider-item-wrapper glide__slide\" tabindex=\"0\"><figure><img decoding=\"async\" class=\"wp-block-themeisle-blocks-slider-item\" src=\"http:\/\/voksgrossisten.com\/wp-content\/uploads\/2023\/12\/slider-image-2.jpg\" alt=\"\" title=\"\" data-id=\"349\"\/><\/figure><\/div><div class=\"wp-block-themeisle-blocks-slider-item-wrapper glide__slide\" tabindex=\"0\"><figure><img decoding=\"async\" class=\"wp-block-themeisle-blocks-slider-item\" src=\"http:\/\/voksgrossisten.com\/wp-content\/uploads\/2023\/12\/slider-image-3.jpg\" alt=\"\" title=\"\" data-id=\"350\"\/><\/figure><\/div><div class=\"wp-block-themeisle-blocks-slider-item-wrapper glide__slide\" tabindex=\"0\"><figure><img decoding=\"async\" class=\"wp-block-themeisle-blocks-slider-item\" src=\"http:\/\/voksgrossisten.com\/wp-content\/uploads\/2023\/12\/slider-image-4.jpg\" alt=\"\" title=\"\" data-id=\"351\"\/><\/figure><\/div><div class=\"wp-block-themeisle-blocks-slider-item-wrapper glide__slide\" tabindex=\"0\"><figure><img decoding=\"async\" class=\"wp-block-themeisle-blocks-slider-item\" src=\"http:\/\/voksgrossisten.com\/wp-content\/uploads\/2023\/12\/slider-image-5.jpg\" alt=\"\" title=\"\" data-id=\"352\"\/><\/figure><\/div><\/div><div class=\"glide__bullets\" data-glide-el=\"controls[nav]\"><button class=\"glide__bullet\" data-glide-dir=\"=0\"><\/button><button class=\"glide__bullet\" data-glide-dir=\"=1\"><\/button><button class=\"glide__bullet\" data-glide-dir=\"=2\"><\/button><button class=\"glide__bullet\" data-glide-dir=\"=3\"><\/button><button class=\"glide__bullet\" data-glide-dir=\"=4\"><\/button><button class=\"glide__bullet\" data-glide-dir=\"=5\"><\/button><button class=\"glide__bullet\" data-glide-dir=\"=6\"><\/button><button class=\"glide__bullet\" data-glide-dir=\"=7\"><\/button><\/div><\/div><\/div><div class=\"wp-block-columns alignwide is-layout-flex wp-container-core-columns-is-layout-28f84493 wp-block-columns-is-layout-flex\"><div class=\"wp-block-column is-layout-flow wp-block-column-is-layout-flow\" style=\"flex-basis:100%\"><p>Das R\u00fcckgrat von Voksgrossisten ist das Netzwerk, die Erfahrung und das Fachwissen von Swienty A\/S und Swienty Commodities ApS, zwei international bekannten Akteuren der Imkereiindustrie, die seit Jahrzehnten Imker und verwandte Unternehmen mit Premiumprodukten beliefern. Swienty A\/S wurde 1981 als kleines Hobbyunternehmen vom Ingenieur Bernhard Swienty gegr\u00fcndet und hat sich seitdem zu einem Anbieter von kleinen und gro\u00dfen Abf\u00fclllinien und -maschinen rund um den Globus entwickelt. <\/p><\/div><\/div><div class=\"wp-block-columns alignfull is-layout-flex wp-container-core-columns-is-layout-28f84493 wp-block-columns-is-layout-flex\"><div class=\"wp-block-column is-layout-flow wp-block-column-is-layout-flow\"><p class=\"has-text-align-center has-ti-bg-color has-ti-bg-inv-background-color has-text-color has-background has-link-color has-medium-font-size wp-elements-6c1af3488ebd55354347242e72adf2aa\" style=\"padding-top:var(--wp--preset--spacing--30);padding-bottom:var(--wp--preset--spacing--30)\">Swienty A\/S wurde 1981 in D\u00e4nemark gegr\u00fcndet<\/p><\/div><\/div><div class=\"wp-block-media-text alignwide is-stacked-on-mobile\" style=\"grid-template-columns:19% auto\"><figure class=\"wp-block-media-text__media\"><img loading=\"lazy\" decoding=\"async\" width=\"600\" height=\"600\" src=\"http:\/\/voksgrossisten.com\/wp-content\/uploads\/2023\/11\/DAM1000-nobg.png\" alt=\"\" class=\"wp-image-178 size-full\" srcset=\"https:\/\/voksgrossisten.com\/wp-content\/uploads\/2023\/11\/DAM1000-nobg.png 600w, https:\/\/voksgrossisten.com\/wp-content\/uploads\/2023\/11\/DAM1000-nobg-300x300.png 300w, https:\/\/voksgrossisten.com\/wp-content\/uploads\/2023\/11\/DAM1000-nobg-150x150.png 150w\" sizes=\"auto, (max-width: 600px) 100vw, 600px\" \/><\/figure><div class=\"wp-block-media-text__content\"><p>Mit einem Schwerpunkt auf Heiz- und Abf\u00fclltechnik produziert und entwickelt Swienty in S\u00f8nderborg, einer dynamischen Stadt nahe der d\u00e4nisch-deutschen Grenze. Der Erfolg des Unternehmens basiert auf den Schl\u00fcsselelementen, die Swienty-Produkte ausmachen: Innovation, Qualit\u00e4t, Vielseitigkeit und Nutzen.<\/p><\/div><\/div><div class=\"wp-block-media-text alignwide has-media-on-the-right is-stacked-on-mobile\" style=\"grid-template-columns:auto 22%\"><div class=\"wp-block-media-text__content\"><p class=\"has-text-align-left\">Als regelm\u00e4\u00dfiger Aussteller von Handels- und Imkereimessen hat Swienty z.B. gewann mehrere Goldmedaillen bei Apimondia und ist heute in der Imkereibranche nicht nur f\u00fcr die Qualit\u00e4t und Langlebigkeit seiner Produkte bekannt, sondern auch f\u00fcr den professionellen Service, der es Kunden auf der ganzen Welt erm\u00f6glicht, ihre Produktion zu planen und am Laufen zu halten.<\/p><\/div><figure class=\"wp-block-media-text__media\"><img loading=\"lazy\" decoding=\"async\" width=\"600\" height=\"600\" src=\"http:\/\/voksgrossisten.com\/wp-content\/uploads\/2023\/11\/ImageHandler-nobg.png\" alt=\"\" class=\"wp-image-180 size-full\" srcset=\"https:\/\/voksgrossisten.com\/wp-content\/uploads\/2023\/11\/ImageHandler-nobg.png 600w, https:\/\/voksgrossisten.com\/wp-content\/uploads\/2023\/11\/ImageHandler-nobg-300x300.png 300w, https:\/\/voksgrossisten.com\/wp-content\/uploads\/2023\/11\/ImageHandler-nobg-150x150.png 150w\" sizes=\"auto, (max-width: 600px) 100vw, 600px\" \/><\/figure><\/div><div class=\"wp-block-columns alignfull is-layout-flex wp-container-core-columns-is-layout-28f84493 wp-block-columns-is-layout-flex\"><div class=\"wp-block-column is-layout-flow wp-block-column-is-layout-flow\" style=\"flex-basis:100%\"><p class=\"has-text-align-center has-ti-bg-color has-ti-bg-inv-background-color has-text-color has-background has-link-color has-medium-font-size wp-elements-9b9db0215e57c18a057274ac992dbe1e\" style=\"padding-top:var(--wp--preset--spacing--30);padding-bottom:var(--wp--preset--spacing--30)\">Swienty Commodities ApS wurde 2013 gegr\u00fcndet, um den d\u00e4nischen Honigmarkt zu stabilisieren<\/p><\/div><\/div><div class=\"wp-block-media-text alignwide is-stacked-on-mobile\" style=\"grid-template-columns:43% auto\"><figure class=\"wp-block-media-text__media\"><img loading=\"lazy\" decoding=\"async\" width=\"676\" height=\"441\" src=\"https:\/\/b2beeswax.com\/wp-content\/uploads\/2024\/01\/DRUMS-CUT-2.png\" alt=\"\" class=\"wp-image-437 size-full\" srcset=\"https:\/\/voksgrossisten.com\/wp-content\/uploads\/2024\/01\/DRUMS-CUT-2.png 676w, https:\/\/voksgrossisten.com\/wp-content\/uploads\/2024\/01\/DRUMS-CUT-2-300x196.png 300w\" sizes=\"auto, (max-width: 676px) 100vw, 676px\" \/><\/figure><div class=\"wp-block-media-text__content\"><p>Swienty Commodities ApS wurde 2013 als Tochtergesellschaft von Swienty A\/S mit dem Ziel gegr\u00fcndet, d\u00e4nischen Honig zu exportieren, um die Honigpreise in D\u00e4nemark zu stabilisieren. Basierend auf dieser Zielsetzung wurde der Anwendungsbereich schnell auf andere imkereibezogene Produkte ausgeweitet und heute bietet Swienty Commodities nicht nur d\u00e4nischen Honig, sondern auch poly- und monofloralen Honig in gro\u00dfen Mengen aus ganz Europa an. Im Laufe der Jahre wurde die Beschaffung von hochwertigem Bienenwachs immer mehr zu einer Leidenschaft und verlagerte den Fokus des Unternehmens in eine neue Richtung. <\/p><\/div><\/div><div class=\"wp-block-media-text alignwide has-media-on-the-right is-stacked-on-mobile\" style=\"grid-template-columns:auto 25%\"><div class=\"wp-block-media-text__content\"><p>Das umfangreiche Netzwerk von Imkern, H\u00e4ndlern und Projektpartnern erm\u00f6glichte es Swienty Commodities, wirklich pestizidfreies und biologisches Bienenwachs in sehr abgelegenen und gesch\u00fctzten Gebieten zu beschaffen, eine knappe und begehrte Ressource in einer Welt, die bei der Nahrungsmittelproduktion zunehmend auf Insektizide, Fungizide und Herbizide angewiesen ist . Dank seiner einzigartigen Lieferkette konnte sich Swienty schnell als bedeutender Importeur und Lieferant von hochwertigem Bienenwachs in gro\u00dfen Mengen auf dem europ\u00e4ischen Markt etablieren und fungiert heute als Rohstofflieferant von Voksgrossisten, das verarbeitetes Bienenwachs f\u00fcr verschiedene Branchen und Anwendungen anbietet.  <\/p><\/div><figure class=\"wp-block-media-text__media\"><img loading=\"lazy\" decoding=\"async\" width=\"300\" height=\"453\" src=\"https:\/\/b2beeswax.com\/wp-content\/uploads\/2024\/01\/bienenwachs-cut-copy.jpg\" alt=\"\" class=\"wp-image-471 size-full\" srcset=\"https:\/\/voksgrossisten.com\/wp-content\/uploads\/2024\/01\/bienenwachs-cut-copy.jpg 300w, https:\/\/voksgrossisten.com\/wp-content\/uploads\/2024\/01\/bienenwachs-cut-copy-199x300.jpg 199w\" sizes=\"auto, (max-width: 300px) 100vw, 300px\" \/><\/figure><\/div>","protected":false},"excerpt":{"rendered":"<p>A scandinavian beekeeping story&#8230; The backbone of Voksgrossisten is the network, experience and expertise of Swienty A\/S and Swienty Commodities ApS, two internationally well-known actors in the beekeeping industry that have supplied premium products to beekeepers and related businesses for decades. Swienty A\/S, founded in 1981 as a small hobby business by the engineer Bernhard [&hellip;]<\/p>","protected":false},"author":1,"featured_media":0,"parent":0,"menu_order":0,"comment_status":"closed","ping_status":"closed","template":"","meta":{"_themeisle_gutenberg_block_has_review":false,"_ti_tpc_template_sync":false,"_ti_tpc_template_id":"","footnotes":""},"class_list":["post-71","page","type-page","status-publish","hentry"],"_links":{"self":[{"href":"https:\/\/voksgrossisten.com\/de\/wp-json\/wp\/v2\/pages\/71","targetHints":{"allow":["GET"]}}],"collection":[{"href":"https:\/\/voksgrossisten.com\/de\/wp-json\/wp\/v2\/pages"}],"about":[{"href":"https:\/\/voksgrossisten.com\/de\/wp-json\/wp\/v2\/types\/page"}],"author":[{"embeddable":true,"href":"https:\/\/voksgrossisten.com\/de\/wp-json\/wp\/v2\/users\/1"}],"replies":[{"embeddable":true,"href":"https:\/\/voksgrossisten.com\/de\/wp-json\/wp\/v2\/comments?post=71"}],"version-history":[{"count":41,"href":"https:\/\/voksgrossisten.com\/de\/wp-json\/wp\/v2\/pages\/71\/revisions"}],"predecessor-version":[{"id":475,"href":"https:\/\/voksgrossisten.com\/de\/wp-json\/wp\/v2\/pages\/71\/revisions\/475"}],"wp:attachment":[{"href":"https:\/\/voksgrossisten.com\/de\/wp-json\/wp\/v2\/media?parent=71"}],"curies":[{"name":"wp","href":"https:\/\/api.w.org\/{rel}","templated":true}]}}