{"id":73,"date":"2023-11-16T14:21:07","date_gmt":"2023-11-16T14:21:07","guid":{"rendered":"http:\/\/voksgrossisten.com\/?page_id=73"},"modified":"2024-11-20T09:52:34","modified_gmt":"2024-11-20T09:52:34","slug":"cosmetics","status":"publish","type":"page","link":"https:\/\/voksgrossisten.com\/de\/cosmetics\/","title":{"rendered":"Kosmetik"},"content":{"rendered":"<h3 class=\"wp-block-heading\">Bienenwachs in Kosmetik<\/h3><figure class=\"wp-block-image size-full has-custom-border\"><img loading=\"lazy\" decoding=\"async\" width=\"862\" height=\"340\" src=\"https:\/\/b2beeswax.com\/wp-content\/uploads\/2024\/01\/lip-balm-cut-1-1.png\" alt=\"\" class=\"wp-image-490\" style=\"border-radius:6px\" srcset=\"https:\/\/voksgrossisten.com\/wp-content\/uploads\/2024\/01\/lip-balm-cut-1-1.png 862w, https:\/\/voksgrossisten.com\/wp-content\/uploads\/2024\/01\/lip-balm-cut-1-1-300x118.png 300w, https:\/\/voksgrossisten.com\/wp-content\/uploads\/2024\/01\/lip-balm-cut-1-1-768x303.png 768w\" sizes=\"auto, (max-width: 862px) 100vw, 862px\" \/><\/figure><p>Bienenwachs ist ein vielseitiger und wertvoller Inhaltsstoff in der Kosmetik und tr\u00e4gt zur Formulierung verschiedener Hautpflege- und Sch\u00f6nheitsprodukte bei. Zu den h\u00e4ufigsten Anwendungen von Bienenwachs in Kosmetika geh\u00f6ren:<\/p><ul class=\"wp-block-list\"><li><strong>Feuchtigkeitscremes und Lotionen<\/strong><br>Bienenwachs hat erweichende Eigenschaften, die dazu beitragen, Feuchtigkeit einzuschlie\u00dfen, was es zu einem wichtigen Bestandteil von Cremes und Lotionen macht. Es bildet eine Schutzbarriere auf der Haut, beugt Austrocknung vor und sorgt f\u00fcr eine glattere, weichere Haut.<\/li>\n\n<li><strong>Lippenbalsam und Lippenstifte<\/strong><br>Bienenwachs ist aufgrund seiner F\u00e4higkeit, eine glatte, feuchtigkeitsspendende Textur zu verleihen, ein beliebter Bestandteil von Lippenbalsam und Lippenstiften. Es hilft, die Feuchtigkeit auf den Lippen zu speichern und sorgt f\u00fcr einen nat\u00fcrlichen Glanz.<\/li>\n\n<li><strong>K\u00f6rperbalsam und Salben<\/strong><br>Bienenwachs wird h\u00e4ufig zur Herstellung von K\u00f6rperbalsamen und Salben zur gezielten Hautpflege verwendet, beispielsweise zur Beruhigung trockener Stellen oder zur Linderung rauer Ellbogen und Fersen.<\/li>\n\n<li><strong>Handcremes und Nagelhautprodukte<\/strong><br>Aufgrund seiner feuchtigkeitsspendenden und sch\u00fctzenden Eigenschaften eignet sich Bienenwachs gut f\u00fcr Handcremes und Nagelhautprodukte. Es macht die Haut weich und pflegt die Nagelhaut, sodass die H\u00e4nde ges\u00fcnder aussehen.<\/li>\n\n<li><strong>Gesichtsreiniger und Make-up-Entferner<\/strong><br>Bienenwachs ist in bestimmten Gesichtsreinigern und Make-up-Entfernern enthalten. Seine nat\u00fcrlichen emulgierenden Eigenschaften helfen beim Entfernen von Make-up und Unreinheiten und hinterlassen gleichzeitig ein geschmeidiges Hautgef\u00fchl.<\/li>\n\n<li><strong>Mascaras und Augenbrauenprodukte<\/strong><br>Bienenwachs wird in Mascara-Formulierungen verwendet, um dem Produkt Dicke und Struktur zu verleihen. Es tr\u00e4gt auch zur Langlebigkeit von Augenbrauenprodukten bei und hilft, die Brauen zu fixieren und zu definieren.<\/li>\n\n<li><strong>Sonnenschutz und Sonnencreme<\/strong><br>Bienenwachs ist aufgrund seiner wasserabweisenden Eigenschaften in einigen Sonnenschutzmitteln enthalten. Es tr\u00e4gt dazu bei, eine Schutzschicht auf der Haut zu bilden und erh\u00f6ht so die Wirksamkeit des Sonnenschutzmittels.<\/li>\n\n<li><strong>Nat\u00fcrliche Parf\u00fcme und D\u00fcfte:<\/strong> <br>Bienenwachs dient als Basis f\u00fcr nat\u00fcrliche Parf\u00fcme und feste Duftstoffe. Es hilft, den Duft zu bewahren und allm\u00e4hlich freizusetzen, sodass der Duft l\u00e4nger anh\u00e4lt.<\/li>\n\n<li><strong>Haarpflegeprodukte:<\/strong><br>In der Haarpflege wird Bienenwachs in Stylingprodukten wie Haarpomaden und Haarwachsen verwendet. Es verleiht Frisuren Struktur und Halt und verleiht ihnen einen nat\u00fcrlichen Glanz.<\/li>\n\n<li><strong>Massageriegel<\/strong><br>Bienenwachs wird in Massageriegel eingearbeitet, weil es bei Massagen f\u00fcr ein sanftes Gleiten sorgt. Es tr\u00e4gt zur festen Textur der Riegel bei, die bei Kontakt mit der Haut schmelzen.<\/li><\/ul><p>Die Verwendung von Bienenwachs in der Kosmetik geht \u00fcber seine funktionalen Eigenschaften hinaus \u2013 es verleiht Sch\u00f6nheitsprodukten auch einen herrlichen Honigduft und einen Hauch von Luxus. Sein nat\u00fcrlicher Ursprung macht es zu einer attraktiven Wahl f\u00fcr alle, die saubere und umweltfreundliche Sch\u00f6nheitsoptionen suchen.<\/p><p>Wir k\u00f6nnen sowohl konventionelle als auch (COSMOS) Bio-Bienenwachspastillen f\u00fcr Kosmetika in den Farben Gelb und Wei\u00df mit allen relevanten Analysen und Dokumentationen anbieten. Bitte nehmen Sie Kontakt mit uns auf, um Ihre Anforderungen zu besprechen und\/oder klicken Sie auf diesen <a href=\"https:\/\/voksgrossisten.com\/da\/produkt-kategorie\/cosmetic-grade\/\" data-type=\"link\" data-id=\"https:\/\/www.swienty.com\/pl\/New-Products_437014.aspx\">link<\/a> um zu unserem Webshop zu kommen.<\/p>","protected":false},"excerpt":{"rendered":"<p>Beeswax in cosmetics Beeswax is a versatile and valuable ingredient in cosmetics, contributing to the formulation of various skincare and beauty products. Some common uses of beeswax in cosmetics include: The use of beeswax in cosmetics extends beyond its functional properties \u2013 it also brings a delightful honey scent and a touch of luxury to [&hellip;]<\/p>","protected":false},"author":1,"featured_media":0,"parent":0,"menu_order":0,"comment_status":"closed","ping_status":"closed","template":"","meta":{"_themeisle_gutenberg_block_has_review":false,"_ti_tpc_template_sync":false,"_ti_tpc_template_id":"","footnotes":""},"class_list":["post-73","page","type-page","status-publish","hentry"],"_links":{"self":[{"href":"https:\/\/voksgrossisten.com\/de\/wp-json\/wp\/v2\/pages\/73","targetHints":{"allow":["GET"]}}],"collection":[{"href":"https:\/\/voksgrossisten.com\/de\/wp-json\/wp\/v2\/pages"}],"about":[{"href":"https:\/\/voksgrossisten.com\/de\/wp-json\/wp\/v2\/types\/page"}],"author":[{"embeddable":true,"href":"https:\/\/voksgrossisten.com\/de\/wp-json\/wp\/v2\/users\/1"}],"replies":[{"embeddable":true,"href":"https:\/\/voksgrossisten.com\/de\/wp-json\/wp\/v2\/comments?post=73"}],"version-history":[{"count":9,"href":"https:\/\/voksgrossisten.com\/de\/wp-json\/wp\/v2\/pages\/73\/revisions"}],"predecessor-version":[{"id":1050,"href":"https:\/\/voksgrossisten.com\/de\/wp-json\/wp\/v2\/pages\/73\/revisions\/1050"}],"wp:attachment":[{"href":"https:\/\/voksgrossisten.com\/de\/wp-json\/wp\/v2\/media?parent=73"}],"curies":[{"name":"wp","href":"https:\/\/api.w.org\/{rel}","templated":true}]}}