{"id":653,"date":"2024-05-08T09:22:00","date_gmt":"2024-05-08T09:22:00","guid":{"rendered":"https:\/\/b2beeswax.com\/?post_type=product&#038;p=653"},"modified":"2025-12-01T10:19:10","modified_gmt":"2025-12-01T10:19:10","slug":"white-beeswax-pellets","status":"publish","type":"product","link":"https:\/\/voksgrossisten.com\/de\/produkt\/white-beeswax-pellets\/","title":{"rendered":"Wei\u00dfe Bienenwachspastillen, 20kg"},"content":{"rendered":"<p><span class=\"fontstyle0\">Our white beeswax 10B2030 is a pure product which is obtained from honey combs of Apis Mellifera. It is carefully refined, bleached and without additives. The compatibility with other waxes is excellent and it can be used in cosmetic products or industrial applications. It is specifically well-suitable for candle making and complies fully with norm RAL-GZ 041. It is free of suspended matters and burns as a candle by a warm and pleasant flame.<\/span><\/p>\n<p><b>Anwendungen<\/b><\/p>\n<p><span class=\"fontstyle1\">\u2022 Konsistenzkontrolle und Grundkomponente in industriellen Formulierungen<br \/>\n\u2022 Herstellung von Kirchenkerzen und Verbraucherkerzen<br \/>\n\u2022 Bestandteil in Haushaltspflegemitteln (M\u00f6belpflege, Schuhcreme, Holzwachse, Lederpflege etc.)<\/span><\/p>\n<p>&nbsp;<\/p>\n<p><strong>Form und Verpackung<\/strong><\/p>\n<p>Ein Artikel von 10B2030 bezieht sich auf 20kg Bienenwachspastillen, verpackt in einem Karton mit den Ma\u00dfen 50cm x 35cm x 25cm. Im Inneren der Box befindet sich ein Inliner-Beutel aus lebensmittelechtem Kunststoff, um ein Versch\u00fctten der Pellets zu verhindern.<\/p>\n<p>Auf einer Palette befinden sich 24 Kartons mit Bienenwachspellets mit den Ma\u00dfen 110cm x 110cm und einem Nettogewicht von 480kg.<\/p>\n<p><span class=\"fontstyle0\"><strong>Dokumentation<\/strong><\/span><\/p>\n<ul>\n<li><a href=\"http:\/\/voksgrossisten.com\/wp-content\/uploads\/2024\/05\/PDS-10B2030-White-beeswax.pdf\">PDS 10B2030 White beeswax<\/a><\/li>\n<li><a href=\"http:\/\/voksgrossisten.com\/wp-content\/uploads\/2024\/03\/3692-01-Swienty.pdf\" target=\"new\" rel=\"noopener\">3692-01-Swienty<\/a><\/li>\n<li><a href=\"http:\/\/voksgrossisten.com\/wp-content\/uploads\/2024\/03\/3692-02-Swienty.pdf\" target=\"new\" rel=\"noopener\">3692-02-Swienty<\/a><\/li>\n<li><a href=\"http:\/\/voksgrossisten.com\/wp-content\/uploads\/2024\/03\/P-3692-01-Swienty-Heavy-Metals.pdf\" target=\"new\" rel=\"noopener\">P-3692-01-Swienty-Heavy-Metals<\/a><\/li>\n<\/ul>","protected":false},"excerpt":{"rendered":"<p>20kg-Karton mit wei\u00dfen Bienenwachspellets gem\u00e4\u00df der Norm RAL-GZ 041. Empfohlen f\u00fcr Kosmetik, industrielle Anwendungen und Kerzenherstellung<\/p>","protected":false},"featured_media":856,"template":"","meta":{"_themeisle_gutenberg_block_has_review":false,"_ti_tpc_template_sync":false,"_ti_tpc_template_id":""},"product_cat":[55,51],"product_tag":[],"class_list":{"0":"post-653","1":"product","2":"type-product","3":"status-publish","4":"has-post-thumbnail","6":"product_cat-cosmetic-grade","7":"product_cat-ral-grade","8":"product_shipping_class-pellet-kartons","10":"first","11":"instock","12":"taxable","13":"shipping-taxable","14":"purchasable","15":"product-type-simple"},"_links":{"self":[{"href":"https:\/\/voksgrossisten.com\/de\/wp-json\/wp\/v2\/product\/653","targetHints":{"allow":["GET"]}}],"collection":[{"href":"https:\/\/voksgrossisten.com\/de\/wp-json\/wp\/v2\/product"}],"about":[{"href":"https:\/\/voksgrossisten.com\/de\/wp-json\/wp\/v2\/types\/product"}],"wp:featuredmedia":[{"embeddable":true,"href":"https:\/\/voksgrossisten.com\/de\/wp-json\/wp\/v2\/media\/856"}],"wp:attachment":[{"href":"https:\/\/voksgrossisten.com\/de\/wp-json\/wp\/v2\/media?parent=653"}],"wp:term":[{"taxonomy":"product_cat","embeddable":true,"href":"https:\/\/voksgrossisten.com\/de\/wp-json\/wp\/v2\/product_cat?post=653"},{"taxonomy":"product_tag","embeddable":true,"href":"https:\/\/voksgrossisten.com\/de\/wp-json\/wp\/v2\/product_tag?post=653"}],"curies":[{"name":"wp","href":"https:\/\/api.w.org\/{rel}","templated":true}]}}