{"id":691,"date":"2024-05-08T13:44:53","date_gmt":"2024-05-08T13:44:53","guid":{"rendered":"https:\/\/b2beeswax.com\/?post_type=product&#038;p=691"},"modified":"2026-02-20T10:20:40","modified_gmt":"2026-02-20T10:20:40","slug":"white-beeswax-pellets-ph-eur","status":"publish","type":"product","link":"https:\/\/voksgrossisten.com\/de\/produkt\/white-beeswax-pellets-ph-eur\/","title":{"rendered":"Wei\u00dfe Pharma Bienenwachspastillen, 20kg"},"content":{"rendered":"<p>Unser Ph. Eur. Bienenwachs der G\u00fcteklasse ist eine komplexe Mischung aus ca. 70 % Nicht-Glyceridester (C38-&gt;C62), ca. 12-15 % Fetts\u00e4uren (C16-C36) und ca. 12\u201316 % paraffinische Kohlenwasserstoffe (C21\u2013C35). Es kann sowohl in pharmazeutischen Anwendungen als auch in der gesamten Palette kosmetischer Produkte eingesetzt werden, beispielsweise in W\/O- und O\/W-Formulierungen, Stiften, Salben, Make-up, Haarpflegeprodukten usw.<br \/>\nAdvantages of beeswax are high binding strength, pronounced plasticity, excellent emulsifiability, relatively low melting point, highly occlusive character. In sticks, beeswax improves structure, oil retention, firmness,<br \/>\nadhesion, pay-off and mold release. In emulsions, beeswax functions as a consistency regulator and as a (co)emulsifier and contributes to skin feeling, emollience, barrier function and appearance.<\/p>\n<p>30B2030 entspricht allen Vorschriften und Standards des Europ\u00e4ischen Arzneibuchs (Ph. Eur. \u2013 11. Ausgabe).<\/p>\n<p><b>Anwendungen<\/b><\/p>\n<p><span class=\"fontstyle1\">\u2022 Cremes, Lotionen, Stifte, Sonnenpflege, Make-up, Haarpflege<br \/>\n\u2022 Tabletten (Arzneimittel), Salben, Cremes, Z\u00e4pfchen mit kontrollierter Freisetzung<\/span><\/p>\n<p><strong>Form und Verpackung<\/strong><\/p>\n<p>Ein Artikel von 30B2030 bezieht sich auf 20kg Bienenwachspastillen, verpackt in einem Karton mit den Ma\u00dfen 50cm x 35cm x 25cm. Im Inneren der Box befindet sich ein Inliner-Beutel aus lebensmittelechtem Kunststoff, um ein Versch\u00fctten der Pellets zu verhindern.<\/p>\n<p>Auf einer Palette befinden sich 24 Kartons mit Bienenwachspellets mit den Ma\u00dfen 110cm x 110cm und einem Nettogewicht von 480kg.<\/p>\n<p><strong>Dokumentation<\/strong><\/p>\n<ul>\n<li><a href=\"http:\/\/voksgrossisten.com\/wp-content\/uploads\/2024\/05\/PDS-30B2030-White-Pharma-beeswax-EP.pdf\" target=\"new\" rel=\"noopener\">PDS 30B2030 White Pharma beeswax EP<\/a><\/li>\n<\/ul>","protected":false},"excerpt":{"rendered":"<p>20kg Karton mit wei\u00dfen Pharma-Bienenwachspellets gem\u00e4\u00df Ph. Eur. Norm. Dieses hochwertige Bienenwachs kann sowohl in pharmazeutischen Anwendungen als auch in der gesamten Palette kosmetischer Produkte eingesetzt werden.<\/p>","protected":false},"featured_media":807,"template":"","meta":{"_themeisle_gutenberg_block_has_review":false,"_ti_tpc_template_sync":false,"_ti_tpc_template_id":""},"product_cat":[55,52],"product_tag":[],"class_list":{"0":"post-691","1":"product","2":"type-product","3":"status-publish","4":"has-post-thumbnail","6":"product_cat-cosmetic-grade","7":"product_cat-ph-eur","8":"product_shipping_class-pellet-kartons","10":"first","11":"outofstock","12":"taxable","13":"shipping-taxable","14":"purchasable","15":"product-type-simple"},"_links":{"self":[{"href":"https:\/\/voksgrossisten.com\/de\/wp-json\/wp\/v2\/product\/691","targetHints":{"allow":["GET"]}}],"collection":[{"href":"https:\/\/voksgrossisten.com\/de\/wp-json\/wp\/v2\/product"}],"about":[{"href":"https:\/\/voksgrossisten.com\/de\/wp-json\/wp\/v2\/types\/product"}],"wp:featuredmedia":[{"embeddable":true,"href":"https:\/\/voksgrossisten.com\/de\/wp-json\/wp\/v2\/media\/807"}],"wp:attachment":[{"href":"https:\/\/voksgrossisten.com\/de\/wp-json\/wp\/v2\/media?parent=691"}],"wp:term":[{"taxonomy":"product_cat","embeddable":true,"href":"https:\/\/voksgrossisten.com\/de\/wp-json\/wp\/v2\/product_cat?post=691"},{"taxonomy":"product_tag","embeddable":true,"href":"https:\/\/voksgrossisten.com\/de\/wp-json\/wp\/v2\/product_tag?post=691"}],"curies":[{"name":"wp","href":"https:\/\/api.w.org\/{rel}","templated":true}]}}