{"id":738,"date":"2024-05-16T12:03:20","date_gmt":"2024-05-16T12:03:20","guid":{"rendered":"https:\/\/b2beeswax.com\/?post_type=product&#038;p=738"},"modified":"2025-12-04T09:16:08","modified_gmt":"2025-12-04T09:16:08","slug":"yellow-food-beeswax-pellets-20kg","status":"publish","type":"product","link":"https:\/\/voksgrossisten.com\/de\/produkt\/yellow-food-beeswax-pellets-20kg\/","title":{"rendered":"Gelbe Bienenwachspellets in Lebensmittelqualit\u00e4t, 20kg"},"content":{"rendered":"<p>Unser gelbes Bienenwachs 60A2030 in Lebensmittelqualit\u00e4t ist reines Bienenwachs in pharmazeutischer Qualit\u00e4t, das aus Honigwaben von Apis Mellifera gewonnen wird. Es ist sorgf\u00e4ltig raffiniert, ungebleicht und enth\u00e4lt kein Ceresin, Fett oder Japanwachs.\nDie Vertr\u00e4glichkeit mit anderen Wachsen ist hervorragend und der Einsatz in der gesamten Kosmetikpalette sowie als Lebensmittelzusatz m\u00f6glich.<br \/>\nThe compatibility with other waxes is excellent and it can be used in the entire range of cosmetic products and as a food additive.<\/p>\n<p>60A2030 entspricht der Verordnung (EU) Nr. 231\/2012 und kann als Lebensmittelzutat gem\u00e4\u00df der Norm E901 verwendet werden<\/p>\n<p><strong>Anwendungen<\/strong><\/p>\n<ul>\n<li>Wirkt als \u00dcberzugsmittel, verhindert Wasserverlust und bietet Oberfl\u00e4chenschutz f\u00fcr Fr\u00fcchte<\/li>\n<li>Wird als \u00dcberzug f\u00fcr K\u00e4se und bei der Herstellung von S\u00fc\u00dfwaren verwendet<\/li>\n<li>Wird bei der Herstellung von Bienenwachst\u00fcchern verwendet, um Lebensmittel frisch zu halten<\/li>\n<li>Kann als Trennmittel in der Lebensmittelverarbeitung verwendet werden, um das Anhaften von Lebensmitteln an Formen zu verhindern<\/li>\n<\/ul>\n<p><strong>Dokumentation<\/strong><\/p>\n<ul>\n<li><a href=\"http:\/\/voksgrossisten.com\/wp-content\/uploads\/2024\/05\/PDS-60A2030-Yellow-Food-beeswax.pdf\">PDS 60A2030 Yellow Food beeswax<\/a><\/li>\n<\/ul>","protected":false},"excerpt":{"rendered":"<p>Polystyrolbeutel mit 20kg gelben Bienenwachspellets in Lebensmittelqualit\u00e4t gem\u00e4\u00df Norm E901. Die Pellets k\u00f6nnen im gesamten Kosmetikbereich sowie in der Lebensmittelproduktion und -verarbeitung als Zusatzstoff eingesetzt werden.<\/p>","protected":false},"featured_media":717,"template":"","meta":{"_themeisle_gutenberg_block_has_review":false,"_ti_tpc_template_sync":false,"_ti_tpc_template_id":""},"product_cat":[55,53,52],"product_tag":[],"class_list":{"0":"post-738","1":"product","2":"type-product","3":"status-publish","4":"has-post-thumbnail","6":"product_cat-cosmetic-grade","7":"product_cat-e901-food","8":"product_cat-ph-eur","9":"product_shipping_class-pellet-kartons","11":"first","12":"outofstock","13":"taxable","14":"shipping-taxable","15":"purchasable","16":"product-type-simple"},"_links":{"self":[{"href":"https:\/\/voksgrossisten.com\/de\/wp-json\/wp\/v2\/product\/738","targetHints":{"allow":["GET"]}}],"collection":[{"href":"https:\/\/voksgrossisten.com\/de\/wp-json\/wp\/v2\/product"}],"about":[{"href":"https:\/\/voksgrossisten.com\/de\/wp-json\/wp\/v2\/types\/product"}],"wp:featuredmedia":[{"embeddable":true,"href":"https:\/\/voksgrossisten.com\/de\/wp-json\/wp\/v2\/media\/717"}],"wp:attachment":[{"href":"https:\/\/voksgrossisten.com\/de\/wp-json\/wp\/v2\/media?parent=738"}],"wp:term":[{"taxonomy":"product_cat","embeddable":true,"href":"https:\/\/voksgrossisten.com\/de\/wp-json\/wp\/v2\/product_cat?post=738"},{"taxonomy":"product_tag","embeddable":true,"href":"https:\/\/voksgrossisten.com\/de\/wp-json\/wp\/v2\/product_tag?post=738"}],"curies":[{"name":"wp","href":"https:\/\/api.w.org\/{rel}","templated":true}]}}