{"id":923,"date":"2024-06-05T21:06:23","date_gmt":"2024-06-05T21:06:23","guid":{"rendered":"https:\/\/voksgrossisten.com\/?post_type=product&#038;p=923"},"modified":"2024-11-26T09:52:09","modified_gmt":"2024-11-26T09:52:09","slug":"white-beeswax-slabs-1-000kg","status":"publish","type":"product","link":"https:\/\/voksgrossisten.com\/de\/produkt\/white-beeswax-slabs-1-000kg\/","title":{"rendered":"Weisses Bienenwachs in Bl\u00f6cken, 1.000kg"},"content":{"rendered":"<p><span class=\"fontstyle0\">Unser wei\u00dfes Bienenwachs 10B1030 ist ein reines Produkt, das aus Honigwaben von Apis Mellifera gewonnen wird. Es wird schonend veredelt, gebleicht und ohne Zusatzstoffe hergestellt. Die Vertr\u00e4glichkeit mit anderen Wachsen ist hervorragend und der Einsatz in Kosmetikprodukten oder industriellen Anwendungen m\u00f6glich. Es eignet sich besonders gut f\u00fcr die Kerzenherstellung und entspricht in vollem Umfang der Norm RAL-GZ 041. Es ist frei von Schwebstoffen und brennt wie eine Kerze mit einer warmen und angenehmen Flamme.<\/span><\/p>\n<p><b>Anwendungen<\/b><\/p>\n<p><span class=\"fontstyle1\">\u2022 Konsistenzkontrolle und Grundkomponente in industriellen Formulierungen<br \/>\n\u2022 Herstellung von Kirchenkerzen und Verbraucherkerzen<br \/>\n\u2022 Bestandteil in Haushaltspflegemitteln (M\u00f6belpflege, Schuhcreme, Holzwachse, Lederpflege etc.)<\/span><\/p>\n<p>&nbsp;<\/p>\n<p><strong>Form und Verpackung<\/strong><\/p>\n<p>Ein Artikel von 10B1030 bezieht sich auf einen 5-kg-Block\/eine Platte Bienenwachs mit den Abmessungen 45cm x 28cm x 5cm.<\/p>\n<p>Eine Palette mit den Ma\u00dfen 110cm x 110cm fasst 200 Bl\u00f6cke mit einem Nettogewicht von 1.000kg.<\/p>\n<p><span class=\"fontstyle0\"><strong>Dokumentation<\/strong><\/span><\/p>\n<ul>\n<li><a href=\"http:\/\/voksgrossisten.com\/wp-content\/uploads\/2024\/05\/PDS-10B2030-White-beeswax.pdf\">PDS 10B2030 White beeswax<\/a><\/li>\n<li><a href=\"http:\/\/voksgrossisten.com\/wp-content\/uploads\/2024\/03\/3692-01-Swienty.pdf\" target=\"new\" rel=\"noopener\">3692-01-Swienty<\/a><\/li>\n<li><a href=\"http:\/\/voksgrossisten.com\/wp-content\/uploads\/2024\/03\/3692-02-Swienty.pdf\" target=\"new\" rel=\"noopener\">3692-02-Swienty<\/a><\/li>\n<li><a href=\"http:\/\/voksgrossisten.com\/wp-content\/uploads\/2024\/03\/P-3692-01-Swienty-Heavy-Metals.pdf\" target=\"new\" rel=\"noopener\">P-3692-01-Swienty-Heavy-Metals<\/a><\/li>\n<\/ul>","protected":false},"excerpt":{"rendered":"<p>Eine Palette mit 1000kg in 5kg wei\u00dfen Bienenwachsplatten gem\u00e4\u00df der Norm RAL-GZ 041. Empfohlen f\u00fcr Kosmetik, industrielle Anwendungen und Kerzenherstellung<\/p>","protected":false},"featured_media":957,"template":"","meta":{"_themeisle_gutenberg_block_has_review":false,"_ti_tpc_template_sync":false,"_ti_tpc_template_id":""},"product_cat":[55,51],"product_tag":[],"class_list":{"0":"post-923","1":"product","2":"type-product","3":"status-publish","4":"has-post-thumbnail","6":"product_cat-cosmetic-grade","7":"product_cat-ral-grade","8":"product_shipping_class-palette","10":"first","11":"instock","12":"taxable","13":"shipping-taxable","14":"product-type-simple"},"_links":{"self":[{"href":"https:\/\/voksgrossisten.com\/de\/wp-json\/wp\/v2\/product\/923","targetHints":{"allow":["GET"]}}],"collection":[{"href":"https:\/\/voksgrossisten.com\/de\/wp-json\/wp\/v2\/product"}],"about":[{"href":"https:\/\/voksgrossisten.com\/de\/wp-json\/wp\/v2\/types\/product"}],"wp:featuredmedia":[{"embeddable":true,"href":"https:\/\/voksgrossisten.com\/de\/wp-json\/wp\/v2\/media\/957"}],"wp:attachment":[{"href":"https:\/\/voksgrossisten.com\/de\/wp-json\/wp\/v2\/media?parent=923"}],"wp:term":[{"taxonomy":"product_cat","embeddable":true,"href":"https:\/\/voksgrossisten.com\/de\/wp-json\/wp\/v2\/product_cat?post=923"},{"taxonomy":"product_tag","embeddable":true,"href":"https:\/\/voksgrossisten.com\/de\/wp-json\/wp\/v2\/product_tag?post=923"}],"curies":[{"name":"wp","href":"https:\/\/api.w.org\/{rel}","templated":true}]}}