{"id":944,"date":"2024-06-10T13:53:45","date_gmt":"2024-06-10T13:53:45","guid":{"rendered":"https:\/\/voksgrossisten.com\/?post_type=product&#038;p=944"},"modified":"2026-02-04T08:40:50","modified_gmt":"2026-02-04T08:40:50","slug":"white-beeswax-pellets-480kg","status":"publish","type":"product","link":"https:\/\/voksgrossisten.com\/de\/produkt\/white-beeswax-pellets-480kg\/","title":{"rendered":"Wei\u00dfe Bienenwachspastillen, 480kg"},"content":{"rendered":"<p><span class=\"fontstyle0\">Unser wei\u00dfes Bienenwachs 10B2030 ist ein reines Produkt, das aus Honigwaben von Apis Mellifera gewonnen wird. Es wird schonend veredelt, gebleicht und ohne Zusatzstoffe hergestellt. Die Vertr\u00e4glichkeit mit anderen Wachsen ist hervorragend und der Einsatz in Kosmetikprodukten oder industriellen Anwendungen m\u00f6glich. Es eignet sich besonders gut f\u00fcr die Kerzenherstellung und entspricht in vollem Umfang der Norm RAL-GZ 041. Es ist frei von Schwebstoffen und brennt wie eine Kerze mit einer warmen und angenehmen Flamme.<\/span><\/p>\n<p><b>Anwendungen<\/b><\/p>\n<p><span class=\"fontstyle1\">\u2022 Konsistenzkontrolle und Grundkomponente in industriellen Formulierungen<br \/>\n\u2022 Herstellung von Kirchenkerzen und Verbraucherkerzen<br \/>\n\u2022 Bestandteil in Haushaltspflegemitteln (M\u00f6belpflege, Schuhcreme, Holzwachse, Lederpflege etc.)<\/span><\/p>\n<p>&nbsp;<\/p>\n<p><strong>Form und Verpackung<\/strong><\/p>\n<p>Ein Artikel von 10B2030 bezieht sich auf 20kg Bienenwachspastillen, verpackt in einem Karton mit den Ma\u00dfen 50cm x 35cm x 25cm. Im Inneren der Box befindet sich ein Inliner-Beutel aus lebensmittelechtem Kunststoff, um ein Versch\u00fctten der Pellets zu verhindern.<\/p>\n<p>Auf einer Palette befinden sich 24 Kartons mit Bienenwachspellets mit den Ma\u00dfen 110cm x 110cm und einem Nettogewicht von 480kg.<\/p>\n<p><span class=\"fontstyle0\"><strong>Dokumentation<\/strong><\/span><\/p>\n<ul>\n<li><a href=\"http:\/\/voksgrossisten.com\/wp-content\/uploads\/2024\/05\/PDS-10B2030-White-beeswax.pdf\">PDS 10B2030 White beeswax<\/a><\/li>\n<li><a href=\"http:\/\/voksgrossisten.com\/wp-content\/uploads\/2024\/03\/3692-01-Swienty.pdf\" target=\"new\" rel=\"noopener\">3692-01-Swienty<\/a><\/li>\n<li><a href=\"http:\/\/voksgrossisten.com\/wp-content\/uploads\/2024\/03\/3692-02-Swienty.pdf\" target=\"new\" rel=\"noopener\">3692-02-Swienty<\/a><\/li>\n<li><a href=\"http:\/\/voksgrossisten.com\/wp-content\/uploads\/2024\/03\/P-3692-01-Swienty-Heavy-Metals.pdf\" target=\"new\" rel=\"noopener\">P-3692-01-Swienty-Heavy-Metals<\/a><\/li>\n<\/ul>","protected":false},"excerpt":{"rendered":"<p>One pallet with 480kg of white (bleached) beeswax pellets according to norm RAL-GZ 041 in 20kg cardboard boxes.<\/p>\n<p>Recommended for cosmetics, industrial applications and candle making<\/p>","protected":false},"featured_media":951,"template":"","meta":{"_themeisle_gutenberg_block_has_review":false,"_ti_tpc_template_sync":false,"_ti_tpc_template_id":""},"product_cat":[55,51],"product_tag":[],"class_list":{"0":"post-944","1":"product","2":"type-product","3":"status-publish","4":"has-post-thumbnail","6":"product_cat-cosmetic-grade","7":"product_cat-ral-grade","8":"product_shipping_class-palette","10":"first","11":"instock","12":"taxable","13":"shipping-taxable","14":"product-type-simple"},"_links":{"self":[{"href":"https:\/\/voksgrossisten.com\/de\/wp-json\/wp\/v2\/product\/944","targetHints":{"allow":["GET"]}}],"collection":[{"href":"https:\/\/voksgrossisten.com\/de\/wp-json\/wp\/v2\/product"}],"about":[{"href":"https:\/\/voksgrossisten.com\/de\/wp-json\/wp\/v2\/types\/product"}],"wp:featuredmedia":[{"embeddable":true,"href":"https:\/\/voksgrossisten.com\/de\/wp-json\/wp\/v2\/media\/951"}],"wp:attachment":[{"href":"https:\/\/voksgrossisten.com\/de\/wp-json\/wp\/v2\/media?parent=944"}],"wp:term":[{"taxonomy":"product_cat","embeddable":true,"href":"https:\/\/voksgrossisten.com\/de\/wp-json\/wp\/v2\/product_cat?post=944"},{"taxonomy":"product_tag","embeddable":true,"href":"https:\/\/voksgrossisten.com\/de\/wp-json\/wp\/v2\/product_tag?post=944"}],"curies":[{"name":"wp","href":"https:\/\/api.w.org\/{rel}","templated":true}]}}