{"id":965,"date":"2024-06-14T12:44:23","date_gmt":"2024-06-14T12:44:23","guid":{"rendered":"https:\/\/voksgrossisten.com\/?post_type=product&#038;p=965"},"modified":"2024-11-26T12:30:18","modified_gmt":"2024-11-26T12:30:18","slug":"cosmos-organic-yellow-beeswax-pellets-900kg","status":"publish","type":"product","link":"https:\/\/voksgrossisten.com\/de\/produkt\/cosmos-organic-yellow-beeswax-pellets-900kg\/","title":{"rendered":"COSMOS Bio-Bienenwachspellets, gelb, 900kg"},"content":{"rendered":"<p>Unser gelbes COSMOS Bio-Bienenwachs 50A2020 ist ein reines Bienenwachs von ausgezeichneter Qualit\u00e4t, das aus Honigwaben von Apis Mellifera gewonnen wird. Es ist sorgf\u00e4ltig raffiniert, ungebleicht und enth\u00e4lt keinerlei Verf\u00e4lschungen oder unnat\u00fcrliche R\u00fcckst\u00e4nde. Es ist v\u00f6llig frei von Pestiziden und Varroaziden und von Ecocert Greenlife gem\u00e4\u00df dem COSMOS-Standard, verf\u00fcgbar unter http:\/\/COSMOS.ecocert.com, als 100 % biologisch zertifiziert.<\/p>\n<p>Das zur Herstellung dieser Pellets verwendete Bio-Bienenwachs stammt aus einem Naturschutzwaldgebiet im s\u00fcdlichen Afrika und wurde von mehr als 7.000 Imkern gesammelt, die in traditionellen D\u00f6rfern im Wald leben. Unser lokaler Partner setzt sich daf\u00fcr ein, das Einkommen der Imker nachhaltig zu verbessern, die Lebensqualit\u00e4t zu verbessern und die Menschen beim Ausbau ihrer l\u00e4ndlichen Einkommensquellen zu unterst\u00fctzen.<\/p>\n<p>Traditionelle Beuten aus Rinde werden in B\u00e4umen platziert und \u00fcber gro\u00dfe Entfernungen von bis zu 50 Kilometern verteilt. Diese Bienenst\u00f6cke k\u00f6nnen bis zu 20 Jahre \u00fcberleben und werden bei der Ernte nicht zerst\u00f6rt oder get\u00f6tet, sondern von den Imkern als wichtiges und wertvolles Vieh gehalten. Zu keinem Zeitpunkt der Imkerei und der Honigernte werden Antibiotika eingesetzt, und da die Bienen tief in den Miombo-W\u00e4ldern nach Nahrung suchen \u2013 einem Gebiet weit entfernt von kommerzieller Landwirtschaft \u2013 ist das resultierende Produkt frei von Pestiziden.<\/p>\n<p><b>Anwendungen<br \/>\n<\/b><br \/>\n\u2022 Bio-Cremes, Lotionen, Stifte, Sonnenpflege, Make-up, Haarpflege<br \/>\n\u2022 Tabletten (Arzneimittel), Salben, Cremes, Z\u00e4pfchen mit kontrollierter Freisetzung<br \/>\n\u2022 Jede andere Anwendung, die Bienenwachs h\u00f6chster Qualit\u00e4t erfordert<\/p>\n<p><strong>Form und Verpackung<\/strong><\/p>\n<p>Ein Artikel von 50A2020 bezieht sich auf 25 kg Bio-Bienenwachspastillen, verpackt in einem Karton mit den Ma\u00dfen 47,5 cm x 36 cm x 30 cm. Im Inneren der Box befindet sich ein Inliner-Beutel aus lebensmittelechtem Kunststoff, um ein Versch\u00fctten der Pellets zu verhindern. Auf einer Palette befinden sich 36 Kartons mit Bienenwachspellets mit den Ma\u00dfen 115 cm x 115 cm und einem Nettogewicht von 900 kg.<\/p>\n<p><strong>Dokumentation<\/strong><\/p>\n<ul>\n<li><a href=\"http:\/\/voksgrossisten.com\/wp-content\/uploads\/2024\/06\/PDS-50A2020-COSMOS-Organic-beeswax-pellets.pdf\">PDS 50A2020 COSMOS Organic beeswax pellets<\/a><\/li>\n<\/ul>","protected":false},"excerpt":{"rendered":"<p>Eine Palette COSMOS Organic gelbe Bienenwachspellets in 25-kg-Kartons. Dieses Bienenwachs ist von h\u00f6chster auf dem Markt erh\u00e4ltlicher Qualit\u00e4t und kann nicht nur f\u00fcr Kosmetika, sondern auch f\u00fcr andere Premiumanwendungen mit hohen Qualit\u00e4tsanforderungen verwendet werden.<\/p>","protected":false},"featured_media":932,"template":"","meta":{"_themeisle_gutenberg_block_has_review":false,"_ti_tpc_template_sync":false,"_ti_tpc_template_id":""},"product_cat":[55,73,52],"product_tag":[],"class_list":{"0":"post-965","1":"product","2":"type-product","3":"status-publish","4":"has-post-thumbnail","6":"product_cat-cosmetic-grade","7":"product_cat-cosmos-organic","8":"product_cat-ph-eur","9":"product_shipping_class-palette","11":"first","12":"instock","13":"taxable","14":"shipping-taxable","15":"product-type-simple"},"_links":{"self":[{"href":"https:\/\/voksgrossisten.com\/de\/wp-json\/wp\/v2\/product\/965","targetHints":{"allow":["GET"]}}],"collection":[{"href":"https:\/\/voksgrossisten.com\/de\/wp-json\/wp\/v2\/product"}],"about":[{"href":"https:\/\/voksgrossisten.com\/de\/wp-json\/wp\/v2\/types\/product"}],"wp:featuredmedia":[{"embeddable":true,"href":"https:\/\/voksgrossisten.com\/de\/wp-json\/wp\/v2\/media\/932"}],"wp:attachment":[{"href":"https:\/\/voksgrossisten.com\/de\/wp-json\/wp\/v2\/media?parent=965"}],"wp:term":[{"taxonomy":"product_cat","embeddable":true,"href":"https:\/\/voksgrossisten.com\/de\/wp-json\/wp\/v2\/product_cat?post=965"},{"taxonomy":"product_tag","embeddable":true,"href":"https:\/\/voksgrossisten.com\/de\/wp-json\/wp\/v2\/product_tag?post=965"}],"curies":[{"name":"wp","href":"https:\/\/api.w.org\/{rel}","templated":true}]}}