{"id":386,"date":"2023-12-15T15:03:32","date_gmt":"2023-12-15T15:03:32","guid":{"rendered":"https:\/\/b2beeswax.com\/?page_id=386"},"modified":"2024-11-20T08:32:07","modified_gmt":"2024-11-20T08:32:07","slug":"beekeeping","status":"publish","type":"page","link":"https:\/\/voksgrossisten.com\/no\/beekeeping\/","title":{"rendered":"Bir\u00f8kt"},"content":{"rendered":"<h3 class=\"wp-block-heading\">Beeswax in beekeeping<\/h3><figure class=\"wp-block-image size-full has-custom-border\"><img loading=\"lazy\" decoding=\"async\" width=\"862\" height=\"340\" src=\"https:\/\/b2beeswax.com\/wp-content\/uploads\/2024\/01\/slider-image-4.jpg\" alt=\"\" class=\"has-border-color wp-image-484\" style=\"border-color:#FFFFFF;border-radius:10px\" srcset=\"https:\/\/voksgrossisten.com\/wp-content\/uploads\/2024\/01\/slider-image-4.jpg 862w, https:\/\/voksgrossisten.com\/wp-content\/uploads\/2024\/01\/slider-image-4-300x118.jpg 300w, https:\/\/voksgrossisten.com\/wp-content\/uploads\/2024\/01\/slider-image-4-768x303.jpg 768w\" sizes=\"auto, (max-width: 862px) 100vw, 862px\" \/><\/figure><p>Som et selskap med opphav i bir\u00f8ktsektoren, er vi fullt klar over den viktige rollen som bivoks spiller i en sunn bikube. Forfalskning med annen voks og skadelige rester i bivoksstiftelser har blitt identifisert i tusenvis av tilfeller som \u00e5rsaken til en bifamilies d\u00f8d. I utallige tilfeller blir virkningen av ikke-egnet bivoks imidlertid ikke engang notert av bir\u00f8kteren eller de negative effektene som kan observeres i bikuben satt i forhold til fundamentene. Ved \u00e5 redusere sannsynligheten for overlevelse av yngelen eller bare svekke den, kan honningavlingen og sunnheten til en bikube reduseres alvorlig. Men siden det ikke finnes noen offisiell standard for bivoks, hvordan kan vi s\u00f8rge for at voks eller foundations er av h\u00f8y kvalitet? Her er noen generelle punkter du b\u00f8r ta i betraktning n\u00e5r du kj\u00f8per bivoks som bir\u00f8kter:<\/p><ul class=\"wp-block-list\"><li>Kvalitetsstandard for bivoksfundamenter i bir\u00f8kt<\/li>\n\n<li>Hvordan kan h\u00f8ykvalitets bivoks identifiseres?&nbsp;<\/li>\n\n<li>Vanlige deklarasjoner av bivoks for bir\u00f8kt i markedet<\/li>\n\n<li>Forskjeller mellom plantevernmiddeltyper funnet i bivoks<\/li>\n\n<li>V\u00e5r standard, deres definisjon og kvalitetsl\u00f8fte<\/li><\/ul><h4 class=\"wp-block-heading\">Kvalitetsstandard for bivoksfundamenter i bir\u00f8kt<\/h4><p>I motsetning til honning er det forel\u00f8pig ingen offisiell kvalitetsstandard for bivoks p\u00e5 EU-niv\u00e5. P\u00e5 grunn av denne mangelen p\u00e5 standardisering har industrier som bruker bivoks begynt \u00e5 utvikle kvalitetsstandarder basert p\u00e5 deres produksjonsbehov. Mest kjent er RAL-standarden fra lysmakere og Ph. Eur. standard fra legemiddelindustrien. Disse reflekterer imidlertid ikke de samme kvalitetskravene som en bir\u00f8kter b\u00f8r stille til grunnlaget i bikuber. Siden parafin og stearin i alle fall ofte brukes i stearinlysproduksjon, og siden bivokslys vil brenne perfekt n\u00e5r det er en liten prosentandel av disse voksenene til stede, bestemte det tyske instituttet for kvalitetssikring og merking \u00e5 tillate 18 % totalt hydrokarboner i bivoks samtidig som det deklareres. som 100 % ren bivoks. Dette er imidlertid ikke tilfelle fordi naturlig bivoks har et totalt hydrokarboninnhold p\u00e5 rundt 14,5 %, dersom bivoksen har blitt gjenbrukt som stamgrunn i bikuben ofte kan den g\u00e5 opp til 15-15,5 %. Frem til i dag selger mange leverand\u00f8rer 100 % bivoks for bruk i bir\u00f8kt med referanse til RAL-standarden, noe som har f\u00f8rt til dagens situasjon hvor \"bivoksbassenger\" i de fleste europeiske land har totalt hydrokarboner rundt 16-16,5 % i gjennomsnitt . Dette niv\u00e5et av forfalskning kan anses \u00e5 v\u00e6re minimalt med ingen eller ikke m\u00e5lbar effekt p\u00e5 bier, men vi frar\u00e5der p\u00e5 det sterkeste bruk av bivoks basert p\u00e5 RAL-standarden for bir\u00f8kt, den er i de fleste tilfeller ikke egnet for bruk i bikuber og bir\u00f8ktere b\u00f8r be alltid om en analyse fra leverand\u00f8rer som beviser kvaliteten p\u00e5 voksen og som er representativ for det respektive parti som selges.<\/p><h4 class=\"wp-block-heading\">Hvordan kan h\u00f8ykvalitets bivoks identifiseres?&nbsp;<\/h4><p>Dette leder til det neste sp\u00f8rsm\u00e5let vi \u00f8nsker \u00e5 ta opp \u2013 hvordan kan vi vite om bivoks er av h\u00f8y og passende kvalitet for bir\u00f8kt?<br>I dag er det mange akkrediterte laboratorier som tilbyr analyser av bivoks, de fleste lokalisert i Tyskland som f.eks. Intertek, QSI, Eurofins, FoodQs eller Ceralyse. Alle bruker de samme teknikkene og forskjellene skyldes for det meste forskjellige tolkninger av resultater. For \u00e5 avklare om bivoks er forfalsket, brukes gaskromatografi (GC), kjernemagnetisk resonans (NMR), NIR Spektroskopi og kvantifisering av totale hydrokarboner. Ved kj\u00f8p av bivoks til bir\u00f8kt er det viktig \u00e5 se n\u00f8ye p\u00e5 analyserapportene som b\u00f8r gis og ikke ta selve eksistensen av en rapport som et tegn p\u00e5 h\u00f8y kvalitet. Total hydrokarbonanalyse alene og\/eller i kombinasjon med generelle verdier som tetthet, smeltepunkt og sponifisering eller estertall prikk gir ingen informasjon om renheten til den tilbudte voksen! I stedet b\u00f8r total hydrokarbonanalyse alltid kombineres med en GC- eller NMR-rapport som gir en klar indikasjon p\u00e5 prosentandelen av forfalskning som er tilstede i en analysert vokspr\u00f8ve.<br>Den andre analyserapporten som alltid b\u00f8r rekvireres hos en selger ved kj\u00f8p av bivoks til bir\u00f8kt er rest-\/spr\u00f8ytemiddelanalyse. Med disse er imidlertid forskjellene mellom laboratoriene mye mer alvorlige, b\u00e5de n\u00e5r det gjelder antall plantevernmidler\/insekticider\/varroacider som analyseres og grensene for kvantifisering (LOQ \u2013 den minste detekterbare mengden av et stoff). Mens noen laboratorier bare ser etter 15-20 plantevernmidler og insektmidler, kan andre identifisere over 250+. P\u00e5 samme m\u00e5te viser rapporter fra noen laboratorier bare et positivt funn av rester n\u00e5r det er over 0,5 mg\/kg, andre analyserer ned til 0,1, 0,01 eller til og med 0,001 mg\/kg. I det siste tilfellet er analysen 500 % mer n\u00f8yaktig enn en rapport med en LOQ p\u00e5 0,5 mg\/kg, men grensene ned til 0,001 mg er s\u00e5 lave at de som bir\u00f8kter med all grunn kan anses som ubetydelige for bier. S\u00e5 hvordan skiller vi da, hvor trekker vi som bir\u00f8ktere grensen? I kommersielle tilbud kan mange termer bli funnet som indikerer en h\u00f8y kvalitetsstandard, noen av dem vil vi gjerne diskutere i den f\u00f8lgende delen.<\/p><h4 class=\"wp-block-heading\">Vanlige deklarasjoner av bivoks for bir\u00f8kt i markedet<\/h4><ul class=\"wp-block-list\"><li>100% ren bivoks<\/li>\n\n<li>fri for pesticider<\/li>\n\n<li>lite plantevernmidler<\/li>\n\n<li>fri for varoacider<\/li>\n\n<li>organisk bivoks<\/li><\/ul><p>Enhver bir\u00f8kter som har kj\u00f8pt bivoks f\u00f8r, har sikkert kommet over mange av disse begrepene som brukes for markedsf\u00f8ring. N\u00e5r vi ser n\u00e6rmere p\u00e5 analyserapportene, hvis noen er gitt som virkelig er representative og ikke fra en batch fra 2 \u00e5r siden, blir det klart at disse begrepene ikke er noen standard i det hele tatt, og bivoks fremmet av dem varierer betydelig i kvalitet. Som nevnt f\u00f8r refererer tilbudet til 100 % renhet til RAL-standarden og er kun bevist med hydrokarbonanalyse og\/eller en spesifikasjon av generelle voksegenskaper som fors\u00e5pningsverdi og andre. En erkl\u00e6ring som plantevernmiddelfri avhenger i stor grad av laboratoriet som har utf\u00f8rt analysen som et parti som er erkl\u00e6rt plantevernmiddelfritt ned til 0,5 mg\/kg kan neppe sammenlignes med et parti som er fri for plantevernmidler ned til 0,1mg\/kg. I tillegg brukes rapporter fra laboratorier som kun tester for varroacider for \u00e5 erkl\u00e6re en bivoksbatch som fri for rester, noe som rett og slett ikke er tilfelle. Hvis det var det, kunne nesten all afrikansk bivoks erkl\u00e6res som restfri fordi bir\u00f8kterne der vanligvis ikke behandler biene sine mot Varroa-midden.<br>Selv organisk bivoks betyr ikke n\u00f8dvendigvis at den ikke inneholder rester fordi EU-lovgivningen ikke krever dokumentasjon om rester. <br>Oppsummert kan det sies at alle disse begrepene har liten betydning s\u00e5 lenge de ikke er dokumentert av relevante analyserapporter som tydelig angir hva som ble analysert og ved hvilke grenser. <br>Dessverre unng\u00e5r mange bivoksforhandlere \u00e5 gi denne informasjonen eller bryr seg rett og slett ikke eller vet det ikke bedre. Men vi \u00f8nsker ikke \u00e5 snakke om mangler ved andre tilbud og i stedet fortelle deg n\u00f8yaktig hvilken standard vi tilbyr og hvordan vi definerer dem. F\u00f8r \u00f8nsker vi \u00e5 ta opp en annen sak i forbindelse med rester, men som knapt diskuteres, men fra v\u00e5rt perspektiv av stor betydning.<\/p><h4 class=\"wp-block-heading\">Forskjeller mellom plantevernmiddeltyper funnet i bivoks<\/h4><p>Den f\u00f8rste forskjellen som m\u00e5 vurderes er den mellom ugressmidler, insektmidler og soppdrepende midler. I bir\u00f8kt er det helt naturlig \u00e5 anta at rester fra insektmidler som spesifikt er m\u00e5linsekter har mer negativ innvirkning p\u00e5 en bikube enn ugressmidler eller soppdrepende midler. Selv om dette ikke kan generaliseres, fremhever det det faktum at ikke alle plantevernmidler viser samme niv\u00e5 av toksisitet mot bier, et faktum som er mye ignorert eller i det minste ikke diskutert. Tross alt, hvilken bir\u00f8kter ville vite at klorpyrifos har et ni ganger h\u00f8yere toksisitetsniv\u00e5 enn for eksempel DDT, eller at flumetrin er omtrent 67 ganger mer giftig for bier enn tau-fluvalinat. Analyserapportene til de fleste laboratorier er imidlertid ikke rettet mot bir\u00f8ktere, men mot industrien, og det er derfor ingen reell forskjell mellom toksisitetsniv\u00e5er. Det eneste laboratoriet som har tatt hensyn til dette s\u00e5 vidt vi vet p\u00e5 dette tidspunktet (12.2.2024) er Ceralyze ved \u00e5 justere LOQ for plantevernmidlene som de analyserer i henhold til effekten p\u00e5 bier. <\/p><p>Et interessant verkt\u00f8y i denne sammenhengen kalt <a href=\"https:\/\/www.beetools.uliege.be\/beetoxwax\/?langue=en\" data-type=\"link\" data-id=\"https:\/\/www.beetools.uliege.be\/beetoxwax\/?langue=en\">Bee Tox Wax<\/a> er utviklet av University of Li\u00e8ge i Belgia. Det er et verkt\u00f8y for beregning av bivokstoksisitet som lar brukeren sette inn kjente restniv\u00e5er fra en laboratorieanalyserapport og gir en evaluering av toksisiteten til restniv\u00e5ene for bier. Selv om det vitenskapelige grunnlaget for beregningene ikke er gitt og kravene virker ganske urealistiske fra et \u00f8konomisk plantevernmiddel med innsikt i faktiske restgrenser p\u00e5 verdensbasis, er det i det minste et f\u00f8rste fors\u00f8k p\u00e5 \u00e5 etablere en bedre kvalitetsstandard for bivoks som brukes i bir\u00f8kt. <\/p><h4 class=\"wp-block-heading\">V\u00e5r standard, deres definisjon og kvalitetsl\u00f8fte<\/h4><p>S\u00e5 hva gj\u00f8r vi annerledes da? <br>Det viktigste er at vi leverer batchspesifikke analyser med all bivoks som vi selger, spesielt hvis den skal brukes i bir\u00f8kt. V\u00e5re analyserapporter viser ikke bare generelle vokskriterier, men det som er relevant for bir\u00f8kt: forfalskning og rester. For tiden bruker vi f\u00f8lgende laboratorier for bir\u00f8ktvoksen v\u00e5r:<\/p><p>Forfalskning: Totalt antall hydrokarboner og GC ved Ceralyse eller NMR av Intertek<\/p><p>Rester: Multi Pesticide screening av Ceralyse <\/p><p>Vi mener at denne kombinasjonen av analyse gir den mest hensiktsmessige og meningsfulle kvalitetsoversikten over bivoks som er tenkt brukt i bir\u00f8kt. P\u00e5 foresp\u00f8rsel kan vi ogs\u00e5 tilby plantevernmiddelanalyse av andre laboratorier med lavere LOQ og\/eller et Bee Tox Wax-sertifikat, bare la oss n\u00e5. <br>For \u00e5 skille mellom ulike kvalitetstyper av bivoks fra bir\u00f8kt, bruker vi f\u00f8lgende begreper:<\/p><div id=\"wp-block-themeisle-blocks-icon-list-effd5ea3\" class=\"wp-block-themeisle-blocks-icon-list\"><div id=\"wp-block-themeisle-blocks-icon-list-item-379c09c3\" class=\"wp-block-themeisle-blocks-icon-list-item\"><i class=\"fas fa-check wp-block-themeisle-blocks-icon-list-item-icon\"><\/i><p class=\"wp-block-themeisle-blocks-icon-list-item-content\">Vanlig: Alle plantevernmiddelniv\u00e5er er under 0,5 mg\/kg<\/p><\/div>\n\n<div id=\"wp-block-themeisle-blocks-icon-list-item-848c51cf\" class=\"wp-block-themeisle-blocks-icon-list-item\"><i class=\"fas fa-check wp-block-themeisle-blocks-icon-list-item-icon\"><\/i><p class=\"wp-block-themeisle-blocks-icon-list-item-content\">Lite plantevernmidler: Alle plantevernmiddelniv\u00e5er er under Ceralyse LOQ <br>(0,03 &#8211; 0,2 mg\/kg)<\/p><\/div>\n\n<div id=\"wp-block-themeisle-blocks-icon-list-item-f6495fd7\" class=\"wp-block-themeisle-blocks-icon-list-item\"><i class=\"fas fa-check wp-block-themeisle-blocks-icon-list-item-icon\"><\/i><p class=\"wp-block-themeisle-blocks-icon-list-item-content\">Fri for pesticider: Alle pesticider er under Intertek LOQ (0,01 mg\/kg)<\/p><\/div><\/div><p>Ta gjerne kontakt med oss \u200b\u200bhvis du skulle ha ytterligere sp\u00f8rsm\u00e5l om analyse eller restniv\u00e5er og forfalskning av bivoks. Hvis du leter etter v\u00e5r bir\u00f8ktbivoks, vennligst f\u00f8lg denne <a href=\"https:\/\/www.swienty.com\/pl\/New-Products_437014.aspx\">link<\/a> til online butikken v\u00e5r.<br> <\/p>","protected":false},"excerpt":{"rendered":"<p>Beeswax in beekeeping As a company that originates in the beekeeping sector, we are fully aware of the important role that beeswax plays in a healthy beehive. Adulteration with other waxes and harmful residues in beeswax foundations have been identified in thousands of cases as the reason for the decease of a bee family. In [&hellip;]<\/p>","protected":false},"author":1,"featured_media":0,"parent":0,"menu_order":0,"comment_status":"closed","ping_status":"closed","template":"","meta":{"_themeisle_gutenberg_block_has_review":false,"_ti_tpc_template_sync":false,"_ti_tpc_template_id":"","footnotes":""},"class_list":["post-386","page","type-page","status-publish","hentry"],"_links":{"self":[{"href":"https:\/\/voksgrossisten.com\/no\/wp-json\/wp\/v2\/pages\/386","targetHints":{"allow":["GET"]}}],"collection":[{"href":"https:\/\/voksgrossisten.com\/no\/wp-json\/wp\/v2\/pages"}],"about":[{"href":"https:\/\/voksgrossisten.com\/no\/wp-json\/wp\/v2\/types\/page"}],"author":[{"embeddable":true,"href":"https:\/\/voksgrossisten.com\/no\/wp-json\/wp\/v2\/users\/1"}],"replies":[{"embeddable":true,"href":"https:\/\/voksgrossisten.com\/no\/wp-json\/wp\/v2\/comments?post=386"}],"version-history":[{"count":18,"href":"https:\/\/voksgrossisten.com\/no\/wp-json\/wp\/v2\/pages\/386\/revisions"}],"predecessor-version":[{"id":1048,"href":"https:\/\/voksgrossisten.com\/no\/wp-json\/wp\/v2\/pages\/386\/revisions\/1048"}],"wp:attachment":[{"href":"https:\/\/voksgrossisten.com\/no\/wp-json\/wp\/v2\/media?parent=386"}],"curies":[{"name":"wp","href":"https:\/\/api.w.org\/{rel}","templated":true}]}}