{"id":388,"date":"2023-12-15T15:03:46","date_gmt":"2023-12-15T15:03:46","guid":{"rendered":"https:\/\/b2beeswax.com\/?page_id=388"},"modified":"2024-06-10T08:32:49","modified_gmt":"2024-06-10T08:32:49","slug":"industry","status":"publish","type":"page","link":"https:\/\/voksgrossisten.com\/no\/industry\/","title":{"rendered":"Industri"},"content":{"rendered":"<h3 class=\"wp-block-heading\">Bivoks for industriell bruk<\/h3><figure class=\"wp-block-image size-full has-custom-border\"><img loading=\"lazy\" decoding=\"async\" width=\"862\" height=\"340\" src=\"https:\/\/b2beeswax.com\/wp-content\/uploads\/2024\/01\/lack-1-cut-1.jpg\" alt=\"\" class=\"wp-image-495\" style=\"border-radius:6px\" srcset=\"https:\/\/voksgrossisten.com\/wp-content\/uploads\/2024\/01\/lack-1-cut-1.jpg 862w, https:\/\/voksgrossisten.com\/wp-content\/uploads\/2024\/01\/lack-1-cut-1-300x118.jpg 300w, https:\/\/voksgrossisten.com\/wp-content\/uploads\/2024\/01\/lack-1-cut-1-768x303.jpg 768w\" sizes=\"auto, (max-width: 862px) 100vw, 862px\" \/><\/figure><p>Bivoks finner flere verdifulle bruksomr\u00e5der i industrielle omgivelser p\u00e5 grunn av dens unike egenskaper. Noen vanlige bruksomr\u00e5der for bivoks i industrielle applikasjoner inkluderer:<\/p><ol class=\"wp-block-list\"><li><b>Sm\u00f8remidler og fett<\/b><br>Bivoks brukes i formuleringen av sm\u00f8remidler og fett p\u00e5 grunn av dens naturlige glatte og lave friksjonsegenskaper. Det bidrar til \u00e5 redusere slitasje p\u00e5 maskinkomponenter og gir et langvarig, beskyttende lag.<\/li>\n\n<li><strong>Polerings- og etterbehandlingsmidler<\/strong> <br>Den naturlige glansen og den glatte teksturen til bivoks gj\u00f8r den til en utmerket ingrediens i polerings- og etterbehandlingsblandinger for ulike materialer, inkludert tre, metall og l\u00e6r.<\/li>\n\n<li><strong>Tetningsmidler og vanntetting<\/strong><br>Bivoks har vannavst\u00f8tende egenskaper, noe som gj\u00f8r den til en verdifull komponent i fugemasser og vanntettingsformuleringer. Det skaper en beskyttende barriere p\u00e5 overflater, forhindrer fuktinntrenging og \u00f8ker holdbarheten.<\/li>\n\n<li><strong>Vokslys og belegg<\/strong><br>Bivoks brukes ofte i produksjon av lys av h\u00f8y kvalitet, og tilbyr et rent og saktebrennende alternativ. I industrielle applikasjoner kan bivoksbelegg ogs\u00e5 p\u00e5f\u00f8res overflater for beskyttelse mot korrosjon og milj\u00f8elementer.<\/li>\n\n<li><strong>Elektronikk og elektriske komponenter<\/strong><br>Bivoks fungerer som et isolerende materiale i noen elektriske applikasjoner. Den kan brukes til \u00e5 belegge ledninger og komponenter for \u00e5 beskytte dem mot fuktighet og milj\u00f8skader.<\/li>\n\n<li><strong>St\u00f8pning<\/strong><br>Bivoks brukes i industrielle st\u00f8peprosesser. Den kan brukes til \u00e5 lage intrikate former for metallst\u00f8ping p\u00e5 grunn av dens evne til \u00e5 fange fine detaljer og t\u00e5le h\u00f8ye temperaturer.<\/li>\n\n<li><strong>Tekstilindustri<\/strong><br>Bivoks kan p\u00e5f\u00f8res tekstiler for vanntetting eller for \u00e5 forbedre stoffets styrke. Dette er spesielt nyttig i industrielle applikasjoner der tekstiler m\u00e5 t\u00e5le t\u00f8ffe forhold.<\/li>\n\n<li><strong>Trebearbeiding<\/strong><br>Bivoks brukes i trebearbeiding for \u00e5 lage naturlige overflater for treoverflater. Det forbedrer treets utseende samtidig som det gir beskyttelse mot fuktighet og slitasje.<\/li><\/ol><p>Allsidigheten og de naturlige egenskapene til bivoks gj\u00f8r den til en ettertraktet ingrediens i ulike industrielle prosesser, og tilbyr b\u00e6rekraftige og milj\u00f8vennlige alternativer i flere bruksomr\u00e5der. Du kan finne industriell bivoks hvis du f\u00f8lger denne <a href=\"https:\/\/voksgrossisten.com\/da\/produkt-kategorie\/ral-grade\/\">link<\/a> to our webshop.<\/p>","protected":false},"excerpt":{"rendered":"<p>Beeswax for industrial uses Beeswax finds several valuable applications in industrial settings due to its unique properties. Some common uses of beeswax in industrial applications include: The versatility and natural qualities of beeswax make it a sought-after ingredient in various industrial processes, offering sustainable and eco-friendly alternatives in several applications. You can find industrial beeswax [&hellip;]<\/p>","protected":false},"author":1,"featured_media":0,"parent":0,"menu_order":0,"comment_status":"closed","ping_status":"closed","template":"","meta":{"_themeisle_gutenberg_block_has_review":false,"_ti_tpc_template_sync":false,"_ti_tpc_template_id":"","footnotes":""},"class_list":["post-388","page","type-page","status-publish","hentry"],"_links":{"self":[{"href":"https:\/\/voksgrossisten.com\/no\/wp-json\/wp\/v2\/pages\/388","targetHints":{"allow":["GET"]}}],"collection":[{"href":"https:\/\/voksgrossisten.com\/no\/wp-json\/wp\/v2\/pages"}],"about":[{"href":"https:\/\/voksgrossisten.com\/no\/wp-json\/wp\/v2\/types\/page"}],"author":[{"embeddable":true,"href":"https:\/\/voksgrossisten.com\/no\/wp-json\/wp\/v2\/users\/1"}],"replies":[{"embeddable":true,"href":"https:\/\/voksgrossisten.com\/no\/wp-json\/wp\/v2\/comments?post=388"}],"version-history":[{"count":10,"href":"https:\/\/voksgrossisten.com\/no\/wp-json\/wp\/v2\/pages\/388\/revisions"}],"predecessor-version":[{"id":939,"href":"https:\/\/voksgrossisten.com\/no\/wp-json\/wp\/v2\/pages\/388\/revisions\/939"}],"wp:attachment":[{"href":"https:\/\/voksgrossisten.com\/no\/wp-json\/wp\/v2\/media?parent=388"}],"curies":[{"name":"wp","href":"https:\/\/api.w.org\/{rel}","templated":true}]}}