{"id":50,"date":"2023-11-16T14:20:22","date_gmt":"2023-11-16T14:20:22","guid":{"rendered":"http:\/\/voksgrossisten.com\/?page_id=50"},"modified":"2024-10-29T21:54:19","modified_gmt":"2024-10-29T21:54:19","slug":"products","status":"publish","type":"page","link":"https:\/\/voksgrossisten.com\/no\/products\/","title":{"rendered":"Brukstyper"},"content":{"rendered":"<div class=\"wp-block-columns alignwide is-layout-flex wp-container-core-columns-is-layout-28f84493 wp-block-columns-is-layout-flex\"><div class=\"wp-block-column is-layout-flow wp-block-column-is-layout-flow\" style=\"flex-basis:100%\"><h3 id=\"wp-block-themeisle-blocks-advanced-heading-92e08627\" class=\"wp-block-themeisle-blocks-advanced-heading wp-block-themeisle-blocks-advanced-heading-92e08627\">Bruk av bivoks<\/h3><\/div><\/div><figure class=\"wp-block-gallery alignwide has-nested-images columns-default is-cropped wp-block-gallery-1 is-layout-flex wp-block-gallery-is-layout-flex\"><figure class=\"wp-block-image size-full\"><img loading=\"lazy\" decoding=\"async\" width=\"1000\" height=\"692\" data-id=\"146\" src=\"http:\/\/voksgrossisten.com\/wp-content\/uploads\/2023\/11\/wax-polish-original.jpg\" alt=\"\" class=\"wp-image-146\" srcset=\"https:\/\/voksgrossisten.com\/wp-content\/uploads\/2023\/11\/wax-polish-original.jpg 1000w, https:\/\/voksgrossisten.com\/wp-content\/uploads\/2023\/11\/wax-polish-original-300x208.jpg 300w, https:\/\/voksgrossisten.com\/wp-content\/uploads\/2023\/11\/wax-polish-original-768x531.jpg 768w\" sizes=\"auto, (max-width: 1000px) 100vw, 1000px\" \/><\/figure>\n\n<figure class=\"wp-block-image size-full\"><img loading=\"lazy\" decoding=\"async\" width=\"1000\" height=\"668\" data-id=\"399\" src=\"http:\/\/voksgrossisten.com\/wp-content\/uploads\/2023\/12\/shutterstock_1566683218-1000x.jpg\" alt=\"\" class=\"wp-image-399\" srcset=\"https:\/\/voksgrossisten.com\/wp-content\/uploads\/2023\/12\/shutterstock_1566683218-1000x.jpg 1000w, https:\/\/voksgrossisten.com\/wp-content\/uploads\/2023\/12\/shutterstock_1566683218-1000x-300x200.jpg 300w, https:\/\/voksgrossisten.com\/wp-content\/uploads\/2023\/12\/shutterstock_1566683218-1000x-768x513.jpg 768w\" sizes=\"auto, (max-width: 1000px) 100vw, 1000px\" \/><\/figure>\n\n<figure class=\"wp-block-image size-full\"><img loading=\"lazy\" decoding=\"async\" width=\"1000\" height=\"667\" data-id=\"400\" src=\"http:\/\/voksgrossisten.com\/wp-content\/uploads\/2023\/12\/shutterstock_21250117221-1000x.jpg\" alt=\"\" class=\"wp-image-400\" srcset=\"https:\/\/voksgrossisten.com\/wp-content\/uploads\/2023\/12\/shutterstock_21250117221-1000x.jpg 1000w, https:\/\/voksgrossisten.com\/wp-content\/uploads\/2023\/12\/shutterstock_21250117221-1000x-300x200.jpg 300w, https:\/\/voksgrossisten.com\/wp-content\/uploads\/2023\/12\/shutterstock_21250117221-1000x-768x512.jpg 768w\" sizes=\"auto, (max-width: 1000px) 100vw, 1000px\" \/><\/figure><\/figure><div class=\"wp-block-columns alignwide is-layout-flex wp-container-core-columns-is-layout-28f84493 wp-block-columns-is-layout-flex\"><div class=\"wp-block-column is-layout-flow wp-block-column-is-layout-flow\" style=\"flex-basis:100%\"><p id=\"mntl-sc-block_1-0-11\">Bivoks er et sekret produsert av unge honningbier (<em>Apis mellifera<\/em>) og grunnlaget for hver bikube. N\u00e5r nyprodusert, er bivoks lys gul i fargen, men over tid blir den m\u00f8rkere til en gylden gul. P\u00e5 grunn av kontakt med propolis og yngel kan den ogs\u00e5 bli brun med tiden, og det er grunnen til at naturlig bivoks kommer i mange former og farger fra bir\u00f8kteren. Selv om den hovedsakelig best\u00e5r av estere av fettsyrer, er sammensetningen ganske kompleks med mer enn 200 andre mindre komponenter som har blitt identifisert og legger til egenskapene til dette fantastiske produktet. Takket v\u00e6re denne unike naturlige blandingen av komponenter, har bivoks mange bruksomr\u00e5der i ulike felt og bransjer:<\/p><\/div><\/div><div id=\"wp-block-themeisle-blocks-accordion-ce2f4e2b\" class=\"wp-block-themeisle-blocks-accordion exclusive\"><details class=\"wp-block-themeisle-blocks-accordion-item\"><summary class=\"wp-block-themeisle-blocks-accordion-item__title\"><div><a href=\"https:\/\/b2beeswax.com\/candles\/\" data-type=\"page\" data-id=\"63\">Bivokslys<\/a><\/div><\/summary><div class=\"wp-block-themeisle-blocks-accordion-item__content\"><figure class=\"wp-block-image size-full\"><a href=\"https:\/\/b2beeswax.com\/candles\/\"><img loading=\"lazy\" decoding=\"async\" width=\"862\" height=\"340\" src=\"http:\/\/voksgrossisten.com\/wp-content\/uploads\/2023\/12\/kerzen1-cut.jpg\" alt=\"\" class=\"wp-image-378\" srcset=\"https:\/\/voksgrossisten.com\/wp-content\/uploads\/2023\/12\/kerzen1-cut.jpg 862w, https:\/\/voksgrossisten.com\/wp-content\/uploads\/2023\/12\/kerzen1-cut-300x118.jpg 300w, https:\/\/voksgrossisten.com\/wp-content\/uploads\/2023\/12\/kerzen1-cut-768x303.jpg 768w\" sizes=\"auto, (max-width: 862px) 100vw, 862px\" \/><\/a><\/figure>\n\n<p>Bivokslys har blitt produsert i tusenvis av \u00e5r og gir mange fordeler fremfor kunstige alternativer som parafin eller stearin. V\u00e5r bivoks overholder normen RAL-GZ 041 og produserer vakre lang- og godt brennende lys med en s\u00f8t naturlig duft.  <\/p><\/div><\/details>\n\n<details class=\"wp-block-themeisle-blocks-accordion-item\"><summary class=\"wp-block-themeisle-blocks-accordion-item__title\"><div><a href=\"https:\/\/b2beeswax.com\/industry\/\" data-type=\"page\" data-id=\"388\">Industriell bruk<\/a><\/div><\/summary><div class=\"wp-block-themeisle-blocks-accordion-item__content\"><figure class=\"wp-block-image size-full\"><a href=\"https:\/\/b2beeswax.com\/industry\/\"><img loading=\"lazy\" decoding=\"async\" width=\"862\" height=\"340\" src=\"https:\/\/b2beeswax.com\/wp-content\/uploads\/2024\/01\/lack-1-cut.jpg\" alt=\"\" class=\"wp-image-427\" srcset=\"https:\/\/voksgrossisten.com\/wp-content\/uploads\/2024\/01\/lack-1-cut.jpg 862w, https:\/\/voksgrossisten.com\/wp-content\/uploads\/2024\/01\/lack-1-cut-300x118.jpg 300w, https:\/\/voksgrossisten.com\/wp-content\/uploads\/2024\/01\/lack-1-cut-768x303.jpg 768w\" sizes=\"auto, (max-width: 862px) 100vw, 862px\" \/><\/a><\/figure>\n\n<p>P\u00e5 grunn av bivoksens unike egenskaper er det utallige bruksmuligheter i industriell sammenheng, fra tre- og skokrem til rengj\u00f8ringsmidler eller sm\u00f8remidler samt i mange typer lakk. De viktigste faktorene for industriell bruk er god filtrering for \u00e5 fjerne urenheter f\u00f8r blanding med andre ingredienser og renheten som r\u00e5materiale, og det er grunnen til at vi tilbyr laboratorieanalyser for hver batch med bivoks som vi selger. <\/p><\/div><\/details>\n\n<details class=\"wp-block-themeisle-blocks-accordion-item\"><summary class=\"wp-block-themeisle-blocks-accordion-item__title\"><div><a href=\"https:\/\/b2beeswax.com\/food\/\" data-type=\"page\" data-id=\"390\">Matproduksjon<\/a><\/div><\/summary><div class=\"wp-block-themeisle-blocks-accordion-item__content\"><figure class=\"wp-block-image size-full\"><a href=\"https:\/\/b2beeswax.com\/food\/\"><img loading=\"lazy\" decoding=\"async\" width=\"862\" height=\"340\" src=\"https:\/\/b2beeswax.com\/wp-content\/uploads\/2024\/01\/fruit-cut-1.jpg\" alt=\"\" class=\"wp-image-430\" srcset=\"https:\/\/voksgrossisten.com\/wp-content\/uploads\/2024\/01\/fruit-cut-1.jpg 862w, https:\/\/voksgrossisten.com\/wp-content\/uploads\/2024\/01\/fruit-cut-1-300x118.jpg 300w, https:\/\/voksgrossisten.com\/wp-content\/uploads\/2024\/01\/fruit-cut-1-768x303.jpg 768w\" sizes=\"auto, (max-width: 862px) 100vw, 862px\" \/><\/a><\/figure>\n\n<p>Bivoks er spiselig, og selv om den ikke gir ekte n\u00e6ringsverdi, gj\u00f8r dens egenskaper og antibakterielle natur det et perfekt belegg for mange typer frukt og gr\u00f8nnsaker, og forbedrer det generelle utseendet, friskheten og lang levetid. Den brukes ogs\u00e5 av anerkjente kokker over hele verden i matlaging som en glasur for kj\u00f8tt eller godteri. V\u00e5r bivoks er godkjent for konsum og overholder EU-standarden E901, noe som garanterer trygg bruk som tilsetningsstoff.<\/p><\/div><\/details>\n\n<details class=\"wp-block-themeisle-blocks-accordion-item\"><summary class=\"wp-block-themeisle-blocks-accordion-item__title\"><div><a href=\"https:\/\/b2beeswax.com\/cosmetics\/\" data-type=\"page\" data-id=\"73\">Kosmetikk<\/a><\/div><\/summary><div class=\"wp-block-themeisle-blocks-accordion-item__content\"><figure class=\"wp-block-image size-full\"><a href=\"https:\/\/b2beeswax.com\/cosmetics\/\"><img loading=\"lazy\" decoding=\"async\" width=\"862\" height=\"340\" src=\"https:\/\/b2beeswax.com\/wp-content\/uploads\/2024\/01\/lip-balm-cut-1.png\" alt=\"\" class=\"wp-image-480\" srcset=\"https:\/\/voksgrossisten.com\/wp-content\/uploads\/2024\/01\/lip-balm-cut-1.png 862w, https:\/\/voksgrossisten.com\/wp-content\/uploads\/2024\/01\/lip-balm-cut-1-300x118.png 300w, https:\/\/voksgrossisten.com\/wp-content\/uploads\/2024\/01\/lip-balm-cut-1-768x303.png 768w\" sizes=\"auto, (max-width: 862px) 100vw, 862px\" \/><\/a><\/figure>\n\n<p>Som en naturlig ingrediens brukes bivoks i mange kosmetiske produkter som blush, \u00f8yenskygge, lipgloss, leppepomade og fuktighetskremer. Vi tilbyr h\u00f8ykvalitets bivokspastiller som en kosmetisk ingrediens b\u00e5de i naturlig gul (cera flava) og bleket i hvit farge (cera alba) b\u00e5de som vanlig og f\u00f8rsteklasses kvalitet med kontrollerte plantevernmiddelrester for \u00e5 unng\u00e5 migrering til kosmetiske produkter. <\/p><\/div><\/details>\n\n<details class=\"wp-block-themeisle-blocks-accordion-item\"><summary class=\"wp-block-themeisle-blocks-accordion-item__title\"><div><a href=\"https:\/\/b2beeswax.com\/pharma\/\" data-type=\"page\" data-id=\"75\">Pharma<\/a><\/div><\/summary><div class=\"wp-block-themeisle-blocks-accordion-item__content\"><figure class=\"wp-block-image size-full\"><a href=\"https:\/\/b2beeswax.com\/pharma\/\"><img loading=\"lazy\" decoding=\"async\" width=\"862\" height=\"340\" src=\"https:\/\/b2beeswax.com\/wp-content\/uploads\/2024\/01\/pharma-cut-1.jpg\" alt=\"\" class=\"wp-image-448\" srcset=\"https:\/\/voksgrossisten.com\/wp-content\/uploads\/2024\/01\/pharma-cut-1.jpg 862w, https:\/\/voksgrossisten.com\/wp-content\/uploads\/2024\/01\/pharma-cut-1-300x118.jpg 300w, https:\/\/voksgrossisten.com\/wp-content\/uploads\/2024\/01\/pharma-cut-1-768x303.jpg 768w\" sizes=\"auto, (max-width: 862px) 100vw, 862px\" \/><\/a><\/figure>\n\n<p>Dens gunstige antibakterielle og antioksidantegenskaper gj\u00f8r bivoks til en verdifull ingrediens i ulike farmas\u00f8ytiske produkter. Vi tilbyr Ph. Eur. kvalitet bivoks som lager utmerkede emulsjoner og brukes i hjelpestoffbasen for farmas\u00f8ytiske kremer og salver og som en komponent i medisinske formuleringer som hydrogeler, dressinger og pastaer. <\/p><\/div><\/details>\n\n<details class=\"wp-block-themeisle-blocks-accordion-item\"><summary class=\"wp-block-themeisle-blocks-accordion-item__title\"><div><a href=\"https:\/\/b2beeswax.com\/beekeeping\/\" data-type=\"page\" data-id=\"386\">Bir\u00f8kt<\/a><\/div><\/summary><div class=\"wp-block-themeisle-blocks-accordion-item__content\"><figure class=\"wp-block-image size-full\"><a href=\"https:\/\/b2beeswax.com\/beekeeping\/\"><img loading=\"lazy\" decoding=\"async\" width=\"862\" height=\"340\" src=\"https:\/\/b2beeswax.com\/wp-content\/uploads\/2024\/01\/foundation-cut-1.png\" alt=\"\" class=\"wp-image-477\" srcset=\"https:\/\/voksgrossisten.com\/wp-content\/uploads\/2024\/01\/foundation-cut-1.png 862w, https:\/\/voksgrossisten.com\/wp-content\/uploads\/2024\/01\/foundation-cut-1-300x118.png 300w, https:\/\/voksgrossisten.com\/wp-content\/uploads\/2024\/01\/foundation-cut-1-768x303.png 768w\" sizes=\"auto, (max-width: 862px) 100vw, 862px\" \/><\/a><\/figure>\n\n<p>\u00c5 kun bruke gode og kvalitetsgodkjente bivoksfundamenter ved \u00f8kende kolonitall er av st\u00f8rste betydning i moderne bir\u00f8kt for \u00e5 holde den indre bivokssyklusen ren. Mens mange leverand\u00f8rer tilbyr og markedsf\u00f8rer bivoks av industriell kvalitet for bir\u00f8kt, selger vi bare partier som er 100 % ren bivoks med kontrollerte plantevernmiddelniv\u00e5er og analytiske rapporter fra akkrediterte laboratorier.   <\/p><\/div><\/details><\/div><div class=\"wp-block-columns alignwide is-layout-flex wp-container-core-columns-is-layout-28f84493 wp-block-columns-is-layout-flex\"><div class=\"wp-block-column is-layout-flow wp-block-column-is-layout-flow\" style=\"flex-basis:100%\"><p>Ren bivoks er et sjeldent produkt og utgj\u00f8r kun mellom 2 \u2013 8 % av honningen som produseres i en bikube, avhengig av bir\u00f8ktteknikkene som brukes. Men ikke all bivoks er av samme kvalitet: behandlingene som en bir\u00f8kter bruker for \u00e5 holde biene friske har en viktig innflytelse p\u00e5 restene som kan vandre inn i voksen og den omfattende bruken av plantevernmidler, insektmidler og soppmidler gj\u00f8r det vanskelig \u00e5 finne bivoks. som ikke inneholder spor av noen av disse midlene. <br>P\u00e5 grunn av disse forskjellene og manglende kvalitetsstandarder for bivoks i mange bransjer, er det viktig \u00e5 vite hvilken vokstype og opprinnelse som er best \u00e5 bruke til et bestemt form\u00e5l. <br><br>Ta gjerne kontakt med oss, vi har n\u00f8dvendig erfaring og kompetanse for \u00e5 svare p\u00e5 dine sp\u00f8rsm\u00e5l og ser frem til \u00e5 h\u00f8re fra deg. <\/p><\/div><\/div><div class=\"wp-block-columns is-layout-flex wp-container-core-columns-is-layout-28f84493 wp-block-columns-is-layout-flex\"><div class=\"wp-block-column is-layout-flow wp-block-column-is-layout-flow\" style=\"flex-basis:100%\"><\/div><\/div>","protected":false},"excerpt":{"rendered":"<p>Beeswax is a secretion produced by young honey bees (Apis mellifera) and the foundation of every beehive. When newly produced, beeswax is light yellow in color but over time it darkens to a golden yellow. Due to contact with propolis and brood it can also turn brown with time which is why natural beeswax comes [&hellip;]<\/p>","protected":false},"author":1,"featured_media":0,"parent":0,"menu_order":0,"comment_status":"closed","ping_status":"closed","template":"","meta":{"_themeisle_gutenberg_block_has_review":false,"_ti_tpc_template_sync":false,"_ti_tpc_template_id":"","footnotes":""},"class_list":["post-50","page","type-page","status-publish","hentry"],"_links":{"self":[{"href":"https:\/\/voksgrossisten.com\/no\/wp-json\/wp\/v2\/pages\/50","targetHints":{"allow":["GET"]}}],"collection":[{"href":"https:\/\/voksgrossisten.com\/no\/wp-json\/wp\/v2\/pages"}],"about":[{"href":"https:\/\/voksgrossisten.com\/no\/wp-json\/wp\/v2\/types\/page"}],"author":[{"embeddable":true,"href":"https:\/\/voksgrossisten.com\/no\/wp-json\/wp\/v2\/users\/1"}],"replies":[{"embeddable":true,"href":"https:\/\/voksgrossisten.com\/no\/wp-json\/wp\/v2\/comments?post=50"}],"version-history":[{"count":39,"href":"https:\/\/voksgrossisten.com\/no\/wp-json\/wp\/v2\/pages\/50\/revisions"}],"predecessor-version":[{"id":1030,"href":"https:\/\/voksgrossisten.com\/no\/wp-json\/wp\/v2\/pages\/50\/revisions\/1030"}],"wp:attachment":[{"href":"https:\/\/voksgrossisten.com\/no\/wp-json\/wp\/v2\/media?parent=50"}],"curies":[{"name":"wp","href":"https:\/\/api.w.org\/{rel}","templated":true}]}}