{"id":621,"date":"2024-03-14T11:56:00","date_gmt":"2024-03-14T11:56:00","guid":{"rendered":"https:\/\/b2beeswax.com\/?page_id=621"},"modified":"2024-06-12T12:16:40","modified_gmt":"2024-06-12T12:16:40","slug":"datasheets","status":"publish","type":"page","link":"https:\/\/voksgrossisten.com\/no\/datasheets\/","title":{"rendered":"Datablad"},"content":{"rendered":"<h3 class=\"wp-block-heading alignwide\">Datablad<\/h3><h5 class=\"wp-block-heading alignwide\">Utforsk portef\u00f8ljen v\u00e5r og finn de respektive databladene med produktinformasjon ang\u00e5ende egenskaper, sertifiseringer og brukbarhet. Hvis du vil ha ytterligere informasjon eller ikke finner noe, kan du gjerne kontakte oss!<\/h5><div class=\"wp-block-file alignwide\"><a id=\"wp-block-file--media-74556ca8-a6ec-4de8-b8f7-7edc09058758\" href=\"http:\/\/voksgrossisten.com\/wp-content\/uploads\/2024\/05\/PDS-10A2030-Yellow-beeswax.pdf\">PDS 10A2030 Yellow beeswax<\/a><a href=\"http:\/\/voksgrossisten.com\/wp-content\/uploads\/2024\/05\/PDS-10A2030-Yellow-beeswax.pdf\" class=\"wp-block-file__button wp-element-button\" download aria-describedby=\"wp-block-file--media-74556ca8-a6ec-4de8-b8f7-7edc09058758\">Download<\/a><\/div><div class=\"wp-block-file alignwide\"><a id=\"wp-block-file--media-dbfa7907-4fc6-44cd-ae0d-bf42cd09a2e1\" href=\"http:\/\/voksgrossisten.com\/wp-content\/uploads\/2024\/05\/PDS-10B2030-White-beeswax.pdf\">PDS 10B2030 White beeswax<\/a><a href=\"http:\/\/voksgrossisten.com\/wp-content\/uploads\/2024\/05\/PDS-10B2030-White-beeswax.pdf\" class=\"wp-block-file__button wp-element-button\" download aria-describedby=\"wp-block-file--media-dbfa7907-4fc6-44cd-ae0d-bf42cd09a2e1\">Download<\/a><\/div><div class=\"wp-block-file alignwide\"><a id=\"wp-block-file--media-ea4b5f79-741d-4f7b-8360-b6f2dbb0fd15\" href=\"http:\/\/voksgrossisten.com\/wp-content\/uploads\/2024\/05\/PDS-30A2030-Yellow-Pharma-beeswax-EP.pdf\">PDS 30A2030 Yellow Pharma beeswax EP<\/a><a href=\"http:\/\/voksgrossisten.com\/wp-content\/uploads\/2024\/05\/PDS-30A2030-Yellow-Pharma-beeswax-EP.pdf\" class=\"wp-block-file__button wp-element-button\" download aria-describedby=\"wp-block-file--media-ea4b5f79-741d-4f7b-8360-b6f2dbb0fd15\">Download<\/a><\/div><div class=\"wp-block-file alignwide\"><a id=\"wp-block-file--media-4c41c102-4b8a-48c6-83f0-686565725e7d\" href=\"http:\/\/voksgrossisten.com\/wp-content\/uploads\/2024\/05\/PDS-30B2030-White-Pharma-beeswax-EP.pdf\">PDS 30B2030 White Pharma beeswax EP<\/a><a href=\"http:\/\/voksgrossisten.com\/wp-content\/uploads\/2024\/05\/PDS-30B2030-White-Pharma-beeswax-EP.pdf\" class=\"wp-block-file__button wp-element-button\" download aria-describedby=\"wp-block-file--media-4c41c102-4b8a-48c6-83f0-686565725e7d\">Download<\/a><\/div><div class=\"wp-block-file alignwide\"><a id=\"wp-block-file--media-e6a0b889-0b06-46e8-bb65-7715a3f693fd\" href=\"http:\/\/voksgrossisten.com\/wp-content\/uploads\/2024\/05\/PDS-60A2030-Yellow-Food-beeswax.pdf\">PDS 60A2030 Yellow Food beeswax<\/a><a href=\"http:\/\/voksgrossisten.com\/wp-content\/uploads\/2024\/05\/PDS-60A2030-Yellow-Food-beeswax.pdf\" class=\"wp-block-file__button wp-element-button\" download aria-describedby=\"wp-block-file--media-e6a0b889-0b06-46e8-bb65-7715a3f693fd\">Download<\/a><\/div><div class=\"wp-block-file alignwide\"><a id=\"wp-block-file--media-4483989d-32e0-44ce-8823-9873dd80cea4\" href=\"http:\/\/voksgrossisten.com\/wp-content\/uploads\/2024\/05\/PDS-60B2030-White-Food-beeswax.pdf\">PDS 60B2030 White Food beeswax<\/a><a href=\"http:\/\/voksgrossisten.com\/wp-content\/uploads\/2024\/05\/PDS-60B2030-White-Food-beeswax.pdf\" class=\"wp-block-file__button wp-element-button\" download aria-describedby=\"wp-block-file--media-4483989d-32e0-44ce-8823-9873dd80cea4\">Download<\/a><\/div><div class=\"wp-block-file alignwide\"><a id=\"wp-block-file--media-0bc67693-330e-4431-b132-e843afb9a57d\" href=\"http:\/\/voksgrossisten.com\/wp-content\/uploads\/2024\/06\/PDS-50A2020-COSMOS-Organic-beeswax-pellets-1.pdf\">PDS 50A2020 COSMOS Organic Yellow Beeswax<\/a><a href=\"http:\/\/voksgrossisten.com\/wp-content\/uploads\/2024\/06\/PDS-50A2020-COSMOS-Organic-beeswax-pellets-1.pdf\" class=\"wp-block-file__button wp-element-button\" download aria-describedby=\"wp-block-file--media-0bc67693-330e-4431-b132-e843afb9a57d\">Download<\/a><\/div>","protected":false},"excerpt":{"rendered":"<p>Datasheets Explore our portfolio and find the respective datasheets with product information regarding properties, certifications and useability. If you want further information or cannot find something, please feel free to contact us!<\/p>","protected":false},"author":1,"featured_media":0,"parent":0,"menu_order":0,"comment_status":"closed","ping_status":"closed","template":"","meta":{"_themeisle_gutenberg_block_has_review":false,"_ti_tpc_template_sync":false,"_ti_tpc_template_id":"","footnotes":""},"class_list":["post-621","page","type-page","status-publish","hentry"],"_links":{"self":[{"href":"https:\/\/voksgrossisten.com\/no\/wp-json\/wp\/v2\/pages\/621","targetHints":{"allow":["GET"]}}],"collection":[{"href":"https:\/\/voksgrossisten.com\/no\/wp-json\/wp\/v2\/pages"}],"about":[{"href":"https:\/\/voksgrossisten.com\/no\/wp-json\/wp\/v2\/types\/page"}],"author":[{"embeddable":true,"href":"https:\/\/voksgrossisten.com\/no\/wp-json\/wp\/v2\/users\/1"}],"replies":[{"embeddable":true,"href":"https:\/\/voksgrossisten.com\/no\/wp-json\/wp\/v2\/comments?post=621"}],"version-history":[{"count":7,"href":"https:\/\/voksgrossisten.com\/no\/wp-json\/wp\/v2\/pages\/621\/revisions"}],"predecessor-version":[{"id":954,"href":"https:\/\/voksgrossisten.com\/no\/wp-json\/wp\/v2\/pages\/621\/revisions\/954"}],"wp:attachment":[{"href":"https:\/\/voksgrossisten.com\/no\/wp-json\/wp\/v2\/media?parent=621"}],"curies":[{"name":"wp","href":"https:\/\/api.w.org\/{rel}","templated":true}]}}