{"id":71,"date":"2023-11-16T14:20:42","date_gmt":"2023-11-16T14:20:42","guid":{"rendered":"http:\/\/voksgrossisten.com\/?page_id=71"},"modified":"2024-01-12T09:35:13","modified_gmt":"2024-01-12T09:35:13","slug":"background","status":"publish","type":"page","link":"https:\/\/voksgrossisten.com\/no\/background\/","title":{"rendered":"Background"},"content":{"rendered":"<h3 class=\"wp-block-heading alignwide\">En skandinavisk bir\u00f8kthistorie...<\/h3><div id=\"wp-block-themeisle-blocks-slider-92416561\" class=\"wp-block-themeisle-blocks-slider alignwide glide\" data-per-view=\"1\" data-gap=\"0\" data-peek=\"0\" data-autoplay=\"true\" data-height=\"300px\" data-hide-arrows=\"false\"><div class=\"glide__track\" data-glide-el=\"track\"><div class=\"glide__slides\"><div class=\"wp-block-themeisle-blocks-slider-item-wrapper glide__slide\" tabindex=\"0\"><figure><img decoding=\"async\" class=\"wp-block-themeisle-blocks-slider-item\" src=\"http:\/\/voksgrossisten.com\/wp-content\/uploads\/2023\/12\/SwientyBygning.png\" alt=\"\" title=\"\" data-id=\"353\"\/><\/figure><\/div><div class=\"wp-block-themeisle-blocks-slider-item-wrapper glide__slide\" tabindex=\"0\"><figure><img decoding=\"async\" class=\"wp-block-themeisle-blocks-slider-item\" src=\"http:\/\/voksgrossisten.com\/wp-content\/uploads\/2023\/12\/biting_topbanner.jpg\" alt=\"\" title=\"\" data-id=\"346\"\/><\/figure><\/div><div class=\"wp-block-themeisle-blocks-slider-item-wrapper glide__slide\" tabindex=\"0\"><figure><img decoding=\"async\" class=\"wp-block-themeisle-blocks-slider-item\" src=\"http:\/\/voksgrossisten.com\/wp-content\/uploads\/2023\/12\/Honningforarbejdning_topbanner.jpg\" alt=\"\" title=\"\" data-id=\"347\"\/><\/figure><\/div><div class=\"wp-block-themeisle-blocks-slider-item-wrapper glide__slide\" tabindex=\"0\"><figure><img decoding=\"async\" class=\"wp-block-themeisle-blocks-slider-item\" src=\"http:\/\/voksgrossisten.com\/wp-content\/uploads\/2023\/12\/Honninghost-topbanner.jpg\" alt=\"\" title=\"\" data-id=\"348\"\/><\/figure><\/div><div class=\"wp-block-themeisle-blocks-slider-item-wrapper glide__slide\" tabindex=\"0\"><figure><img decoding=\"async\" class=\"wp-block-themeisle-blocks-slider-item\" src=\"http:\/\/voksgrossisten.com\/wp-content\/uploads\/2023\/12\/slider-image-2.jpg\" alt=\"\" title=\"\" data-id=\"349\"\/><\/figure><\/div><div class=\"wp-block-themeisle-blocks-slider-item-wrapper glide__slide\" tabindex=\"0\"><figure><img decoding=\"async\" class=\"wp-block-themeisle-blocks-slider-item\" src=\"http:\/\/voksgrossisten.com\/wp-content\/uploads\/2023\/12\/slider-image-3.jpg\" alt=\"\" title=\"\" data-id=\"350\"\/><\/figure><\/div><div class=\"wp-block-themeisle-blocks-slider-item-wrapper glide__slide\" tabindex=\"0\"><figure><img decoding=\"async\" class=\"wp-block-themeisle-blocks-slider-item\" src=\"http:\/\/voksgrossisten.com\/wp-content\/uploads\/2023\/12\/slider-image-4.jpg\" alt=\"\" title=\"\" data-id=\"351\"\/><\/figure><\/div><div class=\"wp-block-themeisle-blocks-slider-item-wrapper glide__slide\" tabindex=\"0\"><figure><img decoding=\"async\" class=\"wp-block-themeisle-blocks-slider-item\" src=\"http:\/\/voksgrossisten.com\/wp-content\/uploads\/2023\/12\/slider-image-5.jpg\" alt=\"\" title=\"\" data-id=\"352\"\/><\/figure><\/div><\/div><div class=\"glide__bullets\" data-glide-el=\"controls[nav]\"><button class=\"glide__bullet\" data-glide-dir=\"=0\"><\/button><button class=\"glide__bullet\" data-glide-dir=\"=1\"><\/button><button class=\"glide__bullet\" data-glide-dir=\"=2\"><\/button><button class=\"glide__bullet\" data-glide-dir=\"=3\"><\/button><button class=\"glide__bullet\" data-glide-dir=\"=4\"><\/button><button class=\"glide__bullet\" data-glide-dir=\"=5\"><\/button><button class=\"glide__bullet\" data-glide-dir=\"=6\"><\/button><button class=\"glide__bullet\" data-glide-dir=\"=7\"><\/button><\/div><\/div><\/div><div class=\"wp-block-columns alignwide is-layout-flex wp-container-core-columns-is-layout-28f84493 wp-block-columns-is-layout-flex\"><div class=\"wp-block-column is-layout-flow wp-block-column-is-layout-flow\" style=\"flex-basis:100%\"><p>Ryggraden i Voksgrossisten er nettverket, erfaringen og kompetansen til Swienty A\/S og Swienty Commodities ApS, to internasjonalt kjente akt\u00f8rer i bir\u00f8kterbransjen som har levert premiumprodukter til bir\u00f8ktere og relaterte virksomheter i flere ti\u00e5r. Swienty A\/S, grunnlagt i 1981 som en liten hobbybedrift av ingeni\u00f8ren Bernhard Swienty, har siden utviklet seg til \u00e5 levere sm\u00e5 og store fyllelinjer og maskiner over hele verden. <\/p><\/div><\/div><div class=\"wp-block-columns alignfull is-layout-flex wp-container-core-columns-is-layout-28f84493 wp-block-columns-is-layout-flex\"><div class=\"wp-block-column is-layout-flow wp-block-column-is-layout-flow\"><p class=\"has-text-align-center has-ti-bg-color has-ti-bg-inv-background-color has-text-color has-background has-link-color has-medium-font-size wp-elements-6c1af3488ebd55354347242e72adf2aa\" style=\"padding-top:var(--wp--preset--spacing--30);padding-bottom:var(--wp--preset--spacing--30)\">Swienty A\/S ble grunnlagt i 1981 i Danmark<\/p><\/div><\/div><div class=\"wp-block-media-text alignwide is-stacked-on-mobile\" style=\"grid-template-columns:19% auto\"><figure class=\"wp-block-media-text__media\"><img loading=\"lazy\" decoding=\"async\" width=\"600\" height=\"600\" src=\"http:\/\/voksgrossisten.com\/wp-content\/uploads\/2023\/11\/DAM1000-nobg.png\" alt=\"\" class=\"wp-image-178 size-full\" srcset=\"https:\/\/voksgrossisten.com\/wp-content\/uploads\/2023\/11\/DAM1000-nobg.png 600w, https:\/\/voksgrossisten.com\/wp-content\/uploads\/2023\/11\/DAM1000-nobg-300x300.png 300w, https:\/\/voksgrossisten.com\/wp-content\/uploads\/2023\/11\/DAM1000-nobg-150x150.png 150w\" sizes=\"auto, (max-width: 600px) 100vw, 600px\" \/><\/figure><div class=\"wp-block-media-text__content\"><p>Med fokus p\u00e5 varme- og fyllingsteknologi produserer og utvikler Swienty i S\u00f8nderborg, en dynamisk by n\u00e6r den dansk-tyske grensen. Selskapets suksess er basert p\u00e5 n\u00f8kkelelementene som definerer Swienty-produkter: Innovasjon, kvalitet, allsidighet og nytte.<\/p><\/div><\/div><div class=\"wp-block-media-text alignwide has-media-on-the-right is-stacked-on-mobile\" style=\"grid-template-columns:auto 22%\"><div class=\"wp-block-media-text__content\"><p class=\"has-text-align-left\">Som fast utstiller av handels- og bir\u00f8kterutstillinger har Swienty bl.a. vunnet flere gullmedaljer p\u00e5 Apimondia og er kjent i bir\u00f8ktsektoren i dag, ikke bare for kvaliteten og lang levetid p\u00e5 produktene, men ogs\u00e5 for den profesjonelle servicen som gj\u00f8r det mulig for kunder over hele verden \u00e5 planlegge og holde produksjonen i gang.<\/p><\/div><figure class=\"wp-block-media-text__media\"><img loading=\"lazy\" decoding=\"async\" width=\"600\" height=\"600\" src=\"http:\/\/voksgrossisten.com\/wp-content\/uploads\/2023\/11\/ImageHandler-nobg.png\" alt=\"\" class=\"wp-image-180 size-full\" srcset=\"https:\/\/voksgrossisten.com\/wp-content\/uploads\/2023\/11\/ImageHandler-nobg.png 600w, https:\/\/voksgrossisten.com\/wp-content\/uploads\/2023\/11\/ImageHandler-nobg-300x300.png 300w, https:\/\/voksgrossisten.com\/wp-content\/uploads\/2023\/11\/ImageHandler-nobg-150x150.png 150w\" sizes=\"auto, (max-width: 600px) 100vw, 600px\" \/><\/figure><\/div><div class=\"wp-block-columns alignfull is-layout-flex wp-container-core-columns-is-layout-28f84493 wp-block-columns-is-layout-flex\"><div class=\"wp-block-column is-layout-flow wp-block-column-is-layout-flow\" style=\"flex-basis:100%\"><p class=\"has-text-align-center has-ti-bg-color has-ti-bg-inv-background-color has-text-color has-background has-link-color has-medium-font-size wp-elements-9b9db0215e57c18a057274ac992dbe1e\" style=\"padding-top:var(--wp--preset--spacing--30);padding-bottom:var(--wp--preset--spacing--30)\">Swienty Commodities ApS ble etablert i 2013 for \u00e5 stabilisere det danske honningmarkedet<\/p><\/div><\/div><div class=\"wp-block-media-text alignwide is-stacked-on-mobile\" style=\"grid-template-columns:43% auto\"><figure class=\"wp-block-media-text__media\"><img loading=\"lazy\" decoding=\"async\" width=\"676\" height=\"441\" src=\"https:\/\/b2beeswax.com\/wp-content\/uploads\/2024\/01\/DRUMS-CUT-2.png\" alt=\"\" class=\"wp-image-437 size-full\" srcset=\"https:\/\/voksgrossisten.com\/wp-content\/uploads\/2024\/01\/DRUMS-CUT-2.png 676w, https:\/\/voksgrossisten.com\/wp-content\/uploads\/2024\/01\/DRUMS-CUT-2-300x196.png 300w\" sizes=\"auto, (max-width: 676px) 100vw, 676px\" \/><\/figure><div class=\"wp-block-media-text__content\"><p>Swienty Commodities ApS ble grunnlagt i 2013 som et datterselskap av Swienty A\/S med det form\u00e5l \u00e5 eksportere dansk honning for \u00e5 stabilisere honningprisene i Danmark. Basert p\u00e5 dette m\u00e5let utvidet omfanget seg raskt til andre bir\u00f8kterrelaterte produkter, og i dag tilbyr Swienty Commodities ikke bare dansk honning, men ogs\u00e5 poly- og monofloral honning i bulk fra hele Europa. I l\u00f8pet av \u00e5rene ble bivoks av h\u00f8y kvalitet i \u00f8kende grad en lidenskap og flyttet selskapets fokus i en ny retning. <\/p><\/div><\/div><div class=\"wp-block-media-text alignwide has-media-on-the-right is-stacked-on-mobile\" style=\"grid-template-columns:auto 25%\"><div class=\"wp-block-media-text__content\"><p>Det omfattende nettverket av bir\u00f8ktere, distribut\u00f8rer og prosjektpartnere gjorde det mulig for Swienty Commodities \u00e5 hente virkelig plantevernmiddelfri og organisk bivoks i sv\u00e6rt avsidesliggende og beskyttede omr\u00e5der, en knapp og sv\u00e6rt ettertraktet ressurs i en verden som i \u00f8kende grad er avhengig av insektmidler, soppdrepende midler og ugressmidler for \u00e5 produsere mat . Takket v\u00e6re deres unike forsyningskjede kunne Swienty raskt etablere seg som en stor import\u00f8r og leverand\u00f8r av h\u00f8ykvalitets bivoks i bulk p\u00e5 og til det europeiske markedet og fungerer i dag som r\u00e5vareleverand\u00f8ren til Voksgrossisten som tilbyr bearbeidet bivoks til ulike bransjer og bruksomr\u00e5der.  <\/p><\/div><figure class=\"wp-block-media-text__media\"><img loading=\"lazy\" decoding=\"async\" width=\"300\" height=\"453\" src=\"https:\/\/b2beeswax.com\/wp-content\/uploads\/2024\/01\/bienenwachs-cut-copy.jpg\" alt=\"\" class=\"wp-image-471 size-full\" srcset=\"https:\/\/voksgrossisten.com\/wp-content\/uploads\/2024\/01\/bienenwachs-cut-copy.jpg 300w, https:\/\/voksgrossisten.com\/wp-content\/uploads\/2024\/01\/bienenwachs-cut-copy-199x300.jpg 199w\" sizes=\"auto, (max-width: 300px) 100vw, 300px\" \/><\/figure><\/div>","protected":false},"excerpt":{"rendered":"<p>A scandinavian beekeeping story&#8230; The backbone of Voksgrossisten is the network, experience and expertise of Swienty A\/S and Swienty Commodities ApS, two internationally well-known actors in the beekeeping industry that have supplied premium products to beekeepers and related businesses for decades. Swienty A\/S, founded in 1981 as a small hobby business by the engineer Bernhard [&hellip;]<\/p>","protected":false},"author":1,"featured_media":0,"parent":0,"menu_order":0,"comment_status":"closed","ping_status":"closed","template":"","meta":{"_themeisle_gutenberg_block_has_review":false,"_ti_tpc_template_sync":false,"_ti_tpc_template_id":"","footnotes":""},"class_list":["post-71","page","type-page","status-publish","hentry"],"_links":{"self":[{"href":"https:\/\/voksgrossisten.com\/no\/wp-json\/wp\/v2\/pages\/71","targetHints":{"allow":["GET"]}}],"collection":[{"href":"https:\/\/voksgrossisten.com\/no\/wp-json\/wp\/v2\/pages"}],"about":[{"href":"https:\/\/voksgrossisten.com\/no\/wp-json\/wp\/v2\/types\/page"}],"author":[{"embeddable":true,"href":"https:\/\/voksgrossisten.com\/no\/wp-json\/wp\/v2\/users\/1"}],"replies":[{"embeddable":true,"href":"https:\/\/voksgrossisten.com\/no\/wp-json\/wp\/v2\/comments?post=71"}],"version-history":[{"count":41,"href":"https:\/\/voksgrossisten.com\/no\/wp-json\/wp\/v2\/pages\/71\/revisions"}],"predecessor-version":[{"id":475,"href":"https:\/\/voksgrossisten.com\/no\/wp-json\/wp\/v2\/pages\/71\/revisions\/475"}],"wp:attachment":[{"href":"https:\/\/voksgrossisten.com\/no\/wp-json\/wp\/v2\/media?parent=71"}],"curies":[{"name":"wp","href":"https:\/\/api.w.org\/{rel}","templated":true}]}}