{"id":73,"date":"2023-11-16T14:21:07","date_gmt":"2023-11-16T14:21:07","guid":{"rendered":"http:\/\/voksgrossisten.com\/?page_id=73"},"modified":"2024-11-20T09:52:34","modified_gmt":"2024-11-20T09:52:34","slug":"cosmetics","status":"publish","type":"page","link":"https:\/\/voksgrossisten.com\/no\/cosmetics\/","title":{"rendered":"Kosmetikk"},"content":{"rendered":"<h3 class=\"wp-block-heading\">Bivoks i kosmetikk<\/h3><figure class=\"wp-block-image size-full has-custom-border\"><img loading=\"lazy\" decoding=\"async\" width=\"862\" height=\"340\" src=\"https:\/\/b2beeswax.com\/wp-content\/uploads\/2024\/01\/lip-balm-cut-1-1.png\" alt=\"\" class=\"wp-image-490\" style=\"border-radius:6px\" srcset=\"https:\/\/voksgrossisten.com\/wp-content\/uploads\/2024\/01\/lip-balm-cut-1-1.png 862w, https:\/\/voksgrossisten.com\/wp-content\/uploads\/2024\/01\/lip-balm-cut-1-1-300x118.png 300w, https:\/\/voksgrossisten.com\/wp-content\/uploads\/2024\/01\/lip-balm-cut-1-1-768x303.png 768w\" sizes=\"auto, (max-width: 862px) 100vw, 862px\" \/><\/figure><p>Bivoks er en allsidig og verdifull ingrediens i kosmetikk, som bidrar til utformingen av ulike hudpleie- og skj\u00f8nnhetsprodukter. Noen vanlige bruksomr\u00e5der for bivoks i kosmetikk inkluderer:<\/p><ul class=\"wp-block-list\"><li><strong>Fuktighetskremer og lotioner<\/strong><br>Bivoks har mykgj\u00f8rende egenskaper som bidrar til \u00e5 l\u00e5se inne fuktighet, noe som gj\u00f8r den til en n\u00f8kkelingrediens i kremer og lotioner. Den skaper en beskyttende barriere p\u00e5 huden, forhindrer dehydrering og fremmer jevnere, mykere hud.<\/li>\n\n<li><strong>Leppepomade og leppestifter<\/strong><br>Bivoks er en popul\u00e6r komponent i leppepomade og leppestifter p\u00e5 grunn av dens evne til \u00e5 gi en jevn, fuktighetsgivende tekstur. Den hjelper til med \u00e5 holde p\u00e5 fuktigheten p\u00e5 leppene og gir en naturlig glans.<\/li>\n\n<li><strong>Kroppsbalsamer og salver<\/strong><br>Bivoks brukes ofte til \u00e5 lage kroppsbalsamer og salver for m\u00e5lrettet hudpleie, for eksempel lindrende t\u00f8rre flekker eller gi lindring til grove albuer og h\u00e6ler.<\/li>\n\n<li><strong>H\u00e5ndkremer og negleb\u00e5ndsprodukter<\/strong><br>Dens fuktighetsgivende og beskyttende egenskaper gj\u00f8r bivoks gunstig i h\u00e5ndkremer og negleb\u00e5ndsprodukter. Det bidrar til \u00e5 myke opp huden og gi n\u00e6ring til negleb\u00e5ndene, og fremmer sunnere hender.<\/li>\n\n<li><strong>Ansiktsrens og sminkefjernere<\/strong><br>Bivoks kan finnes i visse ansiktsrens og sminkefjernere. Dens naturlige emulgerende egenskaper hjelper til med \u00e5 fjerne sminke og urenheter samtidig som den etterlater huden smidig.<\/li>\n\n<li><strong>Mascaraer og \u00f8yenbrynsprodukter<\/strong><br>Bivoks brukes i mascara-formuleringer for \u00e5 gi tykkelse og struktur til produktet. Det bidrar ogs\u00e5 til levetiden til \u00f8yenbrynsprodukter, og bidrar til \u00e5 sette og definere brynene.<\/li>\n\n<li><strong>Solkrem og solkrem<\/strong><br>Bivoks er inkludert i noen solkremformuleringer p\u00e5 grunn av dens vannavst\u00f8tende egenskaper. Det bidrar til \u00e5 skape et beskyttende lag p\u00e5 huden, og \u00f8ker effektiviteten til solkremen.<\/li>\n\n<li><strong>Naturlige parfymer og dufter:<\/strong> <br>Bivoks fungerer som en base for naturlige parfymer og solide dufter. Den hjelper til med \u00e5 beholde og frigj\u00f8re duften gradvis, og gir en langvarig duft.<\/li>\n\n<li><strong>H\u00e5rpleieprodukter:<\/strong><br>I h\u00e5rpleie brukes bivoks i stylingprodukter som h\u00e5rpomade og voks. Den gir struktur og hold til frisyrer samtidig som den gir en naturlig glans.<\/li>\n\n<li><strong>Massasje barer<\/strong><br>Bivoks er integrert i massasjestenger for dens evne til \u00e5 gi et jevnt gli under massasje. Det bidrar til den solide teksturen til barene, som smelter ved kontakt med huden.<\/li><\/ul><p>Bruken av bivoks i kosmetikk strekker seg utover dens funksjonelle egenskaper \u2013 den bringer ogs\u00e5 en herlig honningduft og et snev av luksus til skj\u00f8nnhetsprodukter. Dens naturlige opprinnelse gj\u00f8r det til et attraktivt valg for de som s\u00f8ker rene og milj\u00f8vennlige skj\u00f8nnhetsalternativer.<\/p><p>Vi kan tilby b\u00e5de konvensjonelle og (COSMOS) \u00f8kologiske bivokspastiller for kosmetikk i gul og hvit farge med all relevant analyse og dokumentasjon. Ta gjerne kontakt med oss \u200b\u200bfor \u00e5 diskutere dine krav og\/eller f\u00f8lge dette <a href=\"https:\/\/voksgrossisten.com\/da\/produkt-kategorie\/cosmetic-grade\/\" data-type=\"link\" data-id=\"https:\/\/www.swienty.com\/pl\/New-Products_437014.aspx\">link<\/a> til v\u00e5r online butikk for \u00e5 se v\u00e5re tilbud.<\/p>","protected":false},"excerpt":{"rendered":"<p>Beeswax in cosmetics Beeswax is a versatile and valuable ingredient in cosmetics, contributing to the formulation of various skincare and beauty products. Some common uses of beeswax in cosmetics include: The use of beeswax in cosmetics extends beyond its functional properties \u2013 it also brings a delightful honey scent and a touch of luxury to [&hellip;]<\/p>","protected":false},"author":1,"featured_media":0,"parent":0,"menu_order":0,"comment_status":"closed","ping_status":"closed","template":"","meta":{"_themeisle_gutenberg_block_has_review":false,"_ti_tpc_template_sync":false,"_ti_tpc_template_id":"","footnotes":""},"class_list":["post-73","page","type-page","status-publish","hentry"],"_links":{"self":[{"href":"https:\/\/voksgrossisten.com\/no\/wp-json\/wp\/v2\/pages\/73","targetHints":{"allow":["GET"]}}],"collection":[{"href":"https:\/\/voksgrossisten.com\/no\/wp-json\/wp\/v2\/pages"}],"about":[{"href":"https:\/\/voksgrossisten.com\/no\/wp-json\/wp\/v2\/types\/page"}],"author":[{"embeddable":true,"href":"https:\/\/voksgrossisten.com\/no\/wp-json\/wp\/v2\/users\/1"}],"replies":[{"embeddable":true,"href":"https:\/\/voksgrossisten.com\/no\/wp-json\/wp\/v2\/comments?post=73"}],"version-history":[{"count":9,"href":"https:\/\/voksgrossisten.com\/no\/wp-json\/wp\/v2\/pages\/73\/revisions"}],"predecessor-version":[{"id":1050,"href":"https:\/\/voksgrossisten.com\/no\/wp-json\/wp\/v2\/pages\/73\/revisions\/1050"}],"wp:attachment":[{"href":"https:\/\/voksgrossisten.com\/no\/wp-json\/wp\/v2\/media?parent=73"}],"curies":[{"name":"wp","href":"https:\/\/api.w.org\/{rel}","templated":true}]}}