{"id":75,"date":"2023-11-16T14:21:26","date_gmt":"2023-11-16T14:21:26","guid":{"rendered":"http:\/\/voksgrossisten.com\/?page_id=75"},"modified":"2024-02-20T12:22:09","modified_gmt":"2024-02-20T12:22:09","slug":"pharma","status":"publish","type":"page","link":"https:\/\/voksgrossisten.com\/no\/pharma\/","title":{"rendered":"Pharma"},"content":{"rendered":"<h3 class=\"wp-block-heading\">Ph. Eur. Pharma Bivoks<\/h3><figure class=\"wp-block-image size-full has-custom-border\"><img loading=\"lazy\" decoding=\"async\" width=\"862\" height=\"340\" src=\"https:\/\/b2beeswax.com\/wp-content\/uploads\/2024\/01\/pharma-cut-1-1.jpg\" alt=\"\" class=\"has-border-color wp-image-498\" style=\"border-color:#FFFFFF;border-radius:6px\" srcset=\"https:\/\/voksgrossisten.com\/wp-content\/uploads\/2024\/01\/pharma-cut-1-1.jpg 862w, https:\/\/voksgrossisten.com\/wp-content\/uploads\/2024\/01\/pharma-cut-1-1-300x118.jpg 300w, https:\/\/voksgrossisten.com\/wp-content\/uploads\/2024\/01\/pharma-cut-1-1-768x303.jpg 768w\" sizes=\"auto, (max-width: 862px) 100vw, 862px\" \/><\/figure><p>V\u00e5r Ph. Eur-bivoks er en kompleks blanding av ca. 70% ikke-glyseridestere (C38-&gt;C62), ca. C21-C35). Den kan brukes i farmas\u00f8ytiske applikasjoner s\u00e5 vel som i hele spekteret av kosmetiske produkter, for eksempel i W\/O og O\/W formuleringer, pinner, salver, sminke, h\u00e5rpleieprodukter, etc. <br>Fordeler med \u00e5 bruke bivoks er en utmerket emulgerbarhet, h\u00f8y bindingsstyrke, uttalt plastisitet, et relativt lavt smeltepunkt og dets sv\u00e6rt okklusive karakter. I pinner forbedrer bivoks struktur, fasthet, vedheft, oljeretensjon og muggslipp. I emulsjoner fungerer bivoks som en konsistensregulator og som en (co-)emulgator og bidrar til hudf\u00f8lelse, mykgj\u00f8ring, barrierefunksjon og utseende. Kompatibiliteten til denne bivoksen med andre voksarter er utmerket. <\/p><h4 class=\"wp-block-heading\">Brukstyper<\/h4><p>Kosmetikk: Kremer, lotioner, solpleie, sminke, h\u00e5rpleie, pinner<\/p><p>Pharma : Tabletter (legemidler), kremer, salver, stikkpiller med kontrollert frigivelse<\/p><div id=\"wp-block-themeisle-blocks-advanced-columns-312c5eb6\" class=\"wp-block-themeisle-blocks-advanced-columns has-1-columns has-desktop-equal-layout has-tablet-equal-layout has-mobile-equal-layout has-vertical-unset\"><div class=\"wp-block-themeisle-blocks-advanced-columns-overlay\"><\/div><div class=\"innerblocks-wrap\"><div id=\"wp-block-themeisle-blocks-advanced-column-f0ead85d\" class=\"wp-block-themeisle-blocks-advanced-column\"><figure class=\"wp-block-table is-style-regular\"><table><tbody><tr bgcolor=\"#232D49\"; style=\"color:#FFFFFF\"><td>Specifications<\/td><td><\/td><td>Method<\/td><\/tr><tr><td>Drop melting point (\u00b0C)<\/td><td>61 &#8211; 66<\/td><td>Ph. Eur. Beeswax<\/td><\/tr><tr><td>Acid value (mg KOH\/g)<\/td><td>17,0 &#8211; 22,0<\/td><td>Ph. Eur. Beeswax<\/td><\/tr><tr><td>Ester value (mg KOH\/g)<\/td><td>72 &#8211; 80<\/td><td>Ph. Eur. Beeswax<\/td><\/tr><tr><td>Saponification value (mg KOH\/g)<\/td><td>89 &#8211; 98<\/td><td>Ph. Eur. Beeswax<\/td><\/tr><tr><td>Ceresin, Paraffins and certain other waxes<\/td><td>Conforms<\/td><td>Ph. Eur. Beeswax<\/td><\/tr><tr><td>Glycerol and other polyols<\/td><td>&lt; 0,5% m\/m, calculated as glycerol or conforms<\/td><td>Ph. Eur. Beeswax<\/td><\/tr><tr><td>Ph. Eur. 10th edition<\/td><td>Conforms<\/td><td><\/td><\/tr><\/tbody><\/table><\/figure><\/div><\/div><\/div><p>Vennligst f\u00f8lg denne <a href=\"https:\/\/www.swienty.com\/pl\/New-Products_437014.aspx\" data-type=\"link\" data-id=\"https:\/\/www.swienty.com\/pl\/New-Products_437014.aspx\">link<\/a> til butikken v\u00e5r for \u00e5 finne v\u00e5re n\u00e5v\u00e6rende tilbud for bivoks av pharma-kvalitet.<\/p>","protected":false},"excerpt":{"rendered":"<p>Ph. Eur grade beeswax Our Ph. Eur. grade beeswax is a complex mixture of ca. 70 % non-glyceride esters (C38-&gt;C62), ca. 12-15 % fatty acids (C16-C36) and ca. 12-16 % paraffinic hydrocarbons (C21-C35). It can be used in pharmaceutical applications as well as in the entire range of cosmetic products, for example in W\/O and [&hellip;]<\/p>","protected":false},"author":1,"featured_media":0,"parent":0,"menu_order":0,"comment_status":"closed","ping_status":"closed","template":"","meta":{"_themeisle_gutenberg_block_has_review":false,"_ti_tpc_template_sync":false,"_ti_tpc_template_id":"","footnotes":""},"class_list":["post-75","page","type-page","status-publish","hentry"],"_links":{"self":[{"href":"https:\/\/voksgrossisten.com\/no\/wp-json\/wp\/v2\/pages\/75","targetHints":{"allow":["GET"]}}],"collection":[{"href":"https:\/\/voksgrossisten.com\/no\/wp-json\/wp\/v2\/pages"}],"about":[{"href":"https:\/\/voksgrossisten.com\/no\/wp-json\/wp\/v2\/types\/page"}],"author":[{"embeddable":true,"href":"https:\/\/voksgrossisten.com\/no\/wp-json\/wp\/v2\/users\/1"}],"replies":[{"embeddable":true,"href":"https:\/\/voksgrossisten.com\/no\/wp-json\/wp\/v2\/comments?post=75"}],"version-history":[{"count":13,"href":"https:\/\/voksgrossisten.com\/no\/wp-json\/wp\/v2\/pages\/75\/revisions"}],"predecessor-version":[{"id":578,"href":"https:\/\/voksgrossisten.com\/no\/wp-json\/wp\/v2\/pages\/75\/revisions\/578"}],"wp:attachment":[{"href":"https:\/\/voksgrossisten.com\/no\/wp-json\/wp\/v2\/media?parent=75"}],"curies":[{"name":"wp","href":"https:\/\/api.w.org\/{rel}","templated":true}]}}