{"id":653,"date":"2024-05-08T09:22:00","date_gmt":"2024-05-08T09:22:00","guid":{"rendered":"https:\/\/b2beeswax.com\/?post_type=product&#038;p=653"},"modified":"2025-12-01T10:19:10","modified_gmt":"2025-12-01T10:19:10","slug":"white-beeswax-pellets","status":"publish","type":"product","link":"https:\/\/voksgrossisten.com\/no\/produkt\/white-beeswax-pellets\/","title":{"rendered":"Hvite bivokspastiller, 20kg"},"content":{"rendered":"<p><span class=\"fontstyle0\">Our white beeswax 10B2030 is a pure product which is obtained from honey combs of Apis Mellifera. It is carefully refined, bleached and without additives. The compatibility with other waxes is excellent and it can be used in cosmetic products or industrial applications. It is specifically well-suitable for candle making and complies fully with norm RAL-GZ 041. It is free of suspended matters and burns as a candle by a warm and pleasant flame.<\/span><\/p>\n<p><b>Brukstyper<\/b><\/p>\n<p><span class=\"fontstyle1\">\u2022 konsistenskontroll og grunnleggende komponent i industrielle formuleringer<br \/>\n\u2022 produksjon av kirkelys og forbrukerlys<br \/>\n\u2022 komponent i husholdningspleieprodukter (m\u00f8belpleie, skokrem, trevoks, l\u00e6rpleie osv.)<\/span><\/p>\n<p>&nbsp;<\/p>\n<p><strong>Form og emballasje<\/strong><\/p>\n<p>En del av 10B2030 refererer til 20kg bivokspastiller pakket i en pappeske med dimensjonene 50cm x 35cm x 25cm. Inne i boksen er det en inliner-pose laget av matgodkjent plast for \u00e5 unng\u00e5 s\u00f8l av pellets.<\/p>\n<p>Det er 24 pappesker med bivokspellets p\u00e5 en pall med dimensjonene 110cm x 110cm og en egenvekt p\u00e5 480kg.<\/p>\n<p><span class=\"fontstyle0\"><strong>Dokumentasjon<\/strong><\/span><\/p>\n<ul>\n<li><a href=\"http:\/\/voksgrossisten.com\/wp-content\/uploads\/2024\/05\/PDS-10B2030-White-beeswax.pdf\">PDS 10B2030 White beeswax<\/a><\/li>\n<li><a href=\"http:\/\/voksgrossisten.com\/wp-content\/uploads\/2024\/03\/3692-01-Swienty.pdf\" target=\"new\" rel=\"noopener\">3692-01-Swienty<\/a><\/li>\n<li><a href=\"http:\/\/voksgrossisten.com\/wp-content\/uploads\/2024\/03\/3692-02-Swienty.pdf\" target=\"new\" rel=\"noopener\">3692-02-Swienty<\/a><\/li>\n<li><a href=\"http:\/\/voksgrossisten.com\/wp-content\/uploads\/2024\/03\/P-3692-01-Swienty-Heavy-Metals.pdf\" target=\"new\" rel=\"noopener\">P-3692-01-Swienty-Heavy-Metals<\/a><\/li>\n<\/ul>","protected":false},"excerpt":{"rendered":"<p>20kg pappeske med hvite bivokspellets i henhold til norm RAL-GZ 041. Anbefales for kosmetikk, industrielle applikasjoner og vokslys<\/p>","protected":false},"featured_media":856,"template":"","meta":{"_themeisle_gutenberg_block_has_review":false,"_ti_tpc_template_sync":false,"_ti_tpc_template_id":""},"product_cat":[55,51],"product_tag":[],"class_list":{"0":"post-653","1":"product","2":"type-product","3":"status-publish","4":"has-post-thumbnail","6":"product_cat-cosmetic-grade","7":"product_cat-ral-grade","8":"product_shipping_class-pellet-kartons","10":"first","11":"instock","12":"taxable","13":"shipping-taxable","14":"purchasable","15":"product-type-simple"},"_links":{"self":[{"href":"https:\/\/voksgrossisten.com\/no\/wp-json\/wp\/v2\/product\/653","targetHints":{"allow":["GET"]}}],"collection":[{"href":"https:\/\/voksgrossisten.com\/no\/wp-json\/wp\/v2\/product"}],"about":[{"href":"https:\/\/voksgrossisten.com\/no\/wp-json\/wp\/v2\/types\/product"}],"wp:featuredmedia":[{"embeddable":true,"href":"https:\/\/voksgrossisten.com\/no\/wp-json\/wp\/v2\/media\/856"}],"wp:attachment":[{"href":"https:\/\/voksgrossisten.com\/no\/wp-json\/wp\/v2\/media?parent=653"}],"wp:term":[{"taxonomy":"product_cat","embeddable":true,"href":"https:\/\/voksgrossisten.com\/no\/wp-json\/wp\/v2\/product_cat?post=653"},{"taxonomy":"product_tag","embeddable":true,"href":"https:\/\/voksgrossisten.com\/no\/wp-json\/wp\/v2\/product_tag?post=653"}],"curies":[{"name":"wp","href":"https:\/\/api.w.org\/{rel}","templated":true}]}}