{"id":654,"date":"2024-05-08T09:23:31","date_gmt":"2024-05-08T09:23:31","guid":{"rendered":"https:\/\/b2beeswax.com\/?post_type=product&#038;p=654"},"modified":"2025-12-01T10:18:14","modified_gmt":"2025-12-01T10:18:14","slug":"yellow-beeswax-slabs","status":"publish","type":"product","link":"https:\/\/voksgrossisten.com\/no\/produkt\/yellow-beeswax-slabs\/","title":{"rendered":"Gul bivoks i blokker, 20kg"},"content":{"rendered":"<p><span class=\"fontstyle0\">V\u00e5r gule bivoks 10A1030 er et rent produkt som er hentet fra honningkaker av Apis Mellifera. Den er n\u00f8ye raffinert, ubleket og uten tilsetningsstoffer. Kompatibiliteten med annen voks er utmerket, og den kan brukes i kosmetiske produkter eller industrielle applikasjoner. Det er spesielt godt egnet for stearinlys og oppfyller fullt ut norm RAL-GZ 041. Det er fritt for suspenderte stoffer og brenner som et stearinlys av en varm og behagelig flamme.<\/span><\/p>\n<p>&nbsp;<\/p>\n<p><b>Brukstyper<\/b><\/p>\n<p><span class=\"fontstyle1\">\u2022 konsistenskontroll og grunnleggende komponent i industrielle formuleringer<br \/>\n\u2022 produksjon av kirkelys og forbrukerlys<br \/>\n\u2022 komponent i husholdningspleieprodukter (m\u00f8belpleie, skokrem, trevoks, l\u00e6rpleie osv.)<\/span><\/p>\n<p>&nbsp;<\/p>\n<p><strong>Form og emballasje<\/strong><\/p>\n<p>Ett element i 10A1030 refererer til 5 kg blokk\/plate med bivoks med dimensjonene 45 cm x 28 cm x 5 cm.<\/p>\n<p>Det kan v\u00e6re 4 blokker i en pappeske med en nettovekt p\u00e5 20 kg. En pall med dimensjonene 110cm x 110cm holder og en nettovekt p\u00e5 1.000 kg og 200 blokker.<\/p>\n<p><span class=\"fontstyle0\"><strong>Dokumentasjon<\/strong><\/span><\/p>\n<ul>\n<li><a href=\"http:\/\/voksgrossisten.com\/wp-content\/uploads\/2024\/05\/PDS-10A2030-Yellow-beeswax.pdf\">PDS 10A2030 Yellow beeswax<\/a><\/li>\n<li><a href=\"http:\/\/voksgrossisten.com\/wp-content\/uploads\/2024\/03\/3692-01-Swienty.pdf\" target=\"new\" rel=\"noopener\">3692-01-Swienty<\/a><\/li>\n<li><a href=\"http:\/\/voksgrossisten.com\/wp-content\/uploads\/2024\/03\/3692-02-Swienty.pdf\" target=\"new\" rel=\"noopener\">3692-02-Swienty<\/a><\/li>\n<li><a href=\"http:\/\/voksgrossisten.com\/wp-content\/uploads\/2024\/03\/P-3692-01-Swienty-Heavy-Metals.pdf\" target=\"new\" rel=\"noopener\">P-3692-01-Swienty-Heavy-Metals<\/a><\/li>\n<\/ul>","protected":false},"excerpt":{"rendered":"<p>Pappeske med 20 kg (4x5 kg skive) gul bivoks i henhold til norm RAL-GZ 041. Anbefales for kosmetikk, industrielle applikasjoner og vokslys<\/p>","protected":false},"featured_media":809,"template":"","meta":{"_themeisle_gutenberg_block_has_review":false,"_ti_tpc_template_sync":false,"_ti_tpc_template_id":""},"product_cat":[55,51],"product_tag":[],"class_list":{"0":"post-654","1":"product","2":"type-product","3":"status-publish","4":"has-post-thumbnail","6":"product_cat-cosmetic-grade","7":"product_cat-ral-grade","8":"product_shipping_class-pellet-kartons","10":"first","11":"instock","12":"featured","13":"taxable","14":"shipping-taxable","15":"purchasable","16":"product-type-simple"},"_links":{"self":[{"href":"https:\/\/voksgrossisten.com\/no\/wp-json\/wp\/v2\/product\/654","targetHints":{"allow":["GET"]}}],"collection":[{"href":"https:\/\/voksgrossisten.com\/no\/wp-json\/wp\/v2\/product"}],"about":[{"href":"https:\/\/voksgrossisten.com\/no\/wp-json\/wp\/v2\/types\/product"}],"wp:featuredmedia":[{"embeddable":true,"href":"https:\/\/voksgrossisten.com\/no\/wp-json\/wp\/v2\/media\/809"}],"wp:attachment":[{"href":"https:\/\/voksgrossisten.com\/no\/wp-json\/wp\/v2\/media?parent=654"}],"wp:term":[{"taxonomy":"product_cat","embeddable":true,"href":"https:\/\/voksgrossisten.com\/no\/wp-json\/wp\/v2\/product_cat?post=654"},{"taxonomy":"product_tag","embeddable":true,"href":"https:\/\/voksgrossisten.com\/no\/wp-json\/wp\/v2\/product_tag?post=654"}],"curies":[{"name":"wp","href":"https:\/\/api.w.org\/{rel}","templated":true}]}}