{"id":927,"date":"2024-06-06T11:01:27","date_gmt":"2024-06-06T11:01:27","guid":{"rendered":"https:\/\/voksgrossisten.com\/?post_type=product&#038;p=927"},"modified":"2024-11-26T12:33:19","modified_gmt":"2024-11-26T12:33:19","slug":"cosmos-organic-yellow-beeswax-25kg","status":"publish","type":"product","link":"https:\/\/voksgrossisten.com\/no\/produkt\/cosmos-organic-yellow-beeswax-25kg\/","title":{"rendered":"COSMOS \u00d8kologiske gule bivokspellets, 25kg"},"content":{"rendered":"<p>V\u00e5r gule COSMOS organiske bivoks 50A2020 er en ren bivoks av utmerket kvalitet som er hentet fra honningkaker av Apis Mellifera. Den er n\u00f8ye raffinert, ubleket og inneholder ingen form for forfalskning eller unaturlige rester. Den er helt fri for alle plantevernmidler samt varroacider og sertifisert som 100 % \u00f8kologisk av Ecocert Greenlife i henhold til COSMOS-standarden tilgjengelig p\u00e5 http:\/\/COSMOS.ecocert.com.<\/p>\n<p>Den organiske bivoksen som brukes til \u00e5 produsere disse pellets er fra et naturreservat skogomr\u00e5de i S\u00f8r-Afrika og samlet inn fra mer enn 7.000 bir\u00f8ktere som bor i tradisjonelle landsbyer i skogen. V\u00e5r lokale partner er forpliktet til \u00e5 forbedre inntekten til bir\u00f8ktere p\u00e5 en b\u00e6rekraftig m\u00e5te, \u00f8ke livskvaliteten og hjelpe folk med \u00e5 \u00f8ke inntektskildene p\u00e5 landsbygda.<\/p>\n<div id=\"comp-jlwub5jn\" class=\"HcOXKn SxM0TO QxJLC3 comp-jlwub5jn wixui-rich-text\" data-testid=\"richTextElement\">\n<p class=\"font_8 wixui-rich-text__text\"><span class=\"wixui-rich-text__text\">Barkkuber holdes i tr\u00e6r og spres over store avstander s\u00e5 langt som 50 kilometer. Disse bikubene kan vare i opptil 20 \u00e5r og blir ikke \u00f8delagt eller drept under h\u00f8sting, men holdt av bir\u00f8kterne som viktige og verdifulle husdyr. Ingen antibiotika brukes p\u00e5 noe tidspunkt i bir\u00f8kt- og honningh\u00f8stingsprosessen, og fordi biene s\u00f8ker dypt inne i miombo-skogene \u2013 et omr\u00e5de langt unna kommersielt landbruk \u2013 er det resulterende produktet uber\u00f8rt av plantevernmidler.<br \/>\n<\/span><\/p>\n<\/div>\n<p><b>Brukstyper<\/b><\/p>\n<p>\u2022 \u00d8kologiske kremer, lotioner, pinner, solpleie, sminke, h\u00e5rpleie<br \/>\n\u2022 Tabletter (legemidler), salver, kremer, stikkpiller med kontrollert frigivelse<br \/>\n\u2022 Enhver annen applikasjon som krever bivoks av h\u00f8yeste kvalitet<\/p>\n<p><strong>Form og emballasje<\/strong><\/p>\n<p>En del av 50A2020 refererer til 25 kg organiske bivokspastiller pakket i en pappeske med dimensjonene 47,5 cm x 36 cm x 30 cm. Inne i esken er det en inliner-pose laget av matgodkjent plast for \u00e5 unng\u00e5 s\u00f8l av pellets. Det er 36 pappesker med bivokspellets p\u00e5 en pall med dimensjonene 115cm x 115cm og en nettovekt p\u00e5 900kg.<\/p>\n<p><strong>Dokumentasjon<\/strong><\/p>\n<ul>\n<li><a href=\"http:\/\/voksgrossisten.com\/wp-content\/uploads\/2024\/06\/PDS-50A2020-COSMOS-Organic-beeswax-pellets.pdf\">PDS 50A2020 COSMOS Organic beeswax pellets<\/a><\/li>\n<\/ul>","protected":false},"excerpt":{"rendered":"<p>25kg pappeske med COSMOS \u00f8kologiske gule bivokspellets.  Denne bivoksen er av den h\u00f8yeste tilgjengelige kvaliteten p\u00e5 markedet og kan ikke bare brukes til kosmetikk, men ogs\u00e5 andre premiumapplikasjoner med h\u00f8ye kvalitetskrav.<\/p>","protected":false},"featured_media":932,"template":"","meta":{"_themeisle_gutenberg_block_has_review":false,"_ti_tpc_template_sync":false,"_ti_tpc_template_id":""},"product_cat":[55,73,52],"product_tag":[],"class_list":{"0":"post-927","1":"product","2":"type-product","3":"status-publish","4":"has-post-thumbnail","6":"product_cat-cosmetic-grade","7":"product_cat-cosmos-organic","8":"product_cat-ph-eur","9":"product_shipping_class-pellet-kartons","11":"first","12":"instock","13":"taxable","14":"shipping-taxable","15":"purchasable","16":"product-type-simple"},"_links":{"self":[{"href":"https:\/\/voksgrossisten.com\/no\/wp-json\/wp\/v2\/product\/927","targetHints":{"allow":["GET"]}}],"collection":[{"href":"https:\/\/voksgrossisten.com\/no\/wp-json\/wp\/v2\/product"}],"about":[{"href":"https:\/\/voksgrossisten.com\/no\/wp-json\/wp\/v2\/types\/product"}],"wp:featuredmedia":[{"embeddable":true,"href":"https:\/\/voksgrossisten.com\/no\/wp-json\/wp\/v2\/media\/932"}],"wp:attachment":[{"href":"https:\/\/voksgrossisten.com\/no\/wp-json\/wp\/v2\/media?parent=927"}],"wp:term":[{"taxonomy":"product_cat","embeddable":true,"href":"https:\/\/voksgrossisten.com\/no\/wp-json\/wp\/v2\/product_cat?post=927"},{"taxonomy":"product_tag","embeddable":true,"href":"https:\/\/voksgrossisten.com\/no\/wp-json\/wp\/v2\/product_tag?post=927"}],"curies":[{"name":"wp","href":"https:\/\/api.w.org\/{rel}","templated":true}]}}