{"id":944,"date":"2024-06-10T13:53:45","date_gmt":"2024-06-10T13:53:45","guid":{"rendered":"https:\/\/voksgrossisten.com\/?post_type=product&#038;p=944"},"modified":"2026-02-04T08:40:50","modified_gmt":"2026-02-04T08:40:50","slug":"white-beeswax-pellets-480kg","status":"publish","type":"product","link":"https:\/\/voksgrossisten.com\/no\/produkt\/white-beeswax-pellets-480kg\/","title":{"rendered":"Hvite bivokspastiller, 480kg"},"content":{"rendered":"<p><span class=\"fontstyle0\">V\u00e5r hvite bivoks 10B2030 er et rent produkt som er hentet fra honningkaker av Apis Mellifera. Den er n\u00f8ye raffinert, bleket og uten tilsetningsstoffer. Kompatibiliteten med annen voks er utmerket, og den kan brukes i kosmetiske produkter eller industrielle applikasjoner. Det er spesielt godt egnet for stearinlys og oppfyller fullt ut norm RAL-GZ 041. Det er fritt for suspenderte stoffer og brenner som et vokslys av en varm og behagelig flamme.<\/span><\/p>\n<p><b>Brukstyper<\/b><\/p>\n<p><span class=\"fontstyle1\">\u2022 konsistenskontroll og grunnleggende komponent i industrielle formuleringer<br \/>\n\u2022 produksjon av kirkelys og forbrukerlys<br \/>\n\u2022 komponent i husholdningspleieprodukter (m\u00f8belpleie, skokrem, trevoks, l\u00e6rpleie osv.)<\/span><\/p>\n<p>&nbsp;<\/p>\n<p><strong>Form og emballasje<\/strong><\/p>\n<p>En del av 10B2030 refererer til 20kg bivokspastiller pakket i en pappeske med dimensjonene 50cm x 35cm x 25cm. Inne i boksen er det en inliner-pose laget av matgodkjent plast for \u00e5 unng\u00e5 s\u00f8l av pellets.<\/p>\n<p>Det er 24 pappesker med bivokspellets p\u00e5 en pall med dimensjonene 110cm x 110cm og en egenvekt p\u00e5 480kg.<\/p>\n<p><span class=\"fontstyle0\"><strong>Dokumentasjon<\/strong><\/span><\/p>\n<ul>\n<li><a href=\"http:\/\/voksgrossisten.com\/wp-content\/uploads\/2024\/05\/PDS-10B2030-White-beeswax.pdf\">PDS 10B2030 White beeswax<\/a><\/li>\n<li><a href=\"http:\/\/voksgrossisten.com\/wp-content\/uploads\/2024\/03\/3692-01-Swienty.pdf\" target=\"new\" rel=\"noopener\">3692-01-Swienty<\/a><\/li>\n<li><a href=\"http:\/\/voksgrossisten.com\/wp-content\/uploads\/2024\/03\/3692-02-Swienty.pdf\" target=\"new\" rel=\"noopener\">3692-02-Swienty<\/a><\/li>\n<li><a href=\"http:\/\/voksgrossisten.com\/wp-content\/uploads\/2024\/03\/P-3692-01-Swienty-Heavy-Metals.pdf\" target=\"new\" rel=\"noopener\">P-3692-01-Swienty-Heavy-Metals<\/a><\/li>\n<\/ul>","protected":false},"excerpt":{"rendered":"<p>One pallet with 480kg of white (bleached) beeswax pellets according to norm RAL-GZ 041 in 20kg cardboard boxes.<\/p>\n<p>Recommended for cosmetics, industrial applications and candle making<\/p>","protected":false},"featured_media":951,"template":"","meta":{"_themeisle_gutenberg_block_has_review":false,"_ti_tpc_template_sync":false,"_ti_tpc_template_id":""},"product_cat":[55,51],"product_tag":[],"class_list":{"0":"post-944","1":"product","2":"type-product","3":"status-publish","4":"has-post-thumbnail","6":"product_cat-cosmetic-grade","7":"product_cat-ral-grade","8":"product_shipping_class-palette","10":"first","11":"instock","12":"taxable","13":"shipping-taxable","14":"product-type-simple"},"_links":{"self":[{"href":"https:\/\/voksgrossisten.com\/no\/wp-json\/wp\/v2\/product\/944","targetHints":{"allow":["GET"]}}],"collection":[{"href":"https:\/\/voksgrossisten.com\/no\/wp-json\/wp\/v2\/product"}],"about":[{"href":"https:\/\/voksgrossisten.com\/no\/wp-json\/wp\/v2\/types\/product"}],"wp:featuredmedia":[{"embeddable":true,"href":"https:\/\/voksgrossisten.com\/no\/wp-json\/wp\/v2\/media\/951"}],"wp:attachment":[{"href":"https:\/\/voksgrossisten.com\/no\/wp-json\/wp\/v2\/media?parent=944"}],"wp:term":[{"taxonomy":"product_cat","embeddable":true,"href":"https:\/\/voksgrossisten.com\/no\/wp-json\/wp\/v2\/product_cat?post=944"},{"taxonomy":"product_tag","embeddable":true,"href":"https:\/\/voksgrossisten.com\/no\/wp-json\/wp\/v2\/product_tag?post=944"}],"curies":[{"name":"wp","href":"https:\/\/api.w.org\/{rel}","templated":true}]}}