{"id":962,"date":"2024-06-14T11:02:22","date_gmt":"2024-06-14T11:02:22","guid":{"rendered":"https:\/\/voksgrossisten.com\/?post_type=product&#038;p=962"},"modified":"2025-12-04T09:16:46","modified_gmt":"2025-12-04T09:16:46","slug":"white-food-grade-beeswax-500kg","status":"publish","type":"product","link":"https:\/\/voksgrossisten.com\/no\/produkt\/white-food-grade-beeswax-500kg\/","title":{"rendered":"Hvite n\u00e6ringsmiddelgodkjente bivokspellets, 500kg"},"content":{"rendered":"<p>V\u00e5r hvite matvarebaserte bivoks 60B2030 er ren bivoks i farmas\u00f8ytisk kvalitet som er hentet fra honningkaker av Apis Mellifera. Den er n\u00f8ye raffinert, ubleket og inneholder ikke ceresin, fett eller Japanvoks.\nKompatibiliteten med andre vokstyper er utmerket, og den kan brukes i hele spekteret av kosmetiske produkter og som tilsetningsstoff til mat.<br \/>\nThe compatibility with other waxes is excellent and it can be used in the entire range of cosmetic products and as a food additive..<\/p>\n<p>60B2030 samsvarer med forordning (EU) nr. 231\/2012 og kan brukes som matingrediens i henhold til norm E901<\/p>\n<p><strong>Brukstyper<\/strong><\/p>\n<ul>\n<li>Fungerer som et glassmiddel for \u00e5 forhindre vanntap og gir overflatebeskyttelse for frukt<\/li>\n<li>Brukes som belegg til ost og i produksjon av konfekt<\/li>\n<li>Brukes i produksjon av bivokskluter for \u00e5 holde maten fersk<\/li>\n<li>Kan brukes som slippmiddel i matforedling for \u00e5 hindre at mat fester seg til muggsopp<\/li>\n<\/ul>\n<p><strong>Dokumentasjon<\/strong><\/p>\n<ul>\n<li><a href=\"http:\/\/voksgrossisten.com\/wp-content\/uploads\/2024\/05\/PDS-60B2030-White-Food-beeswax-1.pdf\" target=\"new\" rel=\"noopener\">PDS 60B2030 White Food beeswax<\/a><\/li>\n<\/ul>","protected":false},"excerpt":{"rendered":"<p>En pall med matgodkjente hvite bivokspellets i henhold til norm E901 i 20 kg isoporposer. Pellets kan brukes i hele spekteret av kosmetiske produkter og i matproduksjon og matforedling som tilsetningsstoff.<\/p>","protected":false},"featured_media":718,"template":"","meta":{"_themeisle_gutenberg_block_has_review":false,"_ti_tpc_template_sync":false,"_ti_tpc_template_id":""},"product_cat":[55,53,52],"product_tag":[],"class_list":{"0":"post-962","1":"product","2":"type-product","3":"status-publish","4":"has-post-thumbnail","6":"product_cat-cosmetic-grade","7":"product_cat-e901-food","8":"product_cat-ph-eur","9":"product_shipping_class-palette","11":"first","12":"onbackorder","13":"taxable","14":"shipping-taxable","15":"product-type-simple"},"_links":{"self":[{"href":"https:\/\/voksgrossisten.com\/no\/wp-json\/wp\/v2\/product\/962","targetHints":{"allow":["GET"]}}],"collection":[{"href":"https:\/\/voksgrossisten.com\/no\/wp-json\/wp\/v2\/product"}],"about":[{"href":"https:\/\/voksgrossisten.com\/no\/wp-json\/wp\/v2\/types\/product"}],"wp:featuredmedia":[{"embeddable":true,"href":"https:\/\/voksgrossisten.com\/no\/wp-json\/wp\/v2\/media\/718"}],"wp:attachment":[{"href":"https:\/\/voksgrossisten.com\/no\/wp-json\/wp\/v2\/media?parent=962"}],"wp:term":[{"taxonomy":"product_cat","embeddable":true,"href":"https:\/\/voksgrossisten.com\/no\/wp-json\/wp\/v2\/product_cat?post=962"},{"taxonomy":"product_tag","embeddable":true,"href":"https:\/\/voksgrossisten.com\/no\/wp-json\/wp\/v2\/product_tag?post=962"}],"curies":[{"name":"wp","href":"https:\/\/api.w.org\/{rel}","templated":true}]}}