{"id":964,"date":"2024-06-14T12:39:07","date_gmt":"2024-06-14T12:39:07","guid":{"rendered":"https:\/\/voksgrossisten.com\/?post_type=product&#038;p=964"},"modified":"2024-06-14T12:39:07","modified_gmt":"2024-06-14T12:39:07","slug":"white-pharma-beeswax-pellets-500kg","status":"publish","type":"product","link":"https:\/\/voksgrossisten.com\/no\/produkt\/white-pharma-beeswax-pellets-500kg\/","title":{"rendered":"Hvite pharma bivokspastiller, 500kg"},"content":{"rendered":"<p>V\u00e5r Ph. Eur-bivoks er en kompleks blanding av ca. 70% ikke-glyseridestere (C38-&gt;C62), ca. C21-C35). Den kan brukes i farmas\u00f8ytiske applikasjoner s\u00e5 vel som i hele spekteret av kosmetiske produkter, for eksempel i W\/O og O\/W formuleringer, pinner, salver, sminke, h\u00e5rpleieprodukter, etc.<br \/>\nAdvantages of beeswax are high binding strength, pronounced plasticity, excellent emulsifiability, relatively low melting point, highly occlusive character. In sticks, beeswax improves structure, oil retention, firmness,<br \/>\nadhesion, pay-off and mold release. In emulsions, beeswax functions as a consistency regulator and as a (co)emulsifier and contributes to skin feeling, emollience, barrier function and appearance.<\/p>\n<p>30B2030 samsvarer med alle forskrifter og standarder satt av European Pharmacopoeia (Ph. Eur. \u2013 11. utgave).<\/p>\n<p><b>Brukstyper<\/b><\/p>\n<p><span class=\"fontstyle1\">\u2022 Kremer, lotioner, pinner, solpleie, sminke, h\u00e5rpleie<br \/>\n\u2022 Tabletter (legemidler), salver, kremer, stikkpiller med kontrollert frigivelse<\/span><\/p>\n<p><strong>Form og emballasje<\/strong><\/p>\n<p>En del av 30B2030 refererer til 20kg bivokspastiller pakket i en pappeske med dimensjonene 50cm x 35cm x 25cm. Inne i boksen er det en inliner-pose laget av matgodkjent plast for \u00e5 unng\u00e5 s\u00f8l av pellets.<\/p>\n<p>Det er 24 pappesker med bivokspellets p\u00e5 en pall med dimensjonene 110cm x 110cm og en egenvekt p\u00e5 480kg.<\/p>\n<p><strong>Dokumentasjon<\/strong><\/p>\n<ul>\n<li><a href=\"http:\/\/voksgrossisten.com\/wp-content\/uploads\/2024\/05\/PDS-30B2030-White-Pharma-beeswax-EP.pdf\" target=\"new\" rel=\"noopener\">PDS 30B2030 White Pharma beeswax EP<\/a><\/li>\n<\/ul>","protected":false},"excerpt":{"rendered":"<p>En pall med hvite pharma bivokspellets i henhold til Ph. Eur. norm i 20kg isoporposer. Denne h\u00f8ykvalitets bivoks kan brukes i farmas\u00f8ytiske applikasjoner s\u00e5 vel som i hele spekteret av kosmetiske produkter.<\/p>","protected":false},"featured_media":807,"template":"","meta":{"_themeisle_gutenberg_block_has_review":false,"_ti_tpc_template_sync":false,"_ti_tpc_template_id":""},"product_cat":[55,52],"product_tag":[],"class_list":{"0":"post-964","1":"product","2":"type-product","3":"status-publish","4":"has-post-thumbnail","6":"product_cat-cosmetic-grade","7":"product_cat-ph-eur","8":"product_shipping_class-palette","10":"first","11":"instock","12":"taxable","13":"shipping-taxable","14":"product-type-simple"},"_links":{"self":[{"href":"https:\/\/voksgrossisten.com\/no\/wp-json\/wp\/v2\/product\/964","targetHints":{"allow":["GET"]}}],"collection":[{"href":"https:\/\/voksgrossisten.com\/no\/wp-json\/wp\/v2\/product"}],"about":[{"href":"https:\/\/voksgrossisten.com\/no\/wp-json\/wp\/v2\/types\/product"}],"wp:featuredmedia":[{"embeddable":true,"href":"https:\/\/voksgrossisten.com\/no\/wp-json\/wp\/v2\/media\/807"}],"wp:attachment":[{"href":"https:\/\/voksgrossisten.com\/no\/wp-json\/wp\/v2\/media?parent=964"}],"wp:term":[{"taxonomy":"product_cat","embeddable":true,"href":"https:\/\/voksgrossisten.com\/no\/wp-json\/wp\/v2\/product_cat?post=964"},{"taxonomy":"product_tag","embeddable":true,"href":"https:\/\/voksgrossisten.com\/no\/wp-json\/wp\/v2\/product_tag?post=964"}],"curies":[{"name":"wp","href":"https:\/\/api.w.org\/{rel}","templated":true}]}}