{"id":386,"date":"2023-12-15T15:03:32","date_gmt":"2023-12-15T15:03:32","guid":{"rendered":"https:\/\/b2beeswax.com\/?page_id=386"},"modified":"2024-11-20T08:32:07","modified_gmt":"2024-11-20T08:32:07","slug":"beekeeping","status":"publish","type":"page","link":"https:\/\/voksgrossisten.com\/sv\/beekeeping\/","title":{"rendered":"Biodling"},"content":{"rendered":"<h3 class=\"wp-block-heading\">Beeswax in beekeeping<\/h3><figure class=\"wp-block-image size-full has-custom-border\"><img loading=\"lazy\" decoding=\"async\" width=\"862\" height=\"340\" src=\"https:\/\/b2beeswax.com\/wp-content\/uploads\/2024\/01\/slider-image-4.jpg\" alt=\"\" class=\"has-border-color wp-image-484\" style=\"border-color:#FFFFFF;border-radius:10px\" srcset=\"https:\/\/voksgrossisten.com\/wp-content\/uploads\/2024\/01\/slider-image-4.jpg 862w, https:\/\/voksgrossisten.com\/wp-content\/uploads\/2024\/01\/slider-image-4-300x118.jpg 300w, https:\/\/voksgrossisten.com\/wp-content\/uploads\/2024\/01\/slider-image-4-768x303.jpg 768w\" sizes=\"auto, (max-width: 862px) 100vw, 862px\" \/><\/figure><p>Som ett f\u00f6retag med ursprung i biodlingssektorn \u00e4r vi fullt medvetna om den viktiga roll som bivax spelar i en frisk bikupa. F\u00f6rfalskning med andra vaxer och skadliga rester i bivaxstiftelser har i tusentals fall identifierats som orsaken till att en bifamilj avlidit. I otaliga fall noteras dock inte ens effekten av ol\u00e4mpligt bivax av biodlaren eller de negativa effekter som kan observeras i bikupan i relation till fundamenten. Genom att s\u00e4nka sannolikheten f\u00f6r att yngeln ska \u00f6verleva eller genom att bara f\u00f6rsvaga den, kan honungssk\u00f6rden och h\u00e4lsan hos en bikupa f\u00f6rs\u00e4mras rej\u00e4lt. Men eftersom det inte finns n\u00e5gon officiell standard f\u00f6r bivax, hur kan vi se till att vax eller foundations h\u00e5ller h\u00f6g kvalitet? H\u00e4r \u00e4r n\u00e5gra allm\u00e4nna punkter som du b\u00f6r t\u00e4nka p\u00e5 n\u00e4r du k\u00f6per bivax som biodlare:<\/p><ul class=\"wp-block-list\"><li>Kvalitetsstandard f\u00f6r bivaxfundament inom biodling<\/li>\n\n<li>Hur kan h\u00f6gkvalitativt bivax identifieras?&nbsp;<\/li>\n\n<li>Vanliga deklarationer av bivax f\u00f6r biodling p\u00e5 marknaden<\/li>\n\n<li>Skillnader mellan bek\u00e4mpningsmedelstyper som finns i bivax<\/li>\n\n<li>V\u00e5r standard, deras definition och kvalitetsl\u00f6fte<\/li><\/ul><h4 class=\"wp-block-heading\">Kvalitetsstandard f\u00f6r bivaxfundament inom biodling<\/h4><p>Till skillnad fr\u00e5n honung finns det f\u00f6r n\u00e4rvarande ingen officiell kvalitetsstandard f\u00f6r bivax p\u00e5 EU-niv\u00e5. P\u00e5 grund av denna brist p\u00e5 standardisering har industrier som anv\u00e4nder bivax b\u00f6rjat utveckla kvalitetsstandarder baserade p\u00e5 deras produktionsbehov. Mest k\u00e4nda \u00e4r RAL-standarden av ljusmakare och Ph. Eur. standard fr\u00e5n l\u00e4kemedelsindustrin. Dessa speglar dock inte samma kvalitetskrav som en biodlare b\u00f6r st\u00e4lla p\u00e5 grunden i bikupor. Eftersom paraffin och stearin i alla fall ofta anv\u00e4nds i ljusproduktion och eftersom bivaxljus brinner perfekt n\u00e4r det finns en liten andel av dessa vaxer, beslutade det tyska institutet f\u00f6r kvalitetss\u00e4kring och m\u00e4rkning att till\u00e5ta 18 % totalt kolv\u00e4ten i bivax samtidigt som det deklareras som 100 % rent bivax. Detta \u00e4r dock inte fallet eftersom naturligt bivax har en total kolv\u00e4tehalt p\u00e5 cirka 14,5%, om bivaxet har \u00e5teranv\u00e4nts som avelsgrunder i bikupan ofta kan det g\u00e5 upp till 15-15,5%. \u00c4nd\u00e5 s\u00e4ljer m\u00e5nga leverant\u00f6rer fram till denna dag 100% bivax f\u00f6r anv\u00e4ndning i biodling med h\u00e4nvisning till RAL-standarden, vilket har lett till dagens situation d\u00e4r \"bivaxpooler\" i de flesta europeiska l\u00e4nder har totalt kolv\u00e4ten runt 16-16,5% i genomsnitt . Denna niv\u00e5 av f\u00f6rfalskning kan anses vara minimal med ingen eller ej m\u00e4tbar effekt p\u00e5 bin, men vi avr\u00e5der starkt fr\u00e5n anv\u00e4ndning av bivax baserat p\u00e5 RAL-standarden f\u00f6r biodling, det \u00e4r i de flesta fall inte l\u00e4mpligt f\u00f6r anv\u00e4ndning i bikupor och biodlare b\u00f6r Beg\u00e4r alltid en analys fr\u00e5n leverant\u00f6rer som styrker kvaliteten p\u00e5 vaxet och som \u00e4r representativ f\u00f6r respektive parti som s\u00e4ljs.<\/p><h4 class=\"wp-block-heading\">Hur kan h\u00f6gkvalitativt bivax identifieras?&nbsp;<\/h4><p>Detta leder till n\u00e4sta fr\u00e5ga som vi vill ta upp \u2013 hur kan vi avg\u00f6ra om bivax \u00e4r av h\u00f6g och l\u00e4mplig kvalitet f\u00f6r biodling?<br>Idag finns det m\u00e5nga ackrediterade laboratorier som erbjuder analyser av bivax, de flesta ligger i Tyskland som t.ex. Intertek, QSI, Eurofins, FoodQs eller Ceralyse. Alla anv\u00e4nder samma teknik och skillnader beror mest p\u00e5 olika tolkningar av resultat. F\u00f6r att klarg\u00f6ra om bivax \u00e4r f\u00f6rvanskat anv\u00e4nds gaskromatografi (GC), k\u00e4rnmagnetisk resonans (NMR), NIR-spektroskopi och kvantifiering av totala kolv\u00e4ten. N\u00e4r man k\u00f6per bivax f\u00f6r biodling \u00e4r det viktigt att titta noga p\u00e5 de analysrapporter som b\u00f6r tillhandah\u00e5llas och inte ta sj\u00e4lva f\u00f6rekomsten av en rapport som ett tecken p\u00e5 h\u00f6g kvalitet. Total kolv\u00e4teanalys ensam och\/eller i kombination med generella v\u00e4rden som densitet, sm\u00e4ltpunkt och sponifiering eller estertal ger ingen information om det erbjudna vaxets renhet! Ist\u00e4llet b\u00f6r total kolv\u00e4teanalys alltid kombineras med en GC- eller NMR-rapport som ger en tydlig indikation p\u00e5 hur stor procentandel av f\u00f6rfalskning som finns i ett analyserat vaxprov.<br>Den andra analysrapporten som alltid b\u00f6r beg\u00e4ras av en s\u00e4ljare vid k\u00f6p av bivax f\u00f6r biodling \u00e4r rest-\/bek\u00e4mpningsmedelsanalys. Med dessa \u00e4r dock skillnaderna mellan laboratorierna mycket st\u00f6rre, b\u00e5de n\u00e4r det g\u00e4ller antalet bek\u00e4mpningsmedel\/insekticider\/varroacider som analyseras och gr\u00e4nserna f\u00f6r kvantifiering (LOQ \u2013 den minsta detekterbara m\u00e4ngden av ett \u00e4mne). Medan vissa laboratorier bara letar efter 15-20 bek\u00e4mpningsmedel och insekticider, kan andra identifiera \u00f6ver 250+. P\u00e5 samma s\u00e4tt visar rapporter fr\u00e5n vissa laboratorier endast ett positivt fynd av rester n\u00e4r det \u00e4r \u00f6ver 0,5 mg\/kg, andra analyserar ner till 0,1, 0,01 eller till och med 0,001 mg\/kg. I det sista fallet \u00e4r analysen 500 % mer exakt \u00e4n en rapport med en LOQ p\u00e5 0,5 mg\/kg, men gr\u00e4nserna ner till 0,001 mg \u00e4r s\u00e5 l\u00e5ga att de som biodlare av all anledning kan anses vara obetydliga f\u00f6r bin. S\u00e5 hur skiljer vi oss d\u00e5, var drar vi som biodlare gr\u00e4nsen? I kommersiella erbjudanden kan m\u00e5nga termer hittas som indikerar en h\u00f6g kvalitetsstandard, n\u00e5gra av dem skulle vi vilja diskutera i f\u00f6ljande avsnitt.<\/p><h4 class=\"wp-block-heading\">Vanliga deklarationer av bivax f\u00f6r biodling p\u00e5 marknaden<\/h4><ul class=\"wp-block-list\"><li>100% rent bivax<\/li>\n\n<li>fri fr\u00e5n pesticider<\/li>\n\n<li>l\u00e5g p\u00e5 bek\u00e4mpningsmedel<\/li>\n\n<li>fri fr\u00e5n varoacider<\/li>\n\n<li>ekologiskt bivax<\/li><\/ul><p>Varje biodlare som har k\u00f6pt bivax tidigare har s\u00e4kert st\u00f6tt p\u00e5 m\u00e5nga av dessa termer som anv\u00e4nds f\u00f6r marknadsf\u00f6ring. N\u00e4r vi tittar n\u00e4rmare p\u00e5 analysrapporterna, om n\u00e5gra tillhandah\u00e5lls som verkligen \u00e4r representativa och inte fr\u00e5n en batch fr\u00e5n 2 \u00e5r sedan, blir det tydligt att dessa termer inte \u00e4r n\u00e5gon standard alls och bivax som fr\u00e4mjas av dem varierar avsev\u00e4rt i kvalitet. Som n\u00e4mnts tidigare h\u00e4nvisar erbjudandet till 100 % renhet till RAL-standarden och \u00e4r endast bevisat med kolv\u00e4teanalys och\/eller en specifikation av allm\u00e4nna vaxegenskaper som f\u00f6rtv\u00e5lningsv\u00e4rde och andra. En deklaration som bek\u00e4mpningsmedelsfri beror i h\u00f6g grad p\u00e5 det laboratorium som genomf\u00f6rde analysen eftersom ett parti som f\u00f6rklaras bek\u00e4mpningsmedelsfritt ner till 0,5 mg\/kg knappast kan j\u00e4mf\u00f6ras med ett parti som \u00e4r fritt fr\u00e5n bek\u00e4mpningsmedel ner till 0,1 mg\/kg. Dessutom anv\u00e4nds rapporter fr\u00e5n laboratorier som endast testar f\u00f6r varroacider f\u00f6r att f\u00f6rklara en bivaxsats vara fri fr\u00e5n rester, vilket helt enkelt inte \u00e4r fallet. Om s\u00e5 var fallet skulle n\u00e4stan allt afrikanskt bivax kunna f\u00f6rklaras som restfritt eftersom biodlarna d\u00e4r vanligtvis inte behandlar sina bin mot Varroakvalstret.<br>\u00c4ven organiskt bivax betyder inte n\u00f6dv\u00e4ndigtvis att det inte inneh\u00e5ller rester eftersom EU-lagstiftningen inte kr\u00e4ver n\u00e5gon dokumentation om rester. <br>Sammanfattningsvis kan man s\u00e4ga att alla dessa termer har liten betydelse s\u00e5 l\u00e4nge de inte dokumenteras av relevanta analysrapporter som tydligt anger vad som analyserats och vid vilka gr\u00e4nser. <br>Tyv\u00e4rr undviker m\u00e5nga bivaxhandlare att tillhandah\u00e5lla denna information eller bryr sig helt enkelt inte eller k\u00e4nner inte till det b\u00e4ttre. Men vi vill inte prata om brister i andra erbjudanden och ist\u00e4llet ber\u00e4tta exakt vilken standard vi erbjuder och hur vi definierar dem. Innan vill vi ta upp en annan fr\u00e5ga i samband med rester som dock knappast diskuteras men ur v\u00e5rt perspektiv av stor vikt.<\/p><h4 class=\"wp-block-heading\">Skillnader mellan bek\u00e4mpningsmedelstyper som finns i bivax<\/h4><p>Den f\u00f6rsta skillnaden som m\u00e5ste beaktas \u00e4r skillnaden mellan herbicider, insekticider och fungicider. Inom biodling \u00e4r det naturligt att anta att rester fr\u00e5n insekticider som \u00e4r specifikt m\u00e5linsekter har mer negativ inverkan p\u00e5 en bikupa \u00e4n herbicider eller fungicider. \u00c4ven om detta inte kan generaliseras, belyser det faktumet att inte alla bek\u00e4mpningsmedel uppvisar samma niv\u00e5 av toxicitet mot bin, ett faktum som i stor utstr\u00e4ckning ignoreras eller \u00e5tminstone inte diskuteras. N\u00e4r allt kommer omkring, vilken biodlare skulle veta att klorpyrifos har en nio g\u00e5nger h\u00f6gre toxicitetsniv\u00e5 \u00e4n DDT till exempel eller att flumetrin \u00e4r ungef\u00e4r 67 g\u00e5nger giftigare f\u00f6r bin \u00e4n tau-fluvalinat. Analysrapporterna fr\u00e5n de flesta laboratorier \u00e4r dock inte riktade till biodlare utan till industrin, varf\u00f6r det inte finns n\u00e5gon egentlig skillnad mellan toxicitetsniv\u00e5er. Det enda laboratoriet som har tagit h\u00e4nsyn till detta s\u00e5vitt vi vet vid denna tidpunkt (2024-02-12) \u00e4r Ceralyze genom att justera LOQ f\u00f6r de bek\u00e4mpningsmedel som de analyserar efter effekten p\u00e5 bin. <\/p><p>Ett intressant verktyg i detta sammanhang som kallas <a href=\"https:\/\/www.beetools.uliege.be\/beetoxwax\/?langue=en\" data-type=\"link\" data-id=\"https:\/\/www.beetools.uliege.be\/beetoxwax\/?langue=en\">Bee Tox Wax<\/a> har utvecklats av universitetet i Li\u00e8ge i Belgien. Det \u00e4r ett verktyg f\u00f6r ber\u00e4kning av bivaxtoxicitet som l\u00e5ter anv\u00e4ndaren infoga k\u00e4nda resthalter fr\u00e5n en laboratorieanalysrapport och ger en utv\u00e4rdering av toxiciteten hos resthalterna f\u00f6r bin. \u00c4ven om det vetenskapliga underlaget f\u00f6r ber\u00e4kningarna inte tillhandah\u00e5lls och kraven verkar ganska orealistiska fr\u00e5n ett ekonomiskt bek\u00e4mpningsmedel med insikt i faktiska resthalter \u00f6ver hela v\u00e4rlden, \u00e4r det \u00e5tminstone ett f\u00f6rsta f\u00f6rs\u00f6k att fastst\u00e4lla en b\u00e4ttre kvalitetsstandard f\u00f6r bivax som anv\u00e4nds i biodling. <\/p><h4 class=\"wp-block-heading\">V\u00e5r standard, deras definition och kvalitetsl\u00f6fte<\/h4><p>S\u00e5 vad g\u00f6r vi annorlunda d\u00e5? <br>Det viktigaste \u00e4r att vi tillhandah\u00e5ller batchspecifik analys med allt bivax som vi s\u00e4ljer, speciellt om det \u00e4r avsett f\u00f6r biodling. V\u00e5ra analysrapporter listar inte bara allm\u00e4nna vaxkriterier utan det som \u00e4r relevant f\u00f6r biodling: f\u00f6rfalskning och rester. F\u00f6r n\u00e4rvarande anv\u00e4nder vi f\u00f6ljande laboratorier f\u00f6r v\u00e5rt biodlingsvax:<\/p><p>F\u00f6rfalskning: Totala kolv\u00e4ten och GC genom Ceralyse eller NMR av Intertek<\/p><p>Rester: Multipesticidscreening av Ceralyse <\/p><p>Vi anser att denna kombination av analys ger den mest l\u00e4mpliga och meningsfulla kvalitets\u00f6versikten av bivax som \u00e4r t\u00e4nkt att anv\u00e4ndas i biodling. P\u00e5 beg\u00e4ran kan vi \u00e4ven tillhandah\u00e5lla bek\u00e4mpningsmedelsanalyser av andra laboratorier med l\u00e4gre LOQ och\/eller ett Bee Tox Wax-certifikat, l\u00e5t oss bara nu. <br>F\u00f6r att skilja p\u00e5 olika kvalitetstyper av biodlingsbivax anv\u00e4nder vi f\u00f6ljande termer:<\/p><div id=\"wp-block-themeisle-blocks-icon-list-effd5ea3\" class=\"wp-block-themeisle-blocks-icon-list\"><div id=\"wp-block-themeisle-blocks-icon-list-item-379c09c3\" class=\"wp-block-themeisle-blocks-icon-list-item\"><i class=\"fas fa-check wp-block-themeisle-blocks-icon-list-item-icon\"><\/i><p class=\"wp-block-themeisle-blocks-icon-list-item-content\">Vanligt: \u200b\u200bAlla bek\u00e4mpningsmedelsniv\u00e5er \u00e4r under 0,5 mg\/kg<\/p><\/div>\n\n<div id=\"wp-block-themeisle-blocks-icon-list-item-848c51cf\" class=\"wp-block-themeisle-blocks-icon-list-item\"><i class=\"fas fa-check wp-block-themeisle-blocks-icon-list-item-icon\"><\/i><p class=\"wp-block-themeisle-blocks-icon-list-item-content\">L\u00e5g p\u00e5 bek\u00e4mpningsmedel: Alla bek\u00e4mpningsmedelsniv\u00e5er ligger under Ceralyse LOQ <br>(0,03 &#8211; 0,2 mg\/kg)<\/p><\/div>\n\n<div id=\"wp-block-themeisle-blocks-icon-list-item-f6495fd7\" class=\"wp-block-themeisle-blocks-icon-list-item\"><i class=\"fas fa-check wp-block-themeisle-blocks-icon-list-item-icon\"><\/i><p class=\"wp-block-themeisle-blocks-icon-list-item-content\">Bek\u00e4mpningsmedelsfritt: Alla bek\u00e4mpningsmedelsniv\u00e5er \u00e4r under Intertek LOQ (0,01 mg\/kg)<\/p><\/div><\/div><p>Kontakta oss g\u00e4rna om du skulle ha ytterligare fr\u00e5gor om analys eller resthalter och f\u00f6rfalskning av bivax. Om du letar efter v\u00e5rt biodlingsbivax, v\u00e4nligen f\u00f6lj detta <a href=\"https:\/\/www.swienty.com\/pl\/New-Products_437014.aspx\">link<\/a> till v\u00e5r online butik.<br> <\/p>","protected":false},"excerpt":{"rendered":"<p>Beeswax in beekeeping As a company that originates in the beekeeping sector, we are fully aware of the important role that beeswax plays in a healthy beehive. Adulteration with other waxes and harmful residues in beeswax foundations have been identified in thousands of cases as the reason for the decease of a bee family. In [&hellip;]<\/p>","protected":false},"author":1,"featured_media":0,"parent":0,"menu_order":0,"comment_status":"closed","ping_status":"closed","template":"","meta":{"_themeisle_gutenberg_block_has_review":false,"_ti_tpc_template_sync":false,"_ti_tpc_template_id":"","footnotes":""},"class_list":["post-386","page","type-page","status-publish","hentry"],"_links":{"self":[{"href":"https:\/\/voksgrossisten.com\/sv\/wp-json\/wp\/v2\/pages\/386","targetHints":{"allow":["GET"]}}],"collection":[{"href":"https:\/\/voksgrossisten.com\/sv\/wp-json\/wp\/v2\/pages"}],"about":[{"href":"https:\/\/voksgrossisten.com\/sv\/wp-json\/wp\/v2\/types\/page"}],"author":[{"embeddable":true,"href":"https:\/\/voksgrossisten.com\/sv\/wp-json\/wp\/v2\/users\/1"}],"replies":[{"embeddable":true,"href":"https:\/\/voksgrossisten.com\/sv\/wp-json\/wp\/v2\/comments?post=386"}],"version-history":[{"count":18,"href":"https:\/\/voksgrossisten.com\/sv\/wp-json\/wp\/v2\/pages\/386\/revisions"}],"predecessor-version":[{"id":1048,"href":"https:\/\/voksgrossisten.com\/sv\/wp-json\/wp\/v2\/pages\/386\/revisions\/1048"}],"wp:attachment":[{"href":"https:\/\/voksgrossisten.com\/sv\/wp-json\/wp\/v2\/media?parent=386"}],"curies":[{"name":"wp","href":"https:\/\/api.w.org\/{rel}","templated":true}]}}