{"id":390,"date":"2023-12-15T15:11:14","date_gmt":"2023-12-15T15:11:14","guid":{"rendered":"https:\/\/b2beeswax.com\/?page_id=390"},"modified":"2024-06-10T08:33:38","modified_gmt":"2024-06-10T08:33:38","slug":"food","status":"publish","type":"page","link":"https:\/\/voksgrossisten.com\/sv\/food\/","title":{"rendered":"Food E901"},"content":{"rendered":"<h3 class=\"wp-block-heading\">Livsmedelsklassat bivax <\/h3><figure class=\"wp-block-image size-full is-resized has-custom-border is-style-rounded\"><img loading=\"lazy\" decoding=\"async\" width=\"862\" height=\"340\" src=\"https:\/\/b2beeswax.com\/wp-content\/uploads\/2024\/01\/fruit-cut-1-1.jpg\" alt=\"\" class=\"wp-image-492\" style=\"border-radius:6px;width:740px;height:auto\" srcset=\"https:\/\/voksgrossisten.com\/wp-content\/uploads\/2024\/01\/fruit-cut-1-1.jpg 862w, https:\/\/voksgrossisten.com\/wp-content\/uploads\/2024\/01\/fruit-cut-1-1-300x118.jpg 300w, https:\/\/voksgrossisten.com\/wp-content\/uploads\/2024\/01\/fruit-cut-1-1-768x303.jpg 768w\" sizes=\"auto, (max-width: 862px) 100vw, 862px\" \/><\/figure><p>Bivax har m\u00e5nga anv\u00e4ndningsomr\u00e5den vid tillverkning, konservering och f\u00f6rpackning av livsmedel.<br>Dess hydrofoba natur g\u00f6r dem idealiska som sl\u00e4ppmedel f\u00f6r tillverkning av produkter som bakverk eller konfektyr, men den kan ocks\u00e5 anv\u00e4ndas f\u00f6r att skapa bel\u00e4ggningar och glaseringsprodukter f\u00f6r choklad och frukt. Om en skyddande bel\u00e4ggning kr\u00e4vs \u00e4r bivax ett bra och naturligt val som har anv\u00e4nts i tusentals \u00e5r eftersom det kan formuleras f\u00f6r att ge en barri\u00e4r som \u00e4r b\u00e5de funktionell och attraktiv, till exempel i ostbel\u00e4ggningsvaxer.<\/p><p>I Europeiska unionen \u00e4r bivax godk\u00e4nt som livsmedelstillsats E901 i vitt eller gult. Det \u00e4r till\u00e5tet som ytbehandlingsmedel p\u00e5 konfektyr (exklusive choklad), sm\u00e5 produkter av fina bakverk \u00f6verdragna med choklad, snacks, n\u00f6tter och kaffeb\u00f6nor och f\u00f6r ytbehandling endast av vissa frukter (f\u00e4rska citrusfrukter, meloner, \u00e4pplen, p\u00e4ron, persikor och ananas). Det \u00e4r ocks\u00e5 till\u00e5tet i livsmedel<br>supplements and as a carrier for colours.<\/p><p>Dessutom kan bivax anv\u00e4ndas som material i kontakt med livsmedel om det uppfyller kraven i f\u00f6rordning (EU) 1935\/2004. Eftersom det inte finns n\u00e5gon materialspecifik lagstiftning f\u00f6r kontaktmaterial gjorda av bivax, m\u00e5ste det kontrolleras att bivaxet som anv\u00e4nds som kontaktmaterial inte inneh\u00e5ller bek\u00e4mpningsmedel eller f\u00f6rfalskning.<br><br>Vi kan erbjuda bivax f\u00f6r m\u00e4nsklig konsumtion i enlighet med E901 och f\u00f6rordning (EG) nr.\u00a0<a href=\"https:\/\/eur-lex.europa.eu\/legal-content\/DE\/AUTO\/?uri=celex:32005R0396\">396\/2005<\/a> 396\/2005 i b\u00e5de gul och vit f\u00e4rg i form av pastiller samt n\u00f6dv\u00e4ndig dokumentation f\u00f6r anv\u00e4ndning som kontaktmaterial. V\u00e4nligen kontakta oss f\u00f6r att diskutera dina krav och\/eller f\u00f6lja detta <a href=\"https:\/\/voksgrossisten.com\/da\/produkt-kategorie\/e901-food\/\" data-type=\"link\" data-id=\"https:\/\/www.swienty.com\/pl\/New-Products_437014.aspx\">link<\/a> till v\u00e5r butik f\u00f6r att se v\u00e5ra erbjudanden av livsmedelsklassat bivax. <br><\/p>","protected":false},"excerpt":{"rendered":"<p>Food-grade beeswax Beeswax has many uses in the manufacture, preservation and packing of food.Its hydrophobic nature makes them ideal as a release agent for producing products such as pastries or confectionery but it can also be used to create coatings and glazing products for chocolate and fruits. If a protective coating is required, beeswax is [&hellip;]<\/p>","protected":false},"author":1,"featured_media":0,"parent":0,"menu_order":0,"comment_status":"closed","ping_status":"closed","template":"","meta":{"_themeisle_gutenberg_block_has_review":false,"_ti_tpc_template_sync":false,"_ti_tpc_template_id":"","footnotes":""},"class_list":["post-390","page","type-page","status-publish","hentry"],"_links":{"self":[{"href":"https:\/\/voksgrossisten.com\/sv\/wp-json\/wp\/v2\/pages\/390","targetHints":{"allow":["GET"]}}],"collection":[{"href":"https:\/\/voksgrossisten.com\/sv\/wp-json\/wp\/v2\/pages"}],"about":[{"href":"https:\/\/voksgrossisten.com\/sv\/wp-json\/wp\/v2\/types\/page"}],"author":[{"embeddable":true,"href":"https:\/\/voksgrossisten.com\/sv\/wp-json\/wp\/v2\/users\/1"}],"replies":[{"embeddable":true,"href":"https:\/\/voksgrossisten.com\/sv\/wp-json\/wp\/v2\/comments?post=390"}],"version-history":[{"count":11,"href":"https:\/\/voksgrossisten.com\/sv\/wp-json\/wp\/v2\/pages\/390\/revisions"}],"predecessor-version":[{"id":940,"href":"https:\/\/voksgrossisten.com\/sv\/wp-json\/wp\/v2\/pages\/390\/revisions\/940"}],"wp:attachment":[{"href":"https:\/\/voksgrossisten.com\/sv\/wp-json\/wp\/v2\/media?parent=390"}],"curies":[{"name":"wp","href":"https:\/\/api.w.org\/{rel}","templated":true}]}}