{"id":50,"date":"2023-11-16T14:20:22","date_gmt":"2023-11-16T14:20:22","guid":{"rendered":"http:\/\/voksgrossisten.com\/?page_id=50"},"modified":"2024-10-29T21:54:19","modified_gmt":"2024-10-29T21:54:19","slug":"products","status":"publish","type":"page","link":"https:\/\/voksgrossisten.com\/sv\/products\/","title":{"rendered":"Applikationer"},"content":{"rendered":"<div class=\"wp-block-columns alignwide is-layout-flex wp-container-core-columns-is-layout-28f84493 wp-block-columns-is-layout-flex\"><div class=\"wp-block-column is-layout-flow wp-block-column-is-layout-flow\" style=\"flex-basis:100%\"><h3 id=\"wp-block-themeisle-blocks-advanced-heading-92e08627\" class=\"wp-block-themeisle-blocks-advanced-heading wp-block-themeisle-blocks-advanced-heading-92e08627\">Applikationer av bivax<\/h3><\/div><\/div><figure class=\"wp-block-gallery alignwide has-nested-images columns-default is-cropped wp-block-gallery-1 is-layout-flex wp-block-gallery-is-layout-flex\"><figure class=\"wp-block-image size-full\"><img loading=\"lazy\" decoding=\"async\" width=\"1000\" height=\"692\" data-id=\"146\" src=\"http:\/\/voksgrossisten.com\/wp-content\/uploads\/2023\/11\/wax-polish-original.jpg\" alt=\"\" class=\"wp-image-146\" srcset=\"https:\/\/voksgrossisten.com\/wp-content\/uploads\/2023\/11\/wax-polish-original.jpg 1000w, https:\/\/voksgrossisten.com\/wp-content\/uploads\/2023\/11\/wax-polish-original-300x208.jpg 300w, https:\/\/voksgrossisten.com\/wp-content\/uploads\/2023\/11\/wax-polish-original-768x531.jpg 768w\" sizes=\"auto, (max-width: 1000px) 100vw, 1000px\" \/><\/figure>\n\n<figure class=\"wp-block-image size-full\"><img loading=\"lazy\" decoding=\"async\" width=\"1000\" height=\"668\" data-id=\"399\" src=\"http:\/\/voksgrossisten.com\/wp-content\/uploads\/2023\/12\/shutterstock_1566683218-1000x.jpg\" alt=\"\" class=\"wp-image-399\" srcset=\"https:\/\/voksgrossisten.com\/wp-content\/uploads\/2023\/12\/shutterstock_1566683218-1000x.jpg 1000w, https:\/\/voksgrossisten.com\/wp-content\/uploads\/2023\/12\/shutterstock_1566683218-1000x-300x200.jpg 300w, https:\/\/voksgrossisten.com\/wp-content\/uploads\/2023\/12\/shutterstock_1566683218-1000x-768x513.jpg 768w\" sizes=\"auto, (max-width: 1000px) 100vw, 1000px\" \/><\/figure>\n\n<figure class=\"wp-block-image size-full\"><img loading=\"lazy\" decoding=\"async\" width=\"1000\" height=\"667\" data-id=\"400\" src=\"http:\/\/voksgrossisten.com\/wp-content\/uploads\/2023\/12\/shutterstock_21250117221-1000x.jpg\" alt=\"\" class=\"wp-image-400\" srcset=\"https:\/\/voksgrossisten.com\/wp-content\/uploads\/2023\/12\/shutterstock_21250117221-1000x.jpg 1000w, https:\/\/voksgrossisten.com\/wp-content\/uploads\/2023\/12\/shutterstock_21250117221-1000x-300x200.jpg 300w, https:\/\/voksgrossisten.com\/wp-content\/uploads\/2023\/12\/shutterstock_21250117221-1000x-768x512.jpg 768w\" sizes=\"auto, (max-width: 1000px) 100vw, 1000px\" \/><\/figure><\/figure><div class=\"wp-block-columns alignwide is-layout-flex wp-container-core-columns-is-layout-28f84493 wp-block-columns-is-layout-flex\"><div class=\"wp-block-column is-layout-flow wp-block-column-is-layout-flow\" style=\"flex-basis:100%\"><p id=\"mntl-sc-block_1-0-11\">Bivax \u00e4r ett sekret som produceras av unga honungsbin (<em>Apis mellifera<\/em>) och grunden f\u00f6r varje bikupa. N\u00e4r det \u00e4r nyproducerat \u00e4r bivax ljusgult till f\u00e4rgen men med tiden m\u00f6rknar det till en guldgul f\u00e4rg. P\u00e5 grund av kontakt med propolis och yngel kan det ocks\u00e5 bli brunt med tiden varf\u00f6r naturligt bivax kommer i m\u00e5nga former och f\u00e4rger fr\u00e5n biodlaren. \u00c4ven om den best\u00e5r av huvudsakligen estrar av fettsyror, \u00e4r dess sammans\u00e4ttning ganska komplex med mer \u00e4n 200 andra mindre komponenter som har identifierats och bidrar till egenskaperna hos denna underbara produkt. Tack vare denna unika naturliga blandning av komponenter har bivax m\u00e5nga applikationer inom olika omr\u00e5den och industrier:<\/p><\/div><\/div><div id=\"wp-block-themeisle-blocks-accordion-ce2f4e2b\" class=\"wp-block-themeisle-blocks-accordion exclusive\"><details class=\"wp-block-themeisle-blocks-accordion-item\"><summary class=\"wp-block-themeisle-blocks-accordion-item__title\"><div><a href=\"https:\/\/b2beeswax.com\/candles\/\" data-type=\"page\" data-id=\"63\">Bivaxljus<\/a><\/div><\/summary><div class=\"wp-block-themeisle-blocks-accordion-item__content\"><figure class=\"wp-block-image size-full\"><a href=\"https:\/\/b2beeswax.com\/candles\/\"><img loading=\"lazy\" decoding=\"async\" width=\"862\" height=\"340\" src=\"http:\/\/voksgrossisten.com\/wp-content\/uploads\/2023\/12\/kerzen1-cut.jpg\" alt=\"\" class=\"wp-image-378\" srcset=\"https:\/\/voksgrossisten.com\/wp-content\/uploads\/2023\/12\/kerzen1-cut.jpg 862w, https:\/\/voksgrossisten.com\/wp-content\/uploads\/2023\/12\/kerzen1-cut-300x118.jpg 300w, https:\/\/voksgrossisten.com\/wp-content\/uploads\/2023\/12\/kerzen1-cut-768x303.jpg 768w\" sizes=\"auto, (max-width: 862px) 100vw, 862px\" \/><\/a><\/figure>\n\n<p>Bivaxljus har tillverkats i tusentals \u00e5r och erbjuder m\u00e5nga f\u00f6rdelar j\u00e4mf\u00f6rt med konstgjorda alternativ som paraffin eller stearin. V\u00e5rt bivax uppfyller normen RAL-GZ 041 och ger vackra l\u00e5nga och v\u00e4l brinnande ljus med en s\u00f6t naturlig doft.  <\/p><\/div><\/details>\n\n<details class=\"wp-block-themeisle-blocks-accordion-item\"><summary class=\"wp-block-themeisle-blocks-accordion-item__title\"><div><a href=\"https:\/\/b2beeswax.com\/industry\/\" data-type=\"page\" data-id=\"388\">Industriell anv\u00e4ndning<\/a><\/div><\/summary><div class=\"wp-block-themeisle-blocks-accordion-item__content\"><figure class=\"wp-block-image size-full\"><a href=\"https:\/\/b2beeswax.com\/industry\/\"><img loading=\"lazy\" decoding=\"async\" width=\"862\" height=\"340\" src=\"https:\/\/b2beeswax.com\/wp-content\/uploads\/2024\/01\/lack-1-cut.jpg\" alt=\"\" class=\"wp-image-427\" srcset=\"https:\/\/voksgrossisten.com\/wp-content\/uploads\/2024\/01\/lack-1-cut.jpg 862w, https:\/\/voksgrossisten.com\/wp-content\/uploads\/2024\/01\/lack-1-cut-300x118.jpg 300w, https:\/\/voksgrossisten.com\/wp-content\/uploads\/2024\/01\/lack-1-cut-768x303.jpg 768w\" sizes=\"auto, (max-width: 862px) 100vw, 862px\" \/><\/a><\/figure>\n\n<p>P\u00e5 grund av bivaxets unika egenskaper finns det otaliga anv\u00e4ndningsm\u00f6jligheter i industriella sammanhang, fr\u00e5n tr\u00e4- och skokr\u00e4m till reng\u00f6ringsmedel eller sm\u00f6rjmedel samt i m\u00e5nga typer av lacker. De viktigaste faktorerna f\u00f6r industriell anv\u00e4ndning \u00e4r bra filtrering f\u00f6r att ta bort orenheter innan de blandas med andra ingredienser och renheten som r\u00e5vara, varf\u00f6r vi tillhandah\u00e5ller laboratorieanalyser f\u00f6r varje batch bivax som vi s\u00e4ljer. <\/p><\/div><\/details>\n\n<details class=\"wp-block-themeisle-blocks-accordion-item\"><summary class=\"wp-block-themeisle-blocks-accordion-item__title\"><div><a href=\"https:\/\/b2beeswax.com\/food\/\" data-type=\"page\" data-id=\"390\">Livsmedelsproduktion<\/a><\/div><\/summary><div class=\"wp-block-themeisle-blocks-accordion-item__content\"><figure class=\"wp-block-image size-full\"><a href=\"https:\/\/b2beeswax.com\/food\/\"><img loading=\"lazy\" decoding=\"async\" width=\"862\" height=\"340\" src=\"https:\/\/b2beeswax.com\/wp-content\/uploads\/2024\/01\/fruit-cut-1.jpg\" alt=\"\" class=\"wp-image-430\" srcset=\"https:\/\/voksgrossisten.com\/wp-content\/uploads\/2024\/01\/fruit-cut-1.jpg 862w, https:\/\/voksgrossisten.com\/wp-content\/uploads\/2024\/01\/fruit-cut-1-300x118.jpg 300w, https:\/\/voksgrossisten.com\/wp-content\/uploads\/2024\/01\/fruit-cut-1-768x303.jpg 768w\" sizes=\"auto, (max-width: 862px) 100vw, 862px\" \/><\/a><\/figure>\n\n<p>Bivax \u00e4r \u00e4tbart och \u00e4ven om det inte ger verkligt n\u00e4ringsv\u00e4rde, dess egenskaper och antibakteriella natur g\u00f6r det till en perfekt bel\u00e4ggning f\u00f6r m\u00e5nga typer av frukt och gr\u00f6nsaker, vilket f\u00f6rb\u00e4ttrar det \u00f6vergripande utseendet, fr\u00e4sch\u00f6ren och livsl\u00e4ngden. Det anv\u00e4nds ocks\u00e5 av k\u00e4nda kockar \u00f6ver hela v\u00e4rlden i matlagning som glasyr f\u00f6r k\u00f6tt eller godis. V\u00e5rt bivax \u00e4r godk\u00e4nt f\u00f6r m\u00e4nsklig konsumtion och f\u00f6ljer EU-standarden E901, vilket garanterar s\u00e4ker anv\u00e4ndning som livsmedelstillsats.<\/p><\/div><\/details>\n\n<details class=\"wp-block-themeisle-blocks-accordion-item\"><summary class=\"wp-block-themeisle-blocks-accordion-item__title\"><div><a href=\"https:\/\/b2beeswax.com\/cosmetics\/\" data-type=\"page\" data-id=\"73\">Kosmetika<\/a><\/div><\/summary><div class=\"wp-block-themeisle-blocks-accordion-item__content\"><figure class=\"wp-block-image size-full\"><a href=\"https:\/\/b2beeswax.com\/cosmetics\/\"><img loading=\"lazy\" decoding=\"async\" width=\"862\" height=\"340\" src=\"https:\/\/b2beeswax.com\/wp-content\/uploads\/2024\/01\/lip-balm-cut-1.png\" alt=\"\" class=\"wp-image-480\" srcset=\"https:\/\/voksgrossisten.com\/wp-content\/uploads\/2024\/01\/lip-balm-cut-1.png 862w, https:\/\/voksgrossisten.com\/wp-content\/uploads\/2024\/01\/lip-balm-cut-1-300x118.png 300w, https:\/\/voksgrossisten.com\/wp-content\/uploads\/2024\/01\/lip-balm-cut-1-768x303.png 768w\" sizes=\"auto, (max-width: 862px) 100vw, 862px\" \/><\/a><\/figure>\n\n<p>Som en naturlig ingrediens anv\u00e4nds bivax i m\u00e5nga kosmetiska produkter som rouge, \u00f6gonskugga, l\u00e4ppglans, l\u00e4ppbalsam och fuktkr\u00e4mer. Vi erbjuder h\u00f6gkvalitativa bivaxpastiller som en kosmetisk ingrediens b\u00e5de i naturligt gult (cera flava) och blekt i vit f\u00e4rg (cera alba) b\u00e5de som vanlig och premiumkvalitet med kontrollerade bek\u00e4mpningsmedelsrester f\u00f6r att undvika migration till kosmetiska produkter. <\/p><\/div><\/details>\n\n<details class=\"wp-block-themeisle-blocks-accordion-item\"><summary class=\"wp-block-themeisle-blocks-accordion-item__title\"><div><a href=\"https:\/\/b2beeswax.com\/pharma\/\" data-type=\"page\" data-id=\"75\">Pharma<\/a><\/div><\/summary><div class=\"wp-block-themeisle-blocks-accordion-item__content\"><figure class=\"wp-block-image size-full\"><a href=\"https:\/\/b2beeswax.com\/pharma\/\"><img loading=\"lazy\" decoding=\"async\" width=\"862\" height=\"340\" src=\"https:\/\/b2beeswax.com\/wp-content\/uploads\/2024\/01\/pharma-cut-1.jpg\" alt=\"\" class=\"wp-image-448\" srcset=\"https:\/\/voksgrossisten.com\/wp-content\/uploads\/2024\/01\/pharma-cut-1.jpg 862w, https:\/\/voksgrossisten.com\/wp-content\/uploads\/2024\/01\/pharma-cut-1-300x118.jpg 300w, https:\/\/voksgrossisten.com\/wp-content\/uploads\/2024\/01\/pharma-cut-1-768x303.jpg 768w\" sizes=\"auto, (max-width: 862px) 100vw, 862px\" \/><\/a><\/figure>\n\n<p>Dess v\u00e4lg\u00f6rande antibakteriella och antioxiderande egenskaper g\u00f6r bivax till en v\u00e4rdefull ingrediens i olika farmaceutiska produkter. Vi erbjuder Ph. Eur. bivax av kvalitet som g\u00f6r utm\u00e4rkta emulsioner och anv\u00e4nds i hj\u00e4lp\u00e4mnesbasen f\u00f6r farmaceutiska kr\u00e4mer och salvor och som en komponent i medicinska formuleringar som hydrogeler, dressingar och pastor. <\/p><\/div><\/details>\n\n<details class=\"wp-block-themeisle-blocks-accordion-item\"><summary class=\"wp-block-themeisle-blocks-accordion-item__title\"><div><a href=\"https:\/\/b2beeswax.com\/beekeeping\/\" data-type=\"page\" data-id=\"386\">Biodling<\/a><\/div><\/summary><div class=\"wp-block-themeisle-blocks-accordion-item__content\"><figure class=\"wp-block-image size-full\"><a href=\"https:\/\/b2beeswax.com\/beekeeping\/\"><img loading=\"lazy\" decoding=\"async\" width=\"862\" height=\"340\" src=\"https:\/\/b2beeswax.com\/wp-content\/uploads\/2024\/01\/foundation-cut-1.png\" alt=\"\" class=\"wp-image-477\" srcset=\"https:\/\/voksgrossisten.com\/wp-content\/uploads\/2024\/01\/foundation-cut-1.png 862w, https:\/\/voksgrossisten.com\/wp-content\/uploads\/2024\/01\/foundation-cut-1-300x118.png 300w, https:\/\/voksgrossisten.com\/wp-content\/uploads\/2024\/01\/foundation-cut-1-768x303.png 768w\" sizes=\"auto, (max-width: 862px) 100vw, 862px\" \/><\/a><\/figure>\n\n<p>Att endast anv\u00e4nda bra och kvalitetsgodk\u00e4nda bivaxfundament vid \u00f6kande koloniantal \u00e4r av yttersta vikt i modern biodling f\u00f6r att h\u00e5lla den interna bivaxcykeln ren. Medan m\u00e5nga leverant\u00f6rer erbjuder och marknadsf\u00f6r bivax av industriell kvalitet f\u00f6r biodling, s\u00e4ljer vi bara partier som \u00e4r 100 % rent bivax med kontrollerade niv\u00e5er av bek\u00e4mpningsmedel och analytiska rapporter fr\u00e5n ackrediterade laboratorier.   <\/p><\/div><\/details><\/div><div class=\"wp-block-columns alignwide is-layout-flex wp-container-core-columns-is-layout-28f84493 wp-block-columns-is-layout-flex\"><div class=\"wp-block-column is-layout-flow wp-block-column-is-layout-flow\" style=\"flex-basis:100%\"><p>Rent bivax \u00e4r en s\u00e4llsynt produkt och utg\u00f6r endast mellan 2 \u2013 8 % av honungen som produceras i en bikupa, beroende p\u00e5 vilken biodlingsteknik som anv\u00e4nds. Men allt bivax \u00e4r inte av samma kvalitet: de behandlingar som en biodlare anv\u00e4nder f\u00f6r att h\u00e5lla bina friska har en viktig inverkan p\u00e5 resterna som kan vandra in i vaxet och den omfattande anv\u00e4ndningen av bek\u00e4mpningsmedel, insekticider och fungicider g\u00f6r det sv\u00e5rt att hitta bivax. som inte inneh\u00e5ller sp\u00e5r av vissa av dessa medel. <br>P\u00e5 grund av dessa skillnader och saknade kvalitetsstandarder f\u00f6r bivax i m\u00e5nga branscher \u00e4r det viktigt att veta vilken vaxtyp och vilket ursprung som \u00e4r b\u00e4st att anv\u00e4nda f\u00f6r ett specifikt \u00e4ndam\u00e5l. <br><br>Kontakta oss g\u00e4rna, vi har den erfarenhet och expertis som kr\u00e4vs f\u00f6r att svara p\u00e5 dina fr\u00e5gor och ser fram emot att h\u00f6ra fr\u00e5n dig. <\/p><\/div><\/div><div class=\"wp-block-columns is-layout-flex wp-container-core-columns-is-layout-28f84493 wp-block-columns-is-layout-flex\"><div class=\"wp-block-column is-layout-flow wp-block-column-is-layout-flow\" style=\"flex-basis:100%\"><\/div><\/div>","protected":false},"excerpt":{"rendered":"<p>Beeswax is a secretion produced by young honey bees (Apis mellifera) and the foundation of every beehive. When newly produced, beeswax is light yellow in color but over time it darkens to a golden yellow. Due to contact with propolis and brood it can also turn brown with time which is why natural beeswax comes [&hellip;]<\/p>","protected":false},"author":1,"featured_media":0,"parent":0,"menu_order":0,"comment_status":"closed","ping_status":"closed","template":"","meta":{"_themeisle_gutenberg_block_has_review":false,"_ti_tpc_template_sync":false,"_ti_tpc_template_id":"","footnotes":""},"class_list":["post-50","page","type-page","status-publish","hentry"],"_links":{"self":[{"href":"https:\/\/voksgrossisten.com\/sv\/wp-json\/wp\/v2\/pages\/50","targetHints":{"allow":["GET"]}}],"collection":[{"href":"https:\/\/voksgrossisten.com\/sv\/wp-json\/wp\/v2\/pages"}],"about":[{"href":"https:\/\/voksgrossisten.com\/sv\/wp-json\/wp\/v2\/types\/page"}],"author":[{"embeddable":true,"href":"https:\/\/voksgrossisten.com\/sv\/wp-json\/wp\/v2\/users\/1"}],"replies":[{"embeddable":true,"href":"https:\/\/voksgrossisten.com\/sv\/wp-json\/wp\/v2\/comments?post=50"}],"version-history":[{"count":39,"href":"https:\/\/voksgrossisten.com\/sv\/wp-json\/wp\/v2\/pages\/50\/revisions"}],"predecessor-version":[{"id":1030,"href":"https:\/\/voksgrossisten.com\/sv\/wp-json\/wp\/v2\/pages\/50\/revisions\/1030"}],"wp:attachment":[{"href":"https:\/\/voksgrossisten.com\/sv\/wp-json\/wp\/v2\/media?parent=50"}],"curies":[{"name":"wp","href":"https:\/\/api.w.org\/{rel}","templated":true}]}}