{"id":71,"date":"2023-11-16T14:20:42","date_gmt":"2023-11-16T14:20:42","guid":{"rendered":"http:\/\/voksgrossisten.com\/?page_id=71"},"modified":"2024-01-12T09:35:13","modified_gmt":"2024-01-12T09:35:13","slug":"background","status":"publish","type":"page","link":"https:\/\/voksgrossisten.com\/sv\/background\/","title":{"rendered":"Background"},"content":{"rendered":"<h3 class=\"wp-block-heading alignwide\">En skandinavisk biodlingshistoria...<\/h3><div id=\"wp-block-themeisle-blocks-slider-92416561\" class=\"wp-block-themeisle-blocks-slider alignwide glide\" data-per-view=\"1\" data-gap=\"0\" data-peek=\"0\" data-autoplay=\"true\" data-height=\"300px\" data-hide-arrows=\"false\"><div class=\"glide__track\" data-glide-el=\"track\"><div class=\"glide__slides\"><div class=\"wp-block-themeisle-blocks-slider-item-wrapper glide__slide\" tabindex=\"0\"><figure><img decoding=\"async\" class=\"wp-block-themeisle-blocks-slider-item\" src=\"http:\/\/voksgrossisten.com\/wp-content\/uploads\/2023\/12\/SwientyBygning.png\" alt=\"\" title=\"\" data-id=\"353\"\/><\/figure><\/div><div class=\"wp-block-themeisle-blocks-slider-item-wrapper glide__slide\" tabindex=\"0\"><figure><img decoding=\"async\" class=\"wp-block-themeisle-blocks-slider-item\" src=\"http:\/\/voksgrossisten.com\/wp-content\/uploads\/2023\/12\/biting_topbanner.jpg\" alt=\"\" title=\"\" data-id=\"346\"\/><\/figure><\/div><div class=\"wp-block-themeisle-blocks-slider-item-wrapper glide__slide\" tabindex=\"0\"><figure><img decoding=\"async\" class=\"wp-block-themeisle-blocks-slider-item\" src=\"http:\/\/voksgrossisten.com\/wp-content\/uploads\/2023\/12\/Honningforarbejdning_topbanner.jpg\" alt=\"\" title=\"\" data-id=\"347\"\/><\/figure><\/div><div class=\"wp-block-themeisle-blocks-slider-item-wrapper glide__slide\" tabindex=\"0\"><figure><img decoding=\"async\" class=\"wp-block-themeisle-blocks-slider-item\" src=\"http:\/\/voksgrossisten.com\/wp-content\/uploads\/2023\/12\/Honninghost-topbanner.jpg\" alt=\"\" title=\"\" data-id=\"348\"\/><\/figure><\/div><div class=\"wp-block-themeisle-blocks-slider-item-wrapper glide__slide\" tabindex=\"0\"><figure><img decoding=\"async\" class=\"wp-block-themeisle-blocks-slider-item\" src=\"http:\/\/voksgrossisten.com\/wp-content\/uploads\/2023\/12\/slider-image-2.jpg\" alt=\"\" title=\"\" data-id=\"349\"\/><\/figure><\/div><div class=\"wp-block-themeisle-blocks-slider-item-wrapper glide__slide\" tabindex=\"0\"><figure><img decoding=\"async\" class=\"wp-block-themeisle-blocks-slider-item\" src=\"http:\/\/voksgrossisten.com\/wp-content\/uploads\/2023\/12\/slider-image-3.jpg\" alt=\"\" title=\"\" data-id=\"350\"\/><\/figure><\/div><div class=\"wp-block-themeisle-blocks-slider-item-wrapper glide__slide\" tabindex=\"0\"><figure><img decoding=\"async\" class=\"wp-block-themeisle-blocks-slider-item\" src=\"http:\/\/voksgrossisten.com\/wp-content\/uploads\/2023\/12\/slider-image-4.jpg\" alt=\"\" title=\"\" data-id=\"351\"\/><\/figure><\/div><div class=\"wp-block-themeisle-blocks-slider-item-wrapper glide__slide\" tabindex=\"0\"><figure><img decoding=\"async\" class=\"wp-block-themeisle-blocks-slider-item\" src=\"http:\/\/voksgrossisten.com\/wp-content\/uploads\/2023\/12\/slider-image-5.jpg\" alt=\"\" title=\"\" data-id=\"352\"\/><\/figure><\/div><\/div><div class=\"glide__bullets\" data-glide-el=\"controls[nav]\"><button class=\"glide__bullet\" data-glide-dir=\"=0\"><\/button><button class=\"glide__bullet\" data-glide-dir=\"=1\"><\/button><button class=\"glide__bullet\" data-glide-dir=\"=2\"><\/button><button class=\"glide__bullet\" data-glide-dir=\"=3\"><\/button><button class=\"glide__bullet\" data-glide-dir=\"=4\"><\/button><button class=\"glide__bullet\" data-glide-dir=\"=5\"><\/button><button class=\"glide__bullet\" data-glide-dir=\"=6\"><\/button><button class=\"glide__bullet\" data-glide-dir=\"=7\"><\/button><\/div><\/div><\/div><div class=\"wp-block-columns alignwide is-layout-flex wp-container-core-columns-is-layout-28f84493 wp-block-columns-is-layout-flex\"><div class=\"wp-block-column is-layout-flow wp-block-column-is-layout-flow\" style=\"flex-basis:100%\"><p>Ryggraden i Voksgrossisten \u00e4r n\u00e4tverket, erfarenheten och expertisen hos Swienty A\/S och Swienty Commodities ApS, tv\u00e5 internationellt v\u00e4lk\u00e4nda akt\u00f6rer inom biodlingsbranschen som har levererat premiumprodukter till biodlare och n\u00e4rst\u00e5ende f\u00f6retag i decennier. Swienty A\/S, grundat 1981 som ett litet hobbyf\u00f6retag av ingenj\u00f6ren Bernhard Swienty, har sedan dess utvecklats till att leverera sm\u00e5- och storskaliga fyllningslinjer och maskiner \u00f6ver hela v\u00e4rlden. <\/p><\/div><\/div><div class=\"wp-block-columns alignfull is-layout-flex wp-container-core-columns-is-layout-28f84493 wp-block-columns-is-layout-flex\"><div class=\"wp-block-column is-layout-flow wp-block-column-is-layout-flow\"><p class=\"has-text-align-center has-ti-bg-color has-ti-bg-inv-background-color has-text-color has-background has-link-color has-medium-font-size wp-elements-6c1af3488ebd55354347242e72adf2aa\" style=\"padding-top:var(--wp--preset--spacing--30);padding-bottom:var(--wp--preset--spacing--30)\">Swienty A\/S grundades 1981 i Danmark<\/p><\/div><\/div><div class=\"wp-block-media-text alignwide is-stacked-on-mobile\" style=\"grid-template-columns:19% auto\"><figure class=\"wp-block-media-text__media\"><img loading=\"lazy\" decoding=\"async\" width=\"600\" height=\"600\" src=\"http:\/\/voksgrossisten.com\/wp-content\/uploads\/2023\/11\/DAM1000-nobg.png\" alt=\"\" class=\"wp-image-178 size-full\" srcset=\"https:\/\/voksgrossisten.com\/wp-content\/uploads\/2023\/11\/DAM1000-nobg.png 600w, https:\/\/voksgrossisten.com\/wp-content\/uploads\/2023\/11\/DAM1000-nobg-300x300.png 300w, https:\/\/voksgrossisten.com\/wp-content\/uploads\/2023\/11\/DAM1000-nobg-150x150.png 150w\" sizes=\"auto, (max-width: 600px) 100vw, 600px\" \/><\/figure><div class=\"wp-block-media-text__content\"><p>Med fokus p\u00e5 v\u00e4rme- och fyllningsteknik producerar och utvecklar Swienty i S\u00f8nderborg, en dynamisk stad n\u00e4ra den dansk-tyska gr\u00e4nsen. F\u00f6retagets framg\u00e5ng \u00e4r baserad p\u00e5 nyckelelementen som definierar Swientys produkter: innovation, kvalitet, m\u00e5ngsidighet och anv\u00e4ndbarhet.<\/p><\/div><\/div><div class=\"wp-block-media-text alignwide has-media-on-the-right is-stacked-on-mobile\" style=\"grid-template-columns:auto 22%\"><div class=\"wp-block-media-text__content\"><p class=\"has-text-align-left\">Som regelbunden utst\u00e4llare av handels- och biodlingsutst\u00e4llningar har Swienty bl.a. vann flera guldmedaljer p\u00e5 Apimondia och \u00e4r idag k\u00e4nd inom biodlingssektorn, inte bara f\u00f6r kvaliteten och livsl\u00e4ngden p\u00e5 sina produkter utan ocks\u00e5 f\u00f6r den professionella servicen som g\u00f6r det m\u00f6jligt f\u00f6r kunder \u00f6ver hela v\u00e4rlden att planera och h\u00e5lla ig\u00e5ng sin produktion.<\/p><\/div><figure class=\"wp-block-media-text__media\"><img loading=\"lazy\" decoding=\"async\" width=\"600\" height=\"600\" src=\"http:\/\/voksgrossisten.com\/wp-content\/uploads\/2023\/11\/ImageHandler-nobg.png\" alt=\"\" class=\"wp-image-180 size-full\" srcset=\"https:\/\/voksgrossisten.com\/wp-content\/uploads\/2023\/11\/ImageHandler-nobg.png 600w, https:\/\/voksgrossisten.com\/wp-content\/uploads\/2023\/11\/ImageHandler-nobg-300x300.png 300w, https:\/\/voksgrossisten.com\/wp-content\/uploads\/2023\/11\/ImageHandler-nobg-150x150.png 150w\" sizes=\"auto, (max-width: 600px) 100vw, 600px\" \/><\/figure><\/div><div class=\"wp-block-columns alignfull is-layout-flex wp-container-core-columns-is-layout-28f84493 wp-block-columns-is-layout-flex\"><div class=\"wp-block-column is-layout-flow wp-block-column-is-layout-flow\" style=\"flex-basis:100%\"><p class=\"has-text-align-center has-ti-bg-color has-ti-bg-inv-background-color has-text-color has-background has-link-color has-medium-font-size wp-elements-9b9db0215e57c18a057274ac992dbe1e\" style=\"padding-top:var(--wp--preset--spacing--30);padding-bottom:var(--wp--preset--spacing--30)\">Swienty Commodities ApS grundades 2013 f\u00f6r att stabilisera den danska honungsmarknaden<\/p><\/div><\/div><div class=\"wp-block-media-text alignwide is-stacked-on-mobile\" style=\"grid-template-columns:43% auto\"><figure class=\"wp-block-media-text__media\"><img loading=\"lazy\" decoding=\"async\" width=\"676\" height=\"441\" src=\"https:\/\/b2beeswax.com\/wp-content\/uploads\/2024\/01\/DRUMS-CUT-2.png\" alt=\"\" class=\"wp-image-437 size-full\" srcset=\"https:\/\/voksgrossisten.com\/wp-content\/uploads\/2024\/01\/DRUMS-CUT-2.png 676w, https:\/\/voksgrossisten.com\/wp-content\/uploads\/2024\/01\/DRUMS-CUT-2-300x196.png 300w\" sizes=\"auto, (max-width: 676px) 100vw, 676px\" \/><\/figure><div class=\"wp-block-media-text__content\"><p>Swienty Commodities ApS grundades 2013 som ett dotterbolag till Swienty A\/S med syftet att exportera dansk honung f\u00f6r att stabilisera honungspriserna i Danmark. Baserat p\u00e5 detta m\u00e5l ut\u00f6kades omfattningen snabbt till andra biodlingsrelaterade produkter och idag erbjuder Swienty Commodities inte bara dansk honung utan \u00e4ven poly- och monofloral honung i bulk fr\u00e5n hela Europa. Under \u00e5rens lopp blev det att k\u00f6pa bivax av h\u00f6g kvalitet alltmer en passion och flyttade f\u00f6retagets fokus i en ny riktning. <\/p><\/div><\/div><div class=\"wp-block-media-text alignwide has-media-on-the-right is-stacked-on-mobile\" style=\"grid-template-columns:auto 25%\"><div class=\"wp-block-media-text__content\"><p>Det omfattande n\u00e4tverket av biodlare, distribut\u00f6rer och projektpartners gjorde det m\u00f6jligt f\u00f6r Swienty Commodities att k\u00f6pa verkligt bek\u00e4mpningsmedelsfritt och organiskt bivax i mycket avl\u00e4gsna och skyddade omr\u00e5den, en knapp och mycket eftertraktad resurs i en v\u00e4rld som i allt h\u00f6gre grad \u00e4r beroende av insekticider, fungicider och herbicider f\u00f6r att producera mat . Tack vare sin unika leverant\u00f6rskedja kunde Swienty snabbt etablera sig som en stor import\u00f6r och leverant\u00f6r av h\u00f6gkvalitativt bivax i bulk p\u00e5 och till den europeiska marknaden och fungerar idag som r\u00e5varuleverant\u00f6r till Voksgrossisten som erbjuder bearbetat bivax f\u00f6r olika industrier och applikationer.  <\/p><\/div><figure class=\"wp-block-media-text__media\"><img loading=\"lazy\" decoding=\"async\" width=\"300\" height=\"453\" src=\"https:\/\/b2beeswax.com\/wp-content\/uploads\/2024\/01\/bienenwachs-cut-copy.jpg\" alt=\"\" class=\"wp-image-471 size-full\" srcset=\"https:\/\/voksgrossisten.com\/wp-content\/uploads\/2024\/01\/bienenwachs-cut-copy.jpg 300w, https:\/\/voksgrossisten.com\/wp-content\/uploads\/2024\/01\/bienenwachs-cut-copy-199x300.jpg 199w\" sizes=\"auto, (max-width: 300px) 100vw, 300px\" \/><\/figure><\/div>","protected":false},"excerpt":{"rendered":"<p>A scandinavian beekeeping story&#8230; The backbone of Voksgrossisten is the network, experience and expertise of Swienty A\/S and Swienty Commodities ApS, two internationally well-known actors in the beekeeping industry that have supplied premium products to beekeepers and related businesses for decades. Swienty A\/S, founded in 1981 as a small hobby business by the engineer Bernhard [&hellip;]<\/p>","protected":false},"author":1,"featured_media":0,"parent":0,"menu_order":0,"comment_status":"closed","ping_status":"closed","template":"","meta":{"_themeisle_gutenberg_block_has_review":false,"_ti_tpc_template_sync":false,"_ti_tpc_template_id":"","footnotes":""},"class_list":["post-71","page","type-page","status-publish","hentry"],"_links":{"self":[{"href":"https:\/\/voksgrossisten.com\/sv\/wp-json\/wp\/v2\/pages\/71","targetHints":{"allow":["GET"]}}],"collection":[{"href":"https:\/\/voksgrossisten.com\/sv\/wp-json\/wp\/v2\/pages"}],"about":[{"href":"https:\/\/voksgrossisten.com\/sv\/wp-json\/wp\/v2\/types\/page"}],"author":[{"embeddable":true,"href":"https:\/\/voksgrossisten.com\/sv\/wp-json\/wp\/v2\/users\/1"}],"replies":[{"embeddable":true,"href":"https:\/\/voksgrossisten.com\/sv\/wp-json\/wp\/v2\/comments?post=71"}],"version-history":[{"count":41,"href":"https:\/\/voksgrossisten.com\/sv\/wp-json\/wp\/v2\/pages\/71\/revisions"}],"predecessor-version":[{"id":475,"href":"https:\/\/voksgrossisten.com\/sv\/wp-json\/wp\/v2\/pages\/71\/revisions\/475"}],"wp:attachment":[{"href":"https:\/\/voksgrossisten.com\/sv\/wp-json\/wp\/v2\/media?parent=71"}],"curies":[{"name":"wp","href":"https:\/\/api.w.org\/{rel}","templated":true}]}}