{"id":75,"date":"2023-11-16T14:21:26","date_gmt":"2023-11-16T14:21:26","guid":{"rendered":"http:\/\/voksgrossisten.com\/?page_id=75"},"modified":"2024-02-20T12:22:09","modified_gmt":"2024-02-20T12:22:09","slug":"pharma","status":"publish","type":"page","link":"https:\/\/voksgrossisten.com\/sv\/pharma\/","title":{"rendered":"Pharma"},"content":{"rendered":"<h3 class=\"wp-block-heading\">Ph. Eur. Pharma Bivax<\/h3><figure class=\"wp-block-image size-full has-custom-border\"><img loading=\"lazy\" decoding=\"async\" width=\"862\" height=\"340\" src=\"https:\/\/b2beeswax.com\/wp-content\/uploads\/2024\/01\/pharma-cut-1-1.jpg\" alt=\"\" class=\"has-border-color wp-image-498\" style=\"border-color:#FFFFFF;border-radius:6px\" srcset=\"https:\/\/voksgrossisten.com\/wp-content\/uploads\/2024\/01\/pharma-cut-1-1.jpg 862w, https:\/\/voksgrossisten.com\/wp-content\/uploads\/2024\/01\/pharma-cut-1-1-300x118.jpg 300w, https:\/\/voksgrossisten.com\/wp-content\/uploads\/2024\/01\/pharma-cut-1-1-768x303.jpg 768w\" sizes=\"auto, (max-width: 862px) 100vw, 862px\" \/><\/figure><p>V\u00e5rt bivax av Ph. Eur \u00e4r en komplex blandning av ca 70% icke-glyceridestrar (C38-&gt;C62), ca 12-15% fettsyror (C16-C36) och ca. C21-C35). Den kan anv\u00e4ndas i farmaceutiska applikationer s\u00e5v\u00e4l som i hela sortimentet av kosmetiska produkter, till exempel i W\/O och O\/W formuleringar, stickor, salvor, smink, h\u00e5rv\u00e5rdsprodukter etc. <br>F\u00f6rdelar med att anv\u00e4nda bivax \u00e4r en utm\u00e4rkt emulgerbarhet, h\u00f6g bindningsstyrka, uttalad plasticitet, en relativt l\u00e5g sm\u00e4ltpunkt och dess mycket ocklusiva karakt\u00e4r. I pinnar f\u00f6rb\u00e4ttrar bivax struktur, fasthet, vidh\u00e4ftning, oljeretention och m\u00f6gelsl\u00e4pp. I emulsioner fungerar bivax som konsistensregulator och som (sam)emulgeringsmedel och bidrar till hudk\u00e4nsla, mjukg\u00f6rande, barri\u00e4rfunktion och utseende. Kompatibiliteten av detta bivax med andra vaxer \u00e4r utm\u00e4rkt. <\/p><h4 class=\"wp-block-heading\">Applikationer<\/h4><p>Kosmetika: Kr\u00e4mer, lotioner, solv\u00e5rd, smink, h\u00e5rv\u00e5rd, sticks<\/p><p>Pharma : Tabletter (l\u00e4kemedel), kr\u00e4mer, salvor, suppositorier med kontrollerad fris\u00e4ttning<\/p><div id=\"wp-block-themeisle-blocks-advanced-columns-312c5eb6\" class=\"wp-block-themeisle-blocks-advanced-columns has-1-columns has-desktop-equal-layout has-tablet-equal-layout has-mobile-equal-layout has-vertical-unset\"><div class=\"wp-block-themeisle-blocks-advanced-columns-overlay\"><\/div><div class=\"innerblocks-wrap\"><div id=\"wp-block-themeisle-blocks-advanced-column-f0ead85d\" class=\"wp-block-themeisle-blocks-advanced-column\"><figure class=\"wp-block-table is-style-regular\"><table><tbody><tr bgcolor=\"#232D49\"; style=\"color:#FFFFFF\"><td>Specifications<\/td><td><\/td><td>Method<\/td><\/tr><tr><td>Drop melting point (\u00b0C)<\/td><td>61 &#8211; 66<\/td><td>Ph. Eur. Beeswax<\/td><\/tr><tr><td>Acid value (mg KOH\/g)<\/td><td>17,0 &#8211; 22,0<\/td><td>Ph. Eur. Beeswax<\/td><\/tr><tr><td>Ester value (mg KOH\/g)<\/td><td>72 &#8211; 80<\/td><td>Ph. Eur. Beeswax<\/td><\/tr><tr><td>Saponification value (mg KOH\/g)<\/td><td>89 &#8211; 98<\/td><td>Ph. Eur. Beeswax<\/td><\/tr><tr><td>Ceresin, Paraffins and certain other waxes<\/td><td>Conforms<\/td><td>Ph. Eur. Beeswax<\/td><\/tr><tr><td>Glycerol and other polyols<\/td><td>&lt; 0,5% m\/m, calculated as glycerol or conforms<\/td><td>Ph. Eur. Beeswax<\/td><\/tr><tr><td>Ph. Eur. 10th edition<\/td><td>Conforms<\/td><td><\/td><\/tr><\/tbody><\/table><\/figure><\/div><\/div><\/div><p>F\u00f6lj den h\u00e4r <a href=\"https:\/\/www.swienty.com\/pl\/New-Products_437014.aspx\" data-type=\"link\" data-id=\"https:\/\/www.swienty.com\/pl\/New-Products_437014.aspx\">link<\/a> till v\u00e5r butik f\u00f6r att hitta v\u00e5ra aktuella erbjudanden f\u00f6r bivax av pharma-kvalitet.<\/p>","protected":false},"excerpt":{"rendered":"<p>Ph. Eur grade beeswax Our Ph. Eur. grade beeswax is a complex mixture of ca. 70 % non-glyceride esters (C38-&gt;C62), ca. 12-15 % fatty acids (C16-C36) and ca. 12-16 % paraffinic hydrocarbons (C21-C35). It can be used in pharmaceutical applications as well as in the entire range of cosmetic products, for example in W\/O and [&hellip;]<\/p>","protected":false},"author":1,"featured_media":0,"parent":0,"menu_order":0,"comment_status":"closed","ping_status":"closed","template":"","meta":{"_themeisle_gutenberg_block_has_review":false,"_ti_tpc_template_sync":false,"_ti_tpc_template_id":"","footnotes":""},"class_list":["post-75","page","type-page","status-publish","hentry"],"_links":{"self":[{"href":"https:\/\/voksgrossisten.com\/sv\/wp-json\/wp\/v2\/pages\/75","targetHints":{"allow":["GET"]}}],"collection":[{"href":"https:\/\/voksgrossisten.com\/sv\/wp-json\/wp\/v2\/pages"}],"about":[{"href":"https:\/\/voksgrossisten.com\/sv\/wp-json\/wp\/v2\/types\/page"}],"author":[{"embeddable":true,"href":"https:\/\/voksgrossisten.com\/sv\/wp-json\/wp\/v2\/users\/1"}],"replies":[{"embeddable":true,"href":"https:\/\/voksgrossisten.com\/sv\/wp-json\/wp\/v2\/comments?post=75"}],"version-history":[{"count":13,"href":"https:\/\/voksgrossisten.com\/sv\/wp-json\/wp\/v2\/pages\/75\/revisions"}],"predecessor-version":[{"id":578,"href":"https:\/\/voksgrossisten.com\/sv\/wp-json\/wp\/v2\/pages\/75\/revisions\/578"}],"wp:attachment":[{"href":"https:\/\/voksgrossisten.com\/sv\/wp-json\/wp\/v2\/media?parent=75"}],"curies":[{"name":"wp","href":"https:\/\/api.w.org\/{rel}","templated":true}]}}