{"id":655,"date":"2024-05-08T09:24:05","date_gmt":"2024-05-08T09:24:05","guid":{"rendered":"https:\/\/b2beeswax.com\/?post_type=product&#038;p=655"},"modified":"2025-12-01T10:17:17","modified_gmt":"2025-12-01T10:17:17","slug":"white-beeswax-slabs","status":"publish","type":"product","link":"https:\/\/voksgrossisten.com\/sv\/produkt\/white-beeswax-slabs\/","title":{"rendered":"Vitt bivax i block, 20kg"},"content":{"rendered":"<p><span class=\"fontstyle0\">V\u00e5rt vita bivax 10B1030 \u00e4r en ren produkt som erh\u00e5lls fr\u00e5n honungskammar av Apis Mellifera. Den \u00e4r noggrant f\u00f6rfinad, blekt och utan tillsatser. Kompatibiliteten med andra vaxer \u00e4r utm\u00e4rkt och den kan anv\u00e4ndas i kosmetiska produkter eller industriella applikationer. Det \u00e4r s\u00e4rskilt v\u00e4l l\u00e4mpat f\u00f6r ljustillverkning och uppfyller helt norm RAL-GZ 041. Det \u00e4r fritt fr\u00e5n sv\u00e4vande \u00e4mnen och brinner som ett ljus av en varm och behaglig l\u00e5ga.<\/span><\/p>\n<p><b>Applikationer<\/b><\/p>\n<p><span class=\"fontstyle1\">\u2022 konsistenskontroll och grundl\u00e4ggande komponent i industriella formuleringar<br \/>\n\u2022 tillverkning av kyrkljus och konsumentljus<br \/>\n\u2022 komponent i hush\u00e5llsv\u00e5rdsprodukter (m\u00f6belv\u00e5rd, skokr\u00e4m, tr\u00e4vax, l\u00e4derv\u00e5rd etc.)<\/span><\/p>\n<p>&nbsp;<\/p>\n<p><strong>Form och f\u00f6rpackning<\/strong><\/p>\n<p>En artikel i 10B1030 avser 5kg block\/skiva bivax med m\u00e5tten 45cm x 28cm x 5cm.<\/p>\n<p>Der kan v\u00e6re 4 blokke i en papforsendelseskasse med en nettov\u00e6gt p\u00e5 20 kg. En palle med dimensionerne 110 cm x 110 cm holder og en nettov\u00e6gt p\u00e5 1.000 kg og 200 blokke.<\/p>\n<p><span class=\"fontstyle0\"><strong>Dokumentation<\/strong><\/span><\/p>\n<ul>\n<li><a href=\"http:\/\/voksgrossisten.com\/wp-content\/uploads\/2024\/03\/3692-01-Swienty.pdf\" target=\"new\" rel=\"noopener\">PDS 10A2030 Yellow beeswax<\/a><\/li>\n<li><a href=\"http:\/\/voksgrossisten.com\/wp-content\/uploads\/2024\/03\/3692-01-Swienty.pdf\" target=\"new\" rel=\"noopener\">3692-01-Swienty<\/a><\/li>\n<li><a href=\"http:\/\/voksgrossisten.com\/wp-content\/uploads\/2024\/03\/3692-02-Swienty.pdf\" target=\"new\" rel=\"noopener\">3692-02-Swienty<\/a><\/li>\n<li><a href=\"http:\/\/voksgrossisten.com\/wp-content\/uploads\/2024\/03\/P-3692-01-Swienty-Heavy-Metals.pdf\" target=\"new\" rel=\"noopener\">P-3692-01-Swienty-Heavy-Metals<\/a><\/li>\n<\/ul>","protected":false},"excerpt":{"rendered":"<p><span class=\"\">Kartong med 20kg (4x5 kg platta) vitt bivax enligt norm RAL-GZ 041. Rekommenderas f\u00f6r kosmetika, industriella applikationer och ljustillverkning <\/span><\/p>","protected":false},"featured_media":810,"template":"","meta":{"_themeisle_gutenberg_block_has_review":false,"_ti_tpc_template_sync":false,"_ti_tpc_template_id":""},"product_cat":[55,51],"product_tag":[],"class_list":{"0":"post-655","1":"product","2":"type-product","3":"status-publish","4":"has-post-thumbnail","6":"product_cat-cosmetic-grade","7":"product_cat-ral-grade","8":"product_shipping_class-pellet-kartons","10":"first","11":"instock","12":"featured","13":"taxable","14":"shipping-taxable","15":"purchasable","16":"product-type-simple"},"_links":{"self":[{"href":"https:\/\/voksgrossisten.com\/sv\/wp-json\/wp\/v2\/product\/655","targetHints":{"allow":["GET"]}}],"collection":[{"href":"https:\/\/voksgrossisten.com\/sv\/wp-json\/wp\/v2\/product"}],"about":[{"href":"https:\/\/voksgrossisten.com\/sv\/wp-json\/wp\/v2\/types\/product"}],"wp:featuredmedia":[{"embeddable":true,"href":"https:\/\/voksgrossisten.com\/sv\/wp-json\/wp\/v2\/media\/810"}],"wp:attachment":[{"href":"https:\/\/voksgrossisten.com\/sv\/wp-json\/wp\/v2\/media?parent=655"}],"wp:term":[{"taxonomy":"product_cat","embeddable":true,"href":"https:\/\/voksgrossisten.com\/sv\/wp-json\/wp\/v2\/product_cat?post=655"},{"taxonomy":"product_tag","embeddable":true,"href":"https:\/\/voksgrossisten.com\/sv\/wp-json\/wp\/v2\/product_tag?post=655"}],"curies":[{"name":"wp","href":"https:\/\/api.w.org\/{rel}","templated":true}]}}