{"id":738,"date":"2024-05-16T12:03:20","date_gmt":"2024-05-16T12:03:20","guid":{"rendered":"https:\/\/b2beeswax.com\/?post_type=product&#038;p=738"},"modified":"2025-12-04T09:16:08","modified_gmt":"2025-12-04T09:16:08","slug":"yellow-food-beeswax-pellets-20kg","status":"publish","type":"product","link":"https:\/\/voksgrossisten.com\/sv\/produkt\/yellow-food-beeswax-pellets-20kg\/","title":{"rendered":"Gula livsmedelsgodk\u00e4nda bivaxpellets, 20kg"},"content":{"rendered":"<p>V\u00e5rt gula livsmedelsgodk\u00e4nda bivax 60A2030 \u00e4r rent bivax i farmaceutisk kvalitet som erh\u00e5lls fr\u00e5n honungskammar av Apis Mellifera. Den \u00e4r noggrant raffinerad, oblekt och inneh\u00e5ller inget ceresin, fett eller Japanvax.\nKompatibiliteten med andra vaxer \u00e4r utm\u00e4rkt och den kan anv\u00e4ndas i hela sortimentet av kosmetiska produkter och som livsmedelstillsats.<br \/>\nThe compatibility with other waxes is excellent and it can be used in the entire range of cosmetic products and as a food additive.<\/p>\n<p>60A2030 \u00f6verensst\u00e4mmer med f\u00f6rordning (EU) nr 231\/2012 och kan anv\u00e4ndas som livsmedelsingrediens enligt norm E901<\/p>\n<p><strong>Applikationer<\/strong><\/p>\n<ul>\n<li>Fungerar som glaseringsmedel f\u00f6r att f\u00f6rhindra vattenf\u00f6rlust och ger ytskydd f\u00f6r frukter<\/li>\n<li>Anv\u00e4nds som bel\u00e4ggning f\u00f6r ost och vid tillverkning av konfektyr<\/li>\n<li>Anv\u00e4nds vid tillverkning av bivaxdukar f\u00f6r att h\u00e5lla maten fr\u00e4sch<\/li>\n<li>Kan anv\u00e4ndas som sl\u00e4ppmedel vid livsmedelsf\u00f6r\u00e4dling f\u00f6r att f\u00f6rhindra att mat fastnar i m\u00f6gel<\/li>\n<\/ul>\n<p><strong>Dokumentation<\/strong><\/p>\n<ul>\n<li><a href=\"http:\/\/voksgrossisten.com\/wp-content\/uploads\/2024\/05\/PDS-60A2030-Yellow-Food-beeswax.pdf\">PDS 60A2030 Yellow Food beeswax<\/a><\/li>\n<\/ul>","protected":false},"excerpt":{"rendered":"<p>Polystyrenp\u00e5se med 20kg livsmedelsgodk\u00e4nda gula bivaxpellets enligt norm E901. Pelletsen kan anv\u00e4ndas i hela sortimentet av kosmetiska produkter och i livsmedelsproduktion och livsmedelsf\u00f6r\u00e4dling som tillsats.<\/p>","protected":false},"featured_media":717,"template":"","meta":{"_themeisle_gutenberg_block_has_review":false,"_ti_tpc_template_sync":false,"_ti_tpc_template_id":""},"product_cat":[55,53,52],"product_tag":[],"class_list":{"0":"post-738","1":"product","2":"type-product","3":"status-publish","4":"has-post-thumbnail","6":"product_cat-cosmetic-grade","7":"product_cat-e901-food","8":"product_cat-ph-eur","9":"product_shipping_class-pellet-kartons","11":"first","12":"outofstock","13":"taxable","14":"shipping-taxable","15":"purchasable","16":"product-type-simple"},"_links":{"self":[{"href":"https:\/\/voksgrossisten.com\/sv\/wp-json\/wp\/v2\/product\/738","targetHints":{"allow":["GET"]}}],"collection":[{"href":"https:\/\/voksgrossisten.com\/sv\/wp-json\/wp\/v2\/product"}],"about":[{"href":"https:\/\/voksgrossisten.com\/sv\/wp-json\/wp\/v2\/types\/product"}],"wp:featuredmedia":[{"embeddable":true,"href":"https:\/\/voksgrossisten.com\/sv\/wp-json\/wp\/v2\/media\/717"}],"wp:attachment":[{"href":"https:\/\/voksgrossisten.com\/sv\/wp-json\/wp\/v2\/media?parent=738"}],"wp:term":[{"taxonomy":"product_cat","embeddable":true,"href":"https:\/\/voksgrossisten.com\/sv\/wp-json\/wp\/v2\/product_cat?post=738"},{"taxonomy":"product_tag","embeddable":true,"href":"https:\/\/voksgrossisten.com\/sv\/wp-json\/wp\/v2\/product_tag?post=738"}],"curies":[{"name":"wp","href":"https:\/\/api.w.org\/{rel}","templated":true}]}}