{"id":962,"date":"2024-06-14T11:02:22","date_gmt":"2024-06-14T11:02:22","guid":{"rendered":"https:\/\/voksgrossisten.com\/?post_type=product&#038;p=962"},"modified":"2025-12-04T09:16:46","modified_gmt":"2025-12-04T09:16:46","slug":"white-food-grade-beeswax-500kg","status":"publish","type":"product","link":"https:\/\/voksgrossisten.com\/sv\/produkt\/white-food-grade-beeswax-500kg\/","title":{"rendered":"Vita livsmedelsgodk\u00e4nda bivaxpellets, 500kg"},"content":{"rendered":"<p>V\u00e5rt vita livsmedelsgodk\u00e4nda bivax 60B2030 \u00e4r rent bivax i farmaceutisk kvalitet som erh\u00e5lls fr\u00e5n honungskammar av Apis Mellifera. Den \u00e4r noggrant raffinerad, oblekt och inneh\u00e5ller inget ceresin, fett eller Japanvax.\nKompatibiliteten med andra vaxer \u00e4r utm\u00e4rkt och den kan anv\u00e4ndas i hela sortimentet av kosmetiska produkter och som livsmedelstillsats.<br \/>\nThe compatibility with other waxes is excellent and it can be used in the entire range of cosmetic products and as a food additive..<\/p>\n<p>60B2030 \u00f6verensst\u00e4mmer med f\u00f6rordning (EU) nr 231\/2012 och kan anv\u00e4ndas som livsmedelsingrediens enligt norm E901<\/p>\n<p><strong>Applikationer<\/strong><\/p>\n<ul>\n<li>Fungerar som glaseringsmedel f\u00f6r att f\u00f6rhindra vattenf\u00f6rlust och ger ytskydd f\u00f6r frukter<\/li>\n<li>Anv\u00e4nds som bel\u00e4ggning f\u00f6r ost och vid tillverkning av konfektyr<\/li>\n<li>Anv\u00e4nds vid tillverkning av bivaxdukar f\u00f6r att h\u00e5lla maten fr\u00e4sch<\/li>\n<li>Kan anv\u00e4ndas som sl\u00e4ppmedel vid livsmedelsf\u00f6r\u00e4dling f\u00f6r att f\u00f6rhindra att mat fastnar i m\u00f6gel<\/li>\n<\/ul>\n<p><strong>Dokumentation<\/strong><\/p>\n<ul>\n<li><a href=\"http:\/\/voksgrossisten.com\/wp-content\/uploads\/2024\/05\/PDS-60B2030-White-Food-beeswax-1.pdf\" target=\"new\" rel=\"noopener\">PDS 60B2030 White Food beeswax<\/a><\/li>\n<\/ul>","protected":false},"excerpt":{"rendered":"<p>En pall med livsmedelsgodk\u00e4nda vita bivaxpellets enligt norm E901 i 20 kg polystyrenp\u00e5sar. Pelletsen kan anv\u00e4ndas i hela sortimentet av kosmetiska produkter och i livsmedelsproduktion och livsmedelsf\u00f6r\u00e4dling som tillsats.<\/p>","protected":false},"featured_media":718,"template":"","meta":{"_themeisle_gutenberg_block_has_review":false,"_ti_tpc_template_sync":false,"_ti_tpc_template_id":""},"product_cat":[55,53,52],"product_tag":[],"class_list":{"0":"post-962","1":"product","2":"type-product","3":"status-publish","4":"has-post-thumbnail","6":"product_cat-cosmetic-grade","7":"product_cat-e901-food","8":"product_cat-ph-eur","9":"product_shipping_class-palette","11":"first","12":"onbackorder","13":"taxable","14":"shipping-taxable","15":"product-type-simple"},"_links":{"self":[{"href":"https:\/\/voksgrossisten.com\/sv\/wp-json\/wp\/v2\/product\/962","targetHints":{"allow":["GET"]}}],"collection":[{"href":"https:\/\/voksgrossisten.com\/sv\/wp-json\/wp\/v2\/product"}],"about":[{"href":"https:\/\/voksgrossisten.com\/sv\/wp-json\/wp\/v2\/types\/product"}],"wp:featuredmedia":[{"embeddable":true,"href":"https:\/\/voksgrossisten.com\/sv\/wp-json\/wp\/v2\/media\/718"}],"wp:attachment":[{"href":"https:\/\/voksgrossisten.com\/sv\/wp-json\/wp\/v2\/media?parent=962"}],"wp:term":[{"taxonomy":"product_cat","embeddable":true,"href":"https:\/\/voksgrossisten.com\/sv\/wp-json\/wp\/v2\/product_cat?post=962"},{"taxonomy":"product_tag","embeddable":true,"href":"https:\/\/voksgrossisten.com\/sv\/wp-json\/wp\/v2\/product_tag?post=962"}],"curies":[{"name":"wp","href":"https:\/\/api.w.org\/{rel}","templated":true}]}}