{"id":963,"date":"2024-06-14T12:18:02","date_gmt":"2024-06-14T12:18:02","guid":{"rendered":"https:\/\/voksgrossisten.com\/?post_type=product&#038;p=963"},"modified":"2024-06-14T12:18:02","modified_gmt":"2024-06-14T12:18:02","slug":"yellow-pharma-beeswax-pellets-500kg","status":"publish","type":"product","link":"https:\/\/voksgrossisten.com\/sv\/produkt\/yellow-pharma-beeswax-pellets-500kg\/","title":{"rendered":"Gula pharma bivaxpastiller, 500kg"},"content":{"rendered":"<p>V\u00e5rt pharma (EP\/Ph. Eur.) bivax \u00e4r en komplex blandning av ca. 70 % icke-glyceridestrar (C38-&gt;C62), ca. 12-15 % fettsyror (C16-C36) och ca. 12-16 % paraffinkolv\u00e4ten (C21-C35). Den kan anv\u00e4ndas i farmaceutiska applikationer s\u00e5v\u00e4l som i hela sortimentet av kosmetiska produkter, till exempel i W\/O och O\/W formuleringar, stickor, salvor, smink, h\u00e5rv\u00e5rdsprodukter etc.<br \/>\nAdvantages of beeswax are high binding strength, pronounced plasticity, excellent emulsifiability, relatively low melting point, highly occlusive character. In sticks, beeswax improves structure, oil retention, firmness,<br \/>\nadhesion, pay-off and mold release. In emulsions, beeswax functions as a consistency regulator and as a (co)emulsifier and contributes to skin feeling, emollience, barrier function and appearance.<\/p>\n<p>30A2030 \u00f6verensst\u00e4mmer med alla f\u00f6reskrifter och standarder som fastst\u00e4llts av European Pharmacopoeia (Ph. Eur. \u2013 11:e upplagan).<\/p>\n<p><b>Applikationer<\/b><\/p>\n<p><span class=\"fontstyle1\">\u2022 Kr\u00e4mer, lotioner, stickor, solv\u00e5rd, smink, h\u00e5rv\u00e5rd<br \/>\n\u2022 Tabletter (l\u00e4kemedel), salvor, kr\u00e4mer, suppositorier med kontrollerad fris\u00e4ttning<\/span><\/p>\n<p><strong>Form och f\u00f6rpackning<\/strong><\/p>\n<p>Det finns 25 polysyrenp\u00e5sar med bivaxpellets p\u00e5 en pall med m\u00e5tten 110cm x 110cm och en nettovikt p\u00e5 500kg.<\/p>\n<p><strong>Dokumentation<\/strong><\/p>\n<ul>\n<li><a href=\"http:\/\/voksgrossisten.com\/wp-content\/uploads\/2024\/05\/PDS-30A2030-Yellow-Pharma-beeswax-EP.pdf\">PDS 30A2030 Yellow Pharma beeswax EP<\/a><\/li>\n<\/ul>","protected":false},"excerpt":{"rendered":"<p>En pall gula pharma bivaxpellets enligt Ph. Eur. norm i 20kg polystyrenp\u00e5sar. Detta bivax av h\u00f6g kvalitet kan anv\u00e4ndas i farmaceutiska till\u00e4mpningar s\u00e5v\u00e4l som i hela sortimentet av kosmetiska produkter.<\/p>","protected":false},"featured_media":808,"template":"","meta":{"_themeisle_gutenberg_block_has_review":false,"_ti_tpc_template_sync":false,"_ti_tpc_template_id":""},"product_cat":[55,52],"product_tag":[],"class_list":{"0":"post-963","1":"product","2":"type-product","3":"status-publish","4":"has-post-thumbnail","6":"product_cat-cosmetic-grade","7":"product_cat-ph-eur","8":"product_shipping_class-palette","10":"first","11":"instock","12":"taxable","13":"shipping-taxable","14":"product-type-simple"},"_links":{"self":[{"href":"https:\/\/voksgrossisten.com\/sv\/wp-json\/wp\/v2\/product\/963","targetHints":{"allow":["GET"]}}],"collection":[{"href":"https:\/\/voksgrossisten.com\/sv\/wp-json\/wp\/v2\/product"}],"about":[{"href":"https:\/\/voksgrossisten.com\/sv\/wp-json\/wp\/v2\/types\/product"}],"wp:featuredmedia":[{"embeddable":true,"href":"https:\/\/voksgrossisten.com\/sv\/wp-json\/wp\/v2\/media\/808"}],"wp:attachment":[{"href":"https:\/\/voksgrossisten.com\/sv\/wp-json\/wp\/v2\/media?parent=963"}],"wp:term":[{"taxonomy":"product_cat","embeddable":true,"href":"https:\/\/voksgrossisten.com\/sv\/wp-json\/wp\/v2\/product_cat?post=963"},{"taxonomy":"product_tag","embeddable":true,"href":"https:\/\/voksgrossisten.com\/sv\/wp-json\/wp\/v2\/product_tag?post=963"}],"curies":[{"name":"wp","href":"https:\/\/api.w.org\/{rel}","templated":true}]}}