{"id":965,"date":"2024-06-14T12:44:23","date_gmt":"2024-06-14T12:44:23","guid":{"rendered":"https:\/\/voksgrossisten.com\/?post_type=product&#038;p=965"},"modified":"2024-11-26T12:30:18","modified_gmt":"2024-11-26T12:30:18","slug":"cosmos-organic-yellow-beeswax-pellets-900kg","status":"publish","type":"product","link":"https:\/\/voksgrossisten.com\/sv\/produkt\/cosmos-organic-yellow-beeswax-pellets-900kg\/","title":{"rendered":"COSMOS Ekologiska gula bivaxpellets, 900kg"},"content":{"rendered":"<p>V\u00e5rt gula COSMOS ekologiska bivax 50A2020 \u00e4r ett rent bivax av utm\u00e4rkt kvalitet som erh\u00e5lls fr\u00e5n honungskammar av Apis Mellifera. Den \u00e4r noggrant f\u00f6rfinad, oblekt och inneh\u00e5ller ingen form av f\u00f6rfalskning eller onaturliga rester. Den \u00e4r helt fri fr\u00e5n alla bek\u00e4mpningsmedel samt varroacider och certifierad som 100 % ekologisk av Ecocert Greenlife enligt COSMOS-standarden som finns tillg\u00e4nglig p\u00e5 http:\/\/COSMOS.ecocert.com.<\/p>\n<p>Det organiska bivaxet som anv\u00e4nds f\u00f6r att producera dessa pellets kommer fr\u00e5n ett naturreservat i s\u00f6dra Afrika och insamlat fr\u00e5n mer \u00e4n 7 000 biodlare som bor i traditionella byar i skogen. V\u00e5r lokala partner \u00e4r engagerad i att f\u00f6rb\u00e4ttra biodlarnas inkomster p\u00e5 ett h\u00e5llbart s\u00e4tt, h\u00f6ja livskvaliteten och hj\u00e4lpa m\u00e4nniskor att v\u00e4xa sina inkomstk\u00e4llor p\u00e5 landsbygden.<\/p>\n<p>Barkkupor h\u00e5lls i tr\u00e4d och sprids ut \u00f6ver stora avst\u00e5nd s\u00e5 l\u00e5ngt som 50 kilometer. Dessa bikupor kan h\u00e5lla i upp till 20 \u00e5r och f\u00f6rst\u00f6rs eller d\u00f6das inte under sk\u00f6rden utan h\u00e5lls av biodlarna som viktiga och v\u00e4rdefulla djur. Inga antibiotika anv\u00e4nds vid n\u00e5got tillf\u00e4lle i biodlingen och honungssk\u00f6rdsprocessen, och eftersom bina s\u00f6ker f\u00f6da djupt inne i miomboskogarna \u2013 ett omr\u00e5de l\u00e5ngt ifr\u00e5n kommersiellt jordbruk \u2013 \u00e4r den resulterande produkten or\u00f6rd av bek\u00e4mpningsmedel.<\/p>\n<p><b>Applikationer<br \/>\n<\/b><br \/>\n\u2022 Ekologiska kr\u00e4mer, lotioner, sticks, solv\u00e5rd, smink, h\u00e5rv\u00e5rd<br \/>\n\u2022 Tabletter (l\u00e4kemedel), salvor, kr\u00e4mer, suppositorier med kontrollerad fris\u00e4ttning<br \/>\n\u2022 Alla andra applikationer som kr\u00e4ver bivax av h\u00f6gsta kvalitet<\/p>\n<p><strong>Form och f\u00f6rpackning<\/strong><\/p>\n<p>En artikel i 50A2020 avser 25 kg ekologiska bivaxpastiller f\u00f6rpackade i en kartong med m\u00e5tten 47,5 cm x 36 cm x 30 cm. Inuti l\u00e5dan finns en inliner-p\u00e5se gjord av livsmedelsgodk\u00e4nd plast f\u00f6r att undvika spill av pellets. Det finns 36 kartonger med bivaxpellets p\u00e5 en pall med m\u00e5tten 115cm x 115cm och en nettovikt p\u00e5 900kg.<\/p>\n<p><strong>Dokumentation<\/strong><\/p>\n<ul>\n<li><a href=\"http:\/\/voksgrossisten.com\/wp-content\/uploads\/2024\/06\/PDS-50A2020-COSMOS-Organic-beeswax-pellets.pdf\">PDS 50A2020 COSMOS Organic beeswax pellets<\/a><\/li>\n<\/ul>","protected":false},"excerpt":{"rendered":"<p>En pall COSMOS Organiska gula bivaxpellets i 25 kg kartonger. Detta bivax \u00e4r av h\u00f6gsta tillg\u00e4ngliga kvalitet p\u00e5 marknaden och kan inte bara anv\u00e4ndas f\u00f6r kosmetika utan \u00e4ven andra premiumapplikationer med h\u00f6ga kvalitetskrav.<\/p>","protected":false},"featured_media":932,"template":"","meta":{"_themeisle_gutenberg_block_has_review":false,"_ti_tpc_template_sync":false,"_ti_tpc_template_id":""},"product_cat":[55,73,52],"product_tag":[],"class_list":{"0":"post-965","1":"product","2":"type-product","3":"status-publish","4":"has-post-thumbnail","6":"product_cat-cosmetic-grade","7":"product_cat-cosmos-organic","8":"product_cat-ph-eur","9":"product_shipping_class-palette","11":"first","12":"instock","13":"taxable","14":"shipping-taxable","15":"product-type-simple"},"_links":{"self":[{"href":"https:\/\/voksgrossisten.com\/sv\/wp-json\/wp\/v2\/product\/965","targetHints":{"allow":["GET"]}}],"collection":[{"href":"https:\/\/voksgrossisten.com\/sv\/wp-json\/wp\/v2\/product"}],"about":[{"href":"https:\/\/voksgrossisten.com\/sv\/wp-json\/wp\/v2\/types\/product"}],"wp:featuredmedia":[{"embeddable":true,"href":"https:\/\/voksgrossisten.com\/sv\/wp-json\/wp\/v2\/media\/932"}],"wp:attachment":[{"href":"https:\/\/voksgrossisten.com\/sv\/wp-json\/wp\/v2\/media?parent=965"}],"wp:term":[{"taxonomy":"product_cat","embeddable":true,"href":"https:\/\/voksgrossisten.com\/sv\/wp-json\/wp\/v2\/product_cat?post=965"},{"taxonomy":"product_tag","embeddable":true,"href":"https:\/\/voksgrossisten.com\/sv\/wp-json\/wp\/v2\/product_tag?post=965"}],"curies":[{"name":"wp","href":"https:\/\/api.w.org\/{rel}","templated":true}]}}